{"id":54,"date":"2018-05-23T11:20:11","date_gmt":"2018-05-23T11:20:11","guid":{"rendered":"http:\/\/kenozoik.edge-themes.com\/?page_id=54"},"modified":"2022-04-20T17:23:59","modified_gmt":"2022-04-20T14:23:59","slug":"pacientams","status":"publish","type":"page","link":"https:\/\/lexano.eu\/ua\/pacientams\/","title":{"rendered":"\u0414\u043b\u044f \u043f\u0430\u0446\u0456\u0454\u043d\u0442\u0456\u0432"},"content":{"rendered":"<div class=\"vc_row wpb_row vc_row-fluid\" ><div class=\"wpb_column vc_column_container vc_col-sm-12\"><div class=\"vc_column-inner\"><div class=\"wpb_wrapper\"><div class=\"edgtf-elements-holder   edgtf-two-columns  edgtf-responsive-mode-1024\" ><div class=\"edgtf-eh-item\" style=\"background-image: url(https:\/\/lexano.eu\/wp-content\/uploads\/2021\/12\/Kokybe-ir-saugumas_800x800_edit2_1228.jpg)\" data-item-class=\"edgtf-eh-custom-6036\" data-1025-1366=\"40% 0\" data-769-1024=\"28.5% 0 28.5% 0\">\n\t<div class=\"edgtf-eh-item-inner\">\n\t\t<div class=\"edgtf-eh-item-content edgtf-eh-custom-6036\" style=\"padding: 33.5% 0 33.5% 0\">\n\t\t\t\t\t<\/div>\n\t<\/div>\n<\/div><div class=\"edgtf-eh-item\"  data-item-class=\"edgtf-eh-custom-1859\" data-1367-1600=\"0px 10% 30px 10%\" data-1025-1366=\"0px 6% 30px 8%\" data-769-1024=\"11% 20% 14% 21.5%\" data-681-768=\"11% 12% 11% 14%\" data-680=\"50px 10% 50px 17%\">\n\t<div class=\"edgtf-eh-item-inner\">\n\t\t<div class=\"edgtf-eh-item-content edgtf-eh-custom-1859\" style=\"padding: 0px 20% 30px 21.5%\">\n\t\t\t\n\t<div class=\"wpb_text_column wpb_content_element\" >\n\t\t<div class=\"wpb_wrapper\">\n\t\t\t<h2>\u042f\u041a\u0406\u0421\u0422\u042c \u0422\u0410 \u0411\u0415\u0417\u041f\u0415\u041a\u0410<\/h2>\n\n\t\t<\/div>\n\t<\/div>\n<div class=\"vc_empty_space\"   style=\"height: 13px\"><span class=\"vc_empty_space_inner\"><\/span><\/div><div class=\"edgtf-separator-holder clearfix  edgtf-separator-left\">\n\t<div class=\"edgtf-separator\" style=\"border-color: #000000;border-style: solid;width: 66px;border-bottom-width: 4px\"><\/div>\n<\/div>\n\n\t<div class=\"wpb_text_column wpb_content_element\" >\n\t\t<div class=\"wpb_wrapper\">\n\t\t\t<p>\u041c\u0438 \u043f\u0440\u043e\u043f\u043e\u043d\u0443\u0454\u043c\u043e \u0442\u0456\u043b\u044c\u043a\u0438 \u0432\u0438\u0441\u043e\u043a\u043e\u044f\u043a\u0456\u0441\u043d\u0456, \u0441\u0435\u0440\u0442\u0438\u0444\u0456\u043a\u043e\u0432\u0430\u043d\u0456 \u043b\u0456\u043a\u0438, \u044f\u043a\u0456 \u0432\u0456\u0434\u043f\u043e\u0432\u0456\u0434\u0430\u044e\u0442\u044c \u0441\u0442\u0430\u043d\u0434\u0430\u0440\u0442\u0430\u043c \u0431\u0435\u0437\u043f\u0435\u043a\u0438 \u0456 \u0437\u0430\u0441\u0442\u043e\u0441\u043e\u0432\u0443\u044e\u0442\u044c\u0441\u044f \u0434\u043b\u044f \u043b\u0456\u043a\u0443\u0432\u0430\u043d\u043d\u044f \u0442\u0430 \u043f\u0440\u043e\u0444\u0456\u043b\u0430\u043a\u0442\u0438\u043a\u0438 \u0440\u0456\u0437\u043d\u0438\u0445 \u0437\u0430\u0445\u0432\u043e\u0440\u044e\u0432\u0430\u043d\u044c.<\/p>\n\n\t\t<\/div>\n\t<\/div>\n\t\t<\/div>\n\t<\/div>\n<\/div><\/div><\/div><\/div><\/div><\/div><div class=\"vc_row wpb_row vc_row-fluid\" ><div class=\"wpb_column vc_column_container vc_col-sm-12\"><div class=\"vc_column-inner\"><div class=\"wpb_wrapper\"><div class=\"edgtf-elements-holder   edgtf-two-columns  edgtf-responsive-mode-1024\" ><div class=\"edgtf-eh-item\"  data-item-class=\"edgtf-eh-custom-5920\" data-1367-1600=\"0px 10% 30px 10%\" data-1025-1366=\"0px 6% 30px 8%\" data-769-1024=\"0% 20% 14% 21.5%\" data-681-768=\"0% 12% 15% 14%\" data-680=\"0px 10% 80px 17%\">\n\t<div class=\"edgtf-eh-item-inner\">\n\t\t<div class=\"edgtf-eh-item-content edgtf-eh-custom-5920\" style=\"padding: 0px 20% 30px 21.5%\">\n\t\t\t\n\t<div class=\"wpb_text_column wpb_content_element\" >\n\t\t<div class=\"wpb_wrapper\">\n\t\t\t<h2>\u0412\u0418\u0413\u0406\u0414\u041d\u0406 \u0426\u0406\u041d\u0418<\/h2>\n\n\t\t<\/div>\n\t<\/div>\n<div class=\"vc_empty_space\"   style=\"height: 13px\"><span class=\"vc_empty_space_inner\"><\/span><\/div><div class=\"edgtf-separator-holder clearfix  edgtf-separator-left\">\n\t<div class=\"edgtf-separator\" style=\"border-color: #000000;border-style: solid;width: 66px;border-bottom-width: 4px\"><\/div>\n<\/div>\n\n\t<div class=\"wpb_text_column wpb_content_element\" >\n\t\t<div class=\"wpb_wrapper\">\n\t\t\t<p>\u041c\u0438 \u043c\u043e\u0436\u0435\u043c\u043e \u0437\u0430\u043f\u0440\u043e\u043f\u043e\u043d\u0443\u0432\u0430\u0442\u0438 \u043b\u0456\u043a\u0438 \u0437\u0430 \u043d\u0438\u0436\u0447\u043e\u044e \u0446\u0456\u043d\u043e\u044e. \u0417\u0430\u0432\u0434\u044f\u043a\u0438 \u0446\u044c\u043e\u043c\u0443 \u043f\u0430\u0446\u0456\u0454\u043d\u0442\u0438 \u043c\u043e\u0436\u0443\u0442\u044c \u0437\u043c\u0435\u043d\u0448\u0438\u0442\u0438 \u0441\u0432\u043e\u0457 \u0432\u0438\u0442\u0440\u0430\u0442\u0438 \u043d\u0430 \u043b\u0456\u043a\u0443\u0432\u0430\u043d\u043d\u044f. \u041b\u044e\u0434\u0438, \u044f\u043a\u0456 \u0440\u0430\u043d\u0456\u0448\u0435 \u043d\u0435 \u043c\u043e\u0433\u043b\u0438 \u043f\u0440\u0438\u0434\u0431\u0430\u0442\u0438 \u043d\u0430\u0439\u0441\u0443\u0447\u0430\u0441\u043d\u0456\u0448\u0456 \u043b\u0456\u043a\u0438, \u0442\u0435\u043f\u0435\u0440 \u0442\u0430\u043a\u043e\u0436 \u043e\u0442\u0440\u0438\u043c\u0430\u043b\u0438 \u0442\u0430\u043a\u0443 \u043c\u043e\u0436\u043b\u0438\u0432\u0456\u0441\u0442\u044c.<\/p>\n\n\t\t<\/div>\n\t<\/div>\n\t\t<\/div>\n\t<\/div>\n<\/div><div class=\"edgtf-eh-item\" style=\"background-image: url(https:\/\/lexano.eu\/wp-content\/uploads\/2021\/12\/zema_kaina_800x800_1228.jpg)\" data-item-class=\"edgtf-eh-custom-3972\" data-1025-1366=\"40% 0\" data-769-1024=\"28.5% 0 28.5% 0\">\n\t<div class=\"edgtf-eh-item-inner\">\n\t\t<div class=\"edgtf-eh-item-content edgtf-eh-custom-3972\" style=\"padding: 33.5% 0 33.5% 0\">\n\t\t\t\t\t<\/div>\n\t<\/div>\n<\/div><\/div><\/div><\/div><\/div><\/div><div class=\"vc_row wpb_row vc_row-fluid\" ><div class=\"wpb_column vc_column_container vc_col-sm-12\"><div class=\"vc_column-inner\"><div class=\"wpb_wrapper\"><div class=\"edgtf-elements-holder   edgtf-two-columns  edgtf-responsive-mode-1024\" ><div class=\"edgtf-eh-item\" style=\"background-image: url(https:\/\/lexano.eu\/wp-content\/uploads\/2021\/12\/reti_vaistai_800x800_1228.jpg)\" data-item-class=\"edgtf-eh-custom-1323\" data-1025-1366=\"40% 0\" data-769-1024=\"28.5% 0 28.5% 0\">\n\t<div class=\"edgtf-eh-item-inner\">\n\t\t<div class=\"edgtf-eh-item-content edgtf-eh-custom-1323\" style=\"padding: 33.5% 0 33.5% 0\">\n\t\t\t\t\t<\/div>\n\t<\/div>\n<\/div><div class=\"edgtf-eh-item\"  data-item-class=\"edgtf-eh-custom-8189\" data-1367-1600=\"0px 10% 30px 10%\" data-1025-1366=\"0px 6% 30px 8%\" data-769-1024=\"11% 20% 14% 21.5%\" data-681-768=\"11% 12% 11% 14%\" data-680=\"50px 10% 50px 17%\">\n\t<div class=\"edgtf-eh-item-inner\">\n\t\t<div class=\"edgtf-eh-item-content edgtf-eh-custom-8189\" style=\"padding: 0px 20% 30px 21.5%\">\n\t\t\t\n\t<div class=\"wpb_text_column wpb_content_element\" >\n\t\t<div class=\"wpb_wrapper\">\n\t\t\t<h2>\u041f\u041e\u0421\u0422\u0410\u0427\u0410\u041d\u041d\u042f \u041e\u0420\u0424\u0410\u041d\u041d\u0418\u0425 \u041f\u0420\u0415\u041f\u0410\u0420\u0410\u0422\u0406\u0412<\/h2>\n\n\t\t<\/div>\n\t<\/div>\n<div class=\"vc_empty_space\"   style=\"height: 13px\"><span class=\"vc_empty_space_inner\"><\/span><\/div><div class=\"edgtf-separator-holder clearfix  edgtf-separator-left\">\n\t<div class=\"edgtf-separator\" style=\"border-color: #000000;border-style: solid;width: 66px;border-bottom-width: 4px\"><\/div>\n<\/div>\n\n\t<div class=\"wpb_text_column wpb_content_element\" >\n\t\t<div class=\"wpb_wrapper\">\n\t\t\t<p>\u041f\u0440\u0435\u043f\u0430\u0440\u0430\u0442\u0438, \u0437\u0430\u043c\u043e\u0432\u043b\u0435\u043d\u0456 \u0434\u043b\u044f \u043f\u0430\u0446\u0456\u0454\u043d\u0442\u0456\u0432, \u043d\u0430\u0434\u0445\u043e\u0434\u044f\u0442\u044c \u0432\u0456\u0434 \u0443\u043f\u043e\u0432\u043d\u043e\u0432\u0430\u0436\u0435\u043d\u0438\u0445 \u043f\u043e\u0441\u0442\u0430\u0447\u0430\u043b\u044c\u043d\u0438\u043a\u0456\u0432, \u043e\u0431\u0440\u043e\u0431\u043b\u044f\u044e\u0442\u044c\u0441\u044f, \u0437\u0431\u0435\u0440\u0456\u0433\u0430\u044e\u0442\u044c\u0441\u044f \u0442\u0430 \u0442\u0440\u0430\u043d\u0441\u043f\u043e\u0440\u0442\u0443\u044e\u0442\u044c\u0441\u044f \u0432\u0456\u0434\u043f\u043e\u0432\u0456\u0434\u043d\u043e \u0434\u043e \u043d\u0430\u0439\u0432\u0438\u0449\u0438\u0445 \u0441\u0442\u0430\u043d\u0434\u0430\u0440\u0442\u0456\u0432 \u043d\u0430\u0439\u043a\u0440\u0430\u0449\u0438\u0445 \u043f\u0440\u0430\u043a\u0442\u0438\u043a.\u00a0<b>\u041c\u0438 \u043d\u0430\u0434\u0430\u0454\u043c\u043e \u0441\u0435\u0440\u0442\u0438\u0444\u0456\u043a\u0430\u0442\u0438\u00a0<\/b>\u044f\u043a\u043e\u0441\u0442\u0456 \u0442\u0430 \u043f\u043e\u0445\u043e\u0434\u0436\u0435\u043d\u043d\u044f, \u0430 \u0442\u0430\u043a\u043e\u0436 \u043c\u043e\u0436\u043b\u0438\u0432\u0456\u0441\u0442\u044c \u043f\u0440\u043e\u0441\u0442\u0435\u0436\u0443\u0432\u0430\u0442\u0438 \u0434\u0430\u043d\u0456.<\/p>\n<p>\u0417\u0430\u0437\u0432\u0438\u0447\u0430\u0439 \u0434\u043e\u0441\u0442\u0430\u0432\u043a\u0430 \u043e\u0440\u0444\u0430\u043d\u043d\u0438\u0445 \u043f\u0440\u0435\u043f\u0430\u0440\u0430\u0442\u0456\u0432 \u0437\u0430\u0439\u043c\u0430\u0454 10-14 \u0440\u043e\u0431\u043e\u0447\u0438\u0445 \u0434\u043d\u0456\u0432. \u041e\u0434\u043d\u0430\u043a, \u044f\u043a\u0449\u043e \u0447\u0430\u0441 \u043e\u0431\u043c\u0435\u0436\u0435\u043d\u0438\u0439, \u043a\u043e\u043c\u043f\u0430\u043d\u0456\u044f \u00abLexano\u00bb \u043c\u043e\u0436\u0435 \u0434\u043e\u0441\u0442\u0430\u0432\u0438\u0442\u0438 \u043b\u0456\u043a\u0438 \u043f\u0440\u043e\u0442\u044f\u0433\u043e\u043c 2-3 \u0434\u043d\u0456\u0432.<\/p>\n\n\t\t<\/div>\n\t<\/div>\n\t\t<\/div>\n\t<\/div>\n<\/div><\/div><\/div><\/div><\/div><\/div><div class=\"vc_row wpb_row vc_row-fluid\" ><div class=\"wpb_column vc_column_container vc_col-sm-12\"><div class=\"vc_column-inner\"><div class=\"wpb_wrapper\"><div class=\"edgtf-elements-holder   edgtf-two-columns  edgtf-responsive-mode-1024\" ><div class=\"edgtf-eh-item\"  data-item-class=\"edgtf-eh-custom-6839\" data-1367-1600=\"0px 10% 30px 10%\" data-1025-1366=\"0px 6% 30px 8%\" data-769-1024=\"0% 20% 14% 21.5%\" data-681-768=\"0% 12% 15% 14%\" data-680=\"0px 10% 80px 17%\">\n\t<div class=\"edgtf-eh-item-inner\">\n\t\t<div class=\"edgtf-eh-item-content edgtf-eh-custom-6839\" style=\"padding: 0px 20% 30px 21.5%\">\n\t\t\t\n\t<div class=\"wpb_text_column wpb_content_element\" >\n\t\t<div class=\"wpb_wrapper\">\n\t\t\t<h2>\u0428\u0412\u0418\u0414\u041a\u0410 \u0414\u041e\u0421\u0422\u0410\u0412\u041a\u0410<\/h2>\n\n\t\t<\/div>\n\t<\/div>\n<div class=\"vc_empty_space\"   style=\"height: 13px\"><span class=\"vc_empty_space_inner\"><\/span><\/div><div class=\"edgtf-separator-holder clearfix  edgtf-separator-left\">\n\t<div class=\"edgtf-separator\" style=\"border-color: #000000;border-style: solid;width: 66px;border-bottom-width: 4px\"><\/div>\n<\/div>\n\n\t<div class=\"wpb_text_column wpb_content_element\" >\n\t\t<div class=\"wpb_wrapper\">\n\t\t\t<p>\u041c\u0438 \u043f\u043e\u0441\u0442\u0430\u0447\u0430\u0454\u043c\u043e \u043d\u0435\u043e\u0431\u0445\u0456\u0434\u043d\u0456 \u043b\u0456\u043a\u0438 \u043d\u0435\u0433\u0430\u0439\u043d\u043e. \u0414\u043e\u0441\u0442\u0430\u0432\u043a\u0430 \u043f\u0440\u043e\u0442\u044f\u0433\u043e\u043c\u00a0<b>48 \u0433\u043e\u0434\u0438\u043d<\/b> \u0454 \u043d\u0430\u0448\u043e\u044e \u0441\u0442\u0430\u043d\u0434\u0430\u0440\u0442\u043d\u043e\u044e \u043f\u0440\u0430\u043a\u0442\u0438\u043a\u043e\u044e.<\/p>\n\n\t\t<\/div>\n\t<\/div>\n\t\t<\/div>\n\t<\/div>\n<\/div><div class=\"edgtf-eh-item\" style=\"background-image: url(https:\/\/lexano.eu\/wp-content\/uploads\/2021\/12\/greitas_pristatymas_800x800_1228.jpg)\" data-item-class=\"edgtf-eh-custom-9565\" data-1025-1366=\"40% 0\" data-769-1024=\"28.5% 0 28.5% 0\">\n\t<div class=\"edgtf-eh-item-inner\">\n\t\t<div class=\"edgtf-eh-item-content edgtf-eh-custom-9565\" style=\"padding: 33.5% 0 33.5% 0\">\n\t\t\t\t\t<\/div>\n\t<\/div>\n<\/div><\/div><\/div><\/div><\/div><\/div>","protected":false},"excerpt":{"rendered":"Kokyb\u0117 ir saugumas M\u016bs\u0173 asortimente \u2013 tik kokybi\u0161ki, saugumo reikalavimus atitinkantys ir sertifikuoti medikamentai, skirti \u012fvairi\u0173 lig\u0173 gydymui ir prevencijai. Prieinama kaina Lygiagretus vaist\u0173 importas leid\u017eia mums \u017emon\u0117ms pasi\u016blyti tuos pa\u010dius vaistus \u017eemesne kaina. Pigesni vaistai leid\u017eia pacientams suma\u017einti gydymo [...]","protected":false},"author":1,"featured_media":0,"parent":0,"menu_order":0,"comment_status":"closed","ping_status":"closed","template":"full-width.php","meta":{"footnotes":""},"class_list":["post-54","page","type-page","status-publish","hentry"],"yoast_head":"<!-- This site is optimized with the Yoast SEO plugin v22.5 - https:\/\/yoast.com\/wordpress\/plugins\/seo\/ -->\n<title>Pacientams - Lexano<\/title>\n<meta name=\"robots\" content=\"index, follow, max-snippet:-1, max-image-preview:large, max-video-preview:-1\" \/>\n<link rel=\"canonical\" href=\"http:\/\/lexano.eu\/ua\/notre-offre-destinee-aux-patients\/\" \/>\n<meta property=\"og:locale\" content=\"uk_UA\" \/>\n<meta property=\"og:type\" content=\"article\" \/>\n<meta property=\"og:title\" content=\"Pacientams - Lexano\" \/>\n<meta property=\"og:url\" content=\"http:\/\/lexano.eu\/ua\/notre-offre-destinee-aux-patients\/\" \/>\n<meta property=\"og:site_name\" content=\"Lexano\" \/>\n<meta property=\"article:modified_time\" content=\"2022-04-20T14:23:59+00:00\" \/>\n<meta name=\"twitter:card\" content=\"summary_large_image\" \/>\n<meta name=\"twitter:label1\" content=\"\u041f\u0440\u0438\u0431\u043b. \u0447\u0430\u0441 \u0447\u0438\u0442\u0430\u043d\u043d\u044f\" \/>\n\t<meta name=\"twitter:data1\" content=\"3 \u0445\u0432\u0438\u043b\u0438\u043d\u0438\" \/>\n<script type=\"application\/ld+json\" class=\"yoast-schema-graph\">{\"@context\":\"https:\/\/schema.org\",\"@graph\":[{\"@type\":\"WebPage\",\"@id\":\"http:\/\/lexano.eu\/fr\/notre-offre-destinee-aux-patients\/\",\"url\":\"http:\/\/lexano.eu\/fr\/notre-offre-destinee-aux-patients\/\",\"name\":\"Pacientams - Lexano\",\"isPartOf\":{\"@id\":\"https:\/\/lexano.eu\/#website\"},\"datePublished\":\"2018-05-23T11:20:11+00:00\",\"dateModified\":\"2022-04-20T14:23:59+00:00\",\"breadcrumb\":{\"@id\":\"http:\/\/lexano.eu\/fr\/notre-offre-destinee-aux-patients\/#breadcrumb\"},\"inLanguage\":\"uk\",\"potentialAction\":[{\"@type\":\"ReadAction\",\"target\":[\"http:\/\/lexano.eu\/fr\/notre-offre-destinee-aux-patients\/\"]}]},{\"@type\":\"BreadcrumbList\",\"@id\":\"http:\/\/lexano.eu\/fr\/notre-offre-destinee-aux-patients\/#breadcrumb\",\"itemListElement\":[{\"@type\":\"ListItem\",\"position\":1,\"name\":\"Home\",\"item\":\"https:\/\/lexano.eu\/\"},{\"@type\":\"ListItem\",\"position\":2,\"name\":\"Pacientams\"}]},{\"@type\":\"WebSite\",\"@id\":\"https:\/\/lexano.eu\/#website\",\"url\":\"https:\/\/lexano.eu\/\",\"name\":\"Lexano\",\"description\":\"Didmenin\u0117 prekyba farmacijos produktais\",\"potentialAction\":[{\"@type\":\"SearchAction\",\"target\":{\"@type\":\"EntryPoint\",\"urlTemplate\":\"https:\/\/lexano.eu\/?s={search_term_string}\"},\"query-input\":\"required name=search_term_string\"}],\"inLanguage\":\"uk\"}]}<\/script>\n<!-- \/ Yoast SEO plugin. -->","yoast_head_json":{"title":"Pacientams - Lexano","robots":{"index":"index","follow":"follow","max-snippet":"max-snippet:-1","max-image-preview":"max-image-preview:large","max-video-preview":"max-video-preview:-1"},"canonical":"http:\/\/lexano.eu\/ua\/notre-offre-destinee-aux-patients\/","og_locale":"uk_UA","og_type":"article","og_title":"Pacientams - Lexano","og_url":"http:\/\/lexano.eu\/ua\/notre-offre-destinee-aux-patients\/","og_site_name":"Lexano","article_modified_time":"2022-04-20T14:23:59+00:00","twitter_card":"summary_large_image","twitter_misc":{"\u041f\u0440\u0438\u0431\u043b. \u0447\u0430\u0441 \u0447\u0438\u0442\u0430\u043d\u043d\u044f":"3 \u0445\u0432\u0438\u043b\u0438\u043d\u0438"},"schema":{"@context":"https:\/\/schema.org","@graph":[{"@type":"WebPage","@id":"http:\/\/lexano.eu\/fr\/notre-offre-destinee-aux-patients\/","url":"http:\/\/lexano.eu\/fr\/notre-offre-destinee-aux-patients\/","name":"Pacientams - Lexano","isPartOf":{"@id":"https:\/\/lexano.eu\/#website"},"datePublished":"2018-05-23T11:20:11+00:00","dateModified":"2022-04-20T14:23:59+00:00","breadcrumb":{"@id":"http:\/\/lexano.eu\/fr\/notre-offre-destinee-aux-patients\/#breadcrumb"},"inLanguage":"uk","potentialAction":[{"@type":"ReadAction","target":["http:\/\/lexano.eu\/fr\/notre-offre-destinee-aux-patients\/"]}]},{"@type":"BreadcrumbList","@id":"http:\/\/lexano.eu\/fr\/notre-offre-destinee-aux-patients\/#breadcrumb","itemListElement":[{"@type":"ListItem","position":1,"name":"Home","item":"https:\/\/lexano.eu\/"},{"@type":"ListItem","position":2,"name":"Pacientams"}]},{"@type":"WebSite","@id":"https:\/\/lexano.eu\/#website","url":"https:\/\/lexano.eu\/","name":"Lexano","description":"Didmenin\u0117 prekyba farmacijos produktais","potentialAction":[{"@type":"SearchAction","target":{"@type":"EntryPoint","urlTemplate":"https:\/\/lexano.eu\/?s={search_term_string}"},"query-input":"required name=search_term_string"}],"inLanguage":"uk"}]}},"_links":{"self":[{"href":"https:\/\/lexano.eu\/ua\/wp-json\/wp\/v2\/pages\/54","targetHints":{"allow":["GET"]}}],"collection":[{"href":"https:\/\/lexano.eu\/ua\/wp-json\/wp\/v2\/pages"}],"about":[{"href":"https:\/\/lexano.eu\/ua\/wp-json\/wp\/v2\/types\/page"}],"author":[{"embeddable":true,"href":"https:\/\/lexano.eu\/ua\/wp-json\/wp\/v2\/users\/1"}],"replies":[{"embeddable":true,"href":"https:\/\/lexano.eu\/ua\/wp-json\/wp\/v2\/comments?post=54"}],"version-history":[{"count":18,"href":"https:\/\/lexano.eu\/ua\/wp-json\/wp\/v2\/pages\/54\/revisions"}],"predecessor-version":[{"id":4715,"href":"https:\/\/lexano.eu\/ua\/wp-json\/wp\/v2\/pages\/54\/revisions\/4715"}],"wp:attachment":[{"href":"https:\/\/lexano.eu\/ua\/wp-json\/wp\/v2\/media?parent=54"}],"curies":[{"name":"wp","href":"https:\/\/api.w.org\/{rel}","templated":true}]}}