{"id":3995,"date":"2021-06-08T13:06:26","date_gmt":"2021-06-08T13:06:26","guid":{"rendered":"http:\/\/lexano.adrecords.lt\/?page_id=3995"},"modified":"2022-04-20T17:28:22","modified_gmt":"2022-04-20T14:28:22","slug":"klinikiniams-tyrimams","status":"publish","type":"page","link":"https:\/\/lexano.eu\/ua\/klinikiniams-tyrimams\/","title":{"rendered":"\u041a\u043b\u0456\u043d\u0456\u0447\u043d\u0456 \u0434\u043e\u0441\u043b\u0456\u0434\u0436\u0435\u043d\u043d\u044f"},"content":{"rendered":"<div class=\"vc_row wpb_row vc_row-fluid\" ><div class=\"wpb_column vc_column_container vc_col-sm-12\"><div class=\"vc_column-inner\"><div class=\"wpb_wrapper\"><div class=\"edgtf-elements-holder   edgtf-two-columns  edgtf-responsive-mode-1024\" ><div class=\"edgtf-eh-item\" style=\"background-image: url(https:\/\/lexano.eu\/wp-content\/uploads\/2021\/12\/Lexano_2500x900_konkursai_edit2_1228.jpg)\" data-item-class=\"edgtf-eh-custom-5017\" data-1025-1366=\"40% 0\" data-769-1024=\"28.5% 0 28.5% 0\">\n\t<div class=\"edgtf-eh-item-inner\">\n\t\t<div class=\"edgtf-eh-item-content edgtf-eh-custom-5017\" style=\"padding: 33.5% 0 33.5% 0\">\n\t\t\t\t\t<\/div>\n\t<\/div>\n<\/div><div class=\"edgtf-eh-item\"  data-item-class=\"edgtf-eh-custom-7402\" data-1367-1600=\"0px 10% 30px 10%\" data-1025-1366=\"0px 6% 30px 8%\" data-769-1024=\"11% 20% 14% 21.5%\" data-681-768=\"11% 12% 11% 14%\" data-680=\"50px 10% 50px 17%\">\n\t<div class=\"edgtf-eh-item-inner\">\n\t\t<div class=\"edgtf-eh-item-content edgtf-eh-custom-7402\" style=\"padding: 0px 20% 30px 21.5%\">\n\t\t\t\n\t<div class=\"wpb_text_column wpb_content_element\" >\n\t\t<div class=\"wpb_wrapper\">\n\t\t\t<h2>\u0414\u0435\u0440\u0436\u0430\u0432\u043d\u0456 \u0437\u0430\u043a\u0443\u043f\u0456\u0432\u043b\u0456<\/h2>\n\n\t\t<\/div>\n\t<\/div>\n<div class=\"vc_empty_space\"   style=\"height: 13px\"><span class=\"vc_empty_space_inner\"><\/span><\/div><div class=\"edgtf-separator-holder clearfix  edgtf-separator-left\">\n\t<div class=\"edgtf-separator\" style=\"border-color: #000000;border-style: solid;width: 66px;border-bottom-width: 4px\"><\/div>\n<\/div>\n\n\t<div class=\"wpb_text_column wpb_content_element\" >\n\t\t<div class=\"wpb_wrapper\">\n\t\t\t<p>\u041a\u043e\u043c\u043f\u0430\u043d\u0456\u044f \u00abLexano\u00bb \u043f\u043e\u0441\u0442\u0456\u0439\u043d\u043e \u0437\u0434\u0456\u0439\u0441\u043d\u044e\u0454 \u043f\u043e\u0441\u0442\u0430\u0432\u043a\u0438 \u0434\u043b\u044f \u043a\u043b\u0456\u043d\u0456\u0447\u043d\u0438\u0445 \u0434\u043e\u0441\u043b\u0456\u0434\u0436\u0435\u043d\u044c. \u041c\u0438 \u043c\u0430\u0454\u043c\u043e \u043f\u043e\u0441\u0442\u0456\u0439\u043d\u0438\u0445 \u043a\u043b\u0456\u0454\u043d\u0442\u0456\u0432 \u0456 \u043f\u043e\u0441\u0442\u0430\u0447\u0430\u0454\u043c\u043e \u0457\u043c \u0444\u0430\u0440\u043c\u0430\u0446\u0435\u0432\u0442\u0438\u0447\u043d\u0456 \u043f\u0440\u0435\u043f\u0430\u0440\u0430\u0442\u0438 \u0432\u0456\u0434\u043f\u043e\u0432\u0456\u0434\u043d\u043e \u0434\u043e \u0441\u043a\u043b\u0430\u0434\u043d\u0438\u0445 \u0432\u0438\u043c\u043e\u0433 \u043a\u043b\u0456\u043d\u0456\u0447\u043d\u0438\u0445 \u0434\u043e\u0441\u043b\u0456\u0434\u0436\u0435\u043d\u044c.<\/p>\n\n\t\t<\/div>\n\t<\/div>\n\t\t<\/div>\n\t<\/div>\n<\/div><\/div><\/div><\/div><\/div><\/div><div class=\"vc_row wpb_row vc_row-fluid\" ><div class=\"wpb_column vc_column_container vc_col-sm-12\"><div class=\"vc_column-inner\"><div class=\"wpb_wrapper\"><div class=\"edgtf-elements-holder   edgtf-two-columns  edgtf-responsive-mode-1024\" ><div class=\"edgtf-eh-item\"  data-item-class=\"edgtf-eh-custom-2381\" data-1367-1600=\"0px 10% 30px 10%\" data-1025-1366=\"0px 6% 30px 8%\" data-769-1024=\"11% 20% 14% 21.5%\" data-681-768=\"11% 12% 11% 14%\" data-680=\"50px 10% 50px 17%\">\n\t<div class=\"edgtf-eh-item-inner\">\n\t\t<div class=\"edgtf-eh-item-content edgtf-eh-custom-2381\" style=\"padding: 0px 20% 30px 21.5%\">\n\t\t\t\n\t<div class=\"wpb_text_column wpb_content_element\" >\n\t\t<div class=\"wpb_wrapper\">\n\t\t\t<h2>\u041a\u041e\u041c\u041f\u0415\u0422\u0415\u041d\u0422\u041d\u0406\u0421\u0422\u042c<\/h2>\n\n\t\t<\/div>\n\t<\/div>\n<div class=\"vc_empty_space\"   style=\"height: 13px\"><span class=\"vc_empty_space_inner\"><\/span><\/div><div class=\"edgtf-separator-holder clearfix  edgtf-separator-left\">\n\t<div class=\"edgtf-separator\" style=\"border-color: #000000;border-style: solid;width: 66px;border-bottom-width: 4px\"><\/div>\n<\/div>\n\n\t<div class=\"wpb_text_column wpb_content_element\" >\n\t\t<div class=\"wpb_wrapper\">\n\t\t\t<p>\u041c\u0438 \u0454 \u0434\u043e\u0441\u0432\u0456\u0434\u0447\u0435\u043d\u0438\u043c\u0438 \u043f\u043e\u0441\u0442\u0430\u0447\u0430\u043b\u044c\u043d\u0438\u043a\u0430\u043c\u0438 \u0444\u0430\u0440\u043c\u0430\u0446\u0435\u0432\u0442\u0438\u0447\u043d\u043e\u0457 \u043f\u0440\u043e\u0434\u0443\u043a\u0446\u0456\u0457. \u041a\u043e\u043c\u043f\u0430\u043d\u0456\u044f \u00abLexano\u00bb \u043f\u043e\u0441\u0442\u0430\u0447\u0430\u0454 \u043b\u0456\u043a\u0438 \u0437 \u0443\u0441\u0456\u0454\u044e \u043d\u0435\u043e\u0431\u0445\u0456\u0434\u043d\u043e\u044e \u0434\u043e\u043a\u0443\u043c\u0435\u043d\u0442\u0430\u0446\u0456\u0454\u044e \u0437 \u0443\u0441\u0456\u0445 \u043a\u0440\u0430\u0457\u043d \u0404\u0432\u0440\u043e\u043f\u0435\u0439\u0441\u044c\u043a\u043e\u0433\u043e \u0421\u043e\u044e\u0437\u0443. \u0417\u0430\u0437\u0432\u0438\u0447\u0430\u0439 \u043c\u0438 \u043d\u0430\u0434\u0430\u0454\u043c\u043e \u043d\u0430 \u0442\u0435\u0441\u0442\u0443\u0432\u0430\u043d\u043d\u044f \u043f\u0440\u0435\u043f\u0430\u0440\u0430\u0442\u0438 \u0456\u0437 \u0437\u0430\u0433\u0430\u043b\u044c\u043d\u0438\u043c \u0442\u0435\u0440\u043c\u0456\u043d\u043e\u043c \u043f\u0440\u0438\u0434\u0430\u0442\u043d\u043e\u0441\u0442\u0456 \u0449\u043e\u043d\u0430\u0439\u043c\u0435\u043d\u0448\u0435 60-75% \u0456 \u043c\u0430\u043a\u0441\u0438\u043c\u0443\u043c 1-2 \u0441\u0435\u0440\u0456\u0457. \u041c\u0438 \u0437\u0430\u0431\u0435\u0437\u043f\u0435\u0447\u0443\u0454\u043c\u043e \u0432\u0438\u043c\u043e\u0433\u0438 \u0434\u043e \u0432\u0438\u043f\u0443\u0441\u043a\u0443 \u0441\u0435\u0440\u0456\u044f\u043c\u0438 \u0442\u0430 \u0432\u0430\u043b\u0456\u0434\u043d\u043e\u0441\u0442\u0456.<\/p>\n\n\t\t<\/div>\n\t<\/div>\n\t\t<\/div>\n\t<\/div>\n<\/div><div class=\"edgtf-eh-item\" style=\"background-image: url(https:\/\/lexano.eu\/wp-content\/uploads\/2021\/12\/Lexano_2500x900_analize_1228.jpg)\" data-item-class=\"edgtf-eh-custom-5039\" data-1025-1366=\"40% 0\" data-769-1024=\"28.5% 0 28.5% 0\">\n\t<div class=\"edgtf-eh-item-inner\">\n\t\t<div class=\"edgtf-eh-item-content edgtf-eh-custom-5039\" style=\"padding: 33.5% 0 33.5% 0\">\n\t\t\t\t\t<\/div>\n\t<\/div>\n<\/div><\/div><\/div><\/div><\/div><\/div><div class=\"vc_row wpb_row vc_row-fluid\" ><div class=\"wpb_column vc_column_container vc_col-sm-12\"><div class=\"vc_column-inner\"><div class=\"wpb_wrapper\"><div class=\"edgtf-elements-holder   edgtf-two-columns  edgtf-responsive-mode-1024\" ><div class=\"edgtf-eh-item\" style=\"background-image: url(https:\/\/lexano.eu\/wp-content\/uploads\/2021\/12\/Kokybe-ir-saugumas_800x800_edit2_1228.jpg)\" data-item-class=\"edgtf-eh-custom-7203\" data-1025-1366=\"40% 0\" data-769-1024=\"28.5% 0 28.5% 0\">\n\t<div class=\"edgtf-eh-item-inner\">\n\t\t<div class=\"edgtf-eh-item-content edgtf-eh-custom-7203\" style=\"padding: 33.5% 0 33.5% 0\">\n\t\t\t\t\t<\/div>\n\t<\/div>\n<\/div><div class=\"edgtf-eh-item\"  data-item-class=\"edgtf-eh-custom-8613\" data-1367-1600=\"0px 10% 30px 10%\" data-1025-1366=\"0px 6% 30px 8%\" data-769-1024=\"0% 20% 14% 21.5%\" data-681-768=\"0% 12% 15% 14%\" data-680=\"0px 10% 80px 17%\">\n\t<div class=\"edgtf-eh-item-inner\">\n\t\t<div class=\"edgtf-eh-item-content edgtf-eh-custom-8613\" style=\"padding: 0px 20% 30px 21.5%\">\n\t\t\t\n\t<div class=\"wpb_text_column wpb_content_element\" >\n\t\t<div class=\"wpb_wrapper\">\n\t\t\t<h2>\u041d\u0410\u0414\u0406\u0419\u041d\u0406\u0421\u0422\u042c<\/h2>\n\n\t\t<\/div>\n\t<\/div>\n<div class=\"vc_empty_space\"   style=\"height: 13px\"><span class=\"vc_empty_space_inner\"><\/span><\/div><div class=\"edgtf-separator-holder clearfix  edgtf-separator-left\">\n\t<div class=\"edgtf-separator\" style=\"border-color: #000000;border-style: solid;width: 66px;border-bottom-width: 4px\"><\/div>\n<\/div>\n\n\t<div class=\"wpb_text_column wpb_content_element\" >\n\t\t<div class=\"wpb_wrapper\">\n\t\t\t<p>\u041c\u0438 \u043f\u0440\u0430\u0446\u044e\u0454\u043c\u043e \u0441\u0442\u0430\u0440\u0430\u043d\u043d\u043e \u0456 \u0432\u0456\u0434\u043f\u043e\u0432\u0456\u0434\u0430\u043b\u044c\u043d\u043e. \u041f\u0456\u0441\u043b\u044f \u0440\u0435\u0442\u0435\u043b\u044c\u043d\u043e\u0433\u043e \u0430\u043d\u0430\u043b\u0456\u0437\u0443 \u043f\u043e\u0442\u0440\u0435\u0431 \u043a\u043b\u0456\u0454\u043d\u0442\u0430 \u043c\u0438 \u043f\u0440\u043e\u043f\u043e\u043d\u0443\u0454\u043c\u043e \u043e\u043f\u0442\u0438\u043c\u0430\u043b\u044c\u043d\u0456 \u0440\u0456\u0448\u0435\u043d\u043d\u044f. \u041c\u0438 \u043d\u0430\u0434\u0430\u0454\u043c\u043e \u0441\u0435\u0440\u0442\u0438\u0444\u0456\u043a\u0430\u0442\u0438 \u044f\u043a\u043e\u0441\u0442\u0456 \u0442\u0430 \u043f\u043e\u0445\u043e\u0434\u0436\u0435\u043d\u043d\u044f, \u0430 \u0442\u0430\u043a\u043e\u0436 \u0437\u0430\u0431\u0435\u0437\u043f\u0435\u0447\u0443\u0454\u043c\u043e \u043f\u0440\u043e\u0441\u0442\u0435\u0436\u0443\u0432\u0430\u043d\u0456\u0441\u0442\u044c \u0434\u0430\u043d\u0438\u0445.<\/p>\n\n\t\t<\/div>\n\t<\/div>\n\t\t<\/div>\n\t<\/div>\n<\/div><\/div><\/div><\/div><\/div><\/div><div class=\"vc_row wpb_row vc_row-fluid\" ><div class=\"wpb_column vc_column_container vc_col-sm-12\"><div class=\"vc_column-inner\"><div class=\"wpb_wrapper\"><div class=\"edgtf-elements-holder   edgtf-two-columns  edgtf-responsive-mode-1024\" ><div class=\"edgtf-eh-item\"  data-item-class=\"edgtf-eh-custom-6285\" data-1367-1600=\"0px 10% 30px 10%\" data-1025-1366=\"0px 6% 30px 8%\" data-769-1024=\"11% 20% 14% 21.5%\" data-681-768=\"11% 12% 11% 14%\" data-680=\"50px 10% 50px 17%\">\n\t<div class=\"edgtf-eh-item-inner\">\n\t\t<div class=\"edgtf-eh-item-content edgtf-eh-custom-6285\" style=\"padding: 0px 20% 30px 21.5%\">\n\t\t\t\n\t<div class=\"wpb_text_column wpb_content_element\" >\n\t\t<div class=\"wpb_wrapper\">\n\t\t\t<h2>\u0428\u0432\u0438\u0434\u043a\u0456\u0441\u0442\u044c<\/h2>\n\n\t\t<\/div>\n\t<\/div>\n<div class=\"vc_empty_space\"   style=\"height: 13px\"><span class=\"vc_empty_space_inner\"><\/span><\/div><div class=\"edgtf-separator-holder clearfix  edgtf-separator-left\">\n\t<div class=\"edgtf-separator\" style=\"border-color: #000000;border-style: solid;width: 66px;border-bottom-width: 4px\"><\/div>\n<\/div>\n\n\t<div class=\"wpb_text_column wpb_content_element\" >\n\t\t<div class=\"wpb_wrapper\">\n\t\t\t<p>\u0417\u0430\u0431\u0435\u0437\u043f\u0435\u0447\u0443\u0454\u043c\u043e \u0448\u0432\u0438\u0434\u043a\u0435 \u043f\u043e\u0441\u0442\u0430\u0447\u0430\u043d\u043d\u044f \u043b\u0456\u043a\u0430\u0440\u0441\u044c\u043a\u0438\u0445 \u0437\u0430\u0441\u043e\u0431\u0456\u0432. \u0420\u043e\u0437\u0442\u0430\u0448\u043e\u0432\u0430\u043d\u0456 \u0443 \u0441\u0442\u0440\u0430\u0442\u0435\u0433\u0456\u0447\u043d\u043e \u0437\u0440\u0443\u0447\u043d\u043e\u043c\u0443 \u043c\u0456\u0441\u0446\u0456 \u2013 \u0437\u0430 30 \u0445\u0432\u0438\u043b\u0438\u043d \u0432\u0456\u0434 \u043c\u0456\u0436\u043d\u0430\u0440\u043e\u0434\u043d\u043e\u0433\u043e \u0430\u0435\u0440\u043e\u043f\u043e\u0440\u0442\u0443, \u043c\u0438 \u043c\u043e\u0436\u0435\u043c\u043e \u0432\u0438\u043a\u043e\u043d\u0443\u0432\u0430\u0442\u0438 \u0442\u0435\u0440\u043c\u0456\u043d\u043e\u0432\u0456 \u0437\u0430\u043c\u043e\u0432\u043b\u0435\u043d\u043d\u044f \u043f\u0440\u043e\u0442\u044f\u0433\u043e\u043c 48 \u0433\u043e\u0434\u0438\u043d.<\/p>\n\n\t\t<\/div>\n\t<\/div>\n\t\t<\/div>\n\t<\/div>\n<\/div><div class=\"edgtf-eh-item\" style=\"background-image: url(https:\/\/lexano.eu\/wp-content\/uploads\/2021\/12\/Didmenininkams_900x900_48pristatymas_1228.jpg)\" data-item-class=\"edgtf-eh-custom-4196\" data-1025-1366=\"40% 0\" data-769-1024=\"28.5% 0 28.5% 0\">\n\t<div class=\"edgtf-eh-item-inner\">\n\t\t<div class=\"edgtf-eh-item-content edgtf-eh-custom-4196\" style=\"padding: 33.5% 0 33.5% 0\">\n\t\t\t\t\t<\/div>\n\t<\/div>\n<\/div><\/div><\/div><\/div><\/div><\/div><div class=\"vc_row wpb_row vc_row-fluid\" ><div class=\"wpb_column vc_column_container vc_col-sm-12\"><div class=\"vc_column-inner\"><div class=\"wpb_wrapper\"><div class=\"edgtf-elements-holder   edgtf-two-columns  edgtf-responsive-mode-1024\" ><div class=\"edgtf-eh-item\" style=\"background-image: url(https:\/\/lexano.eu\/wp-content\/uploads\/2021\/12\/Didmenininkams_900x900_ilgamete_1228.jpg)\" data-item-class=\"edgtf-eh-custom-3045\" data-1025-1366=\"40% 0\" data-769-1024=\"28.5% 0 28.5% 0\">\n\t<div class=\"edgtf-eh-item-inner\">\n\t\t<div class=\"edgtf-eh-item-content edgtf-eh-custom-3045\" style=\"padding: 33.5% 0 33.5% 0\">\n\t\t\t\t\t<\/div>\n\t<\/div>\n<\/div><div class=\"edgtf-eh-item\"  data-item-class=\"edgtf-eh-custom-7214\" data-1367-1600=\"0px 10% 30px 10%\" data-1025-1366=\"0px 6% 30px 8%\" data-769-1024=\"0% 20% 14% 21.5%\" data-681-768=\"0% 12% 15% 14%\" data-680=\"0px 10% 80px 17%\">\n\t<div class=\"edgtf-eh-item-inner\">\n\t\t<div class=\"edgtf-eh-item-content edgtf-eh-custom-7214\" style=\"padding: 0px 20% 30px 21.5%\">\n\t\t\t\n\t<div class=\"wpb_text_column wpb_content_element\" >\n\t\t<div class=\"wpb_wrapper\">\n\t\t\t<h2>\u0434\u043e\u0432\u0433\u043e\u0441\u0442\u0440\u043e\u043a\u043e\u0432\u0435 \u043f\u0430\u0440\u0442\u043d\u0435\u0440\u0441\u0442\u0432\u043e<\/h2>\n\n\t\t<\/div>\n\t<\/div>\n<div class=\"vc_empty_space\"   style=\"height: 13px\"><span class=\"vc_empty_space_inner\"><\/span><\/div><div class=\"edgtf-separator-holder clearfix  edgtf-separator-left\">\n\t<div class=\"edgtf-separator\" style=\"border-color: #000000;border-style: solid;width: 66px;border-bottom-width: 4px\"><\/div>\n<\/div>\n\n\t<div class=\"wpb_text_column wpb_content_element\" >\n\t\t<div class=\"wpb_wrapper\">\n\t\t\t<p>\u041d\u0430\u0448\u0430 \u043c\u0435\u0442\u0430 \u2013 \u0441\u0442\u0430\u0442\u0438 \u0434\u043e\u0432\u0433\u043e\u0441\u0442\u0440\u043e\u043a\u043e\u0432\u0438\u043c, \u043d\u0430\u0434\u0456\u0439\u043d\u0438\u043c \u043f\u0430\u0440\u0442\u043d\u0435\u0440\u043e\u043c, \u0442\u043e\u043c\u0443 \u043c\u0438 \u0446\u0456\u043d\u0443\u0454\u043c\u043e \u0434\u043e\u0432\u0456\u0440\u0443 \u043d\u0430\u0448\u0438\u0445 \u043f\u0430\u0440\u0442\u043d\u0435\u0440\u0456\u0432 \u0456 \u043f\u0440\u0438\u0439\u043c\u0430\u0454\u043c\u043e \u0432\u0441\u0456 \u0440\u0456\u0448\u0435\u043d\u043d\u044f \u0437 \u043c\u0430\u043a\u0441\u0438\u043c\u0430\u043b\u044c\u043d\u043e\u044e \u0432\u0456\u0434\u043f\u043e\u0432\u0456\u0434\u0430\u043b\u044c\u043d\u0456\u0441\u0442\u044e.<\/p>\n\n\t\t<\/div>\n\t<\/div>\n\t\t<\/div>\n\t<\/div>\n<\/div><\/div><\/div><\/div><\/div><\/div>","protected":false},"excerpt":{"rendered":"Dalyvavimas konkursuose \u201eLex Ano\u201c nuolat dalyvauja vaist\u0173 tiekimo klinikiniams tyrimams konkursuose. Turime nuolatini\u0173 klient\u0173, kuriems tiekiame vaistus pagal sud\u0117tingus klinikini\u0173 tyrim\u0173 reikalavimus. Kompetencija Esame daug patirties sukaup\u0119 vaist\u0173 tiek\u0117jai. \u201eLex Ano\u201c tiekia vaistus su visais reikalingais dokumentais i\u0161 vis\u0173 Europos [...]","protected":false},"author":1,"featured_media":0,"parent":0,"menu_order":0,"comment_status":"closed","ping_status":"closed","template":"full-width.php","meta":{"footnotes":""},"class_list":["post-3995","page","type-page","status-publish","hentry"],"yoast_head":"<!-- This site is optimized with the Yoast SEO plugin v22.5 - https:\/\/yoast.com\/wordpress\/plugins\/seo\/ -->\n<title>Klinikiniams tyrimams - Lexano<\/title>\n<meta name=\"robots\" content=\"index, follow, max-snippet:-1, max-image-preview:large, max-video-preview:-1\" \/>\n<link rel=\"canonical\" href=\"https:\/\/lexano.eu\/ua\/klinikiniams-tyrimams\/\" \/>\n<meta property=\"og:locale\" content=\"uk_UA\" \/>\n<meta property=\"og:type\" content=\"article\" \/>\n<meta property=\"og:title\" content=\"Klinikiniams tyrimams - Lexano\" \/>\n<meta property=\"og:url\" content=\"https:\/\/lexano.eu\/ua\/klinikiniams-tyrimams\/\" \/>\n<meta property=\"og:site_name\" content=\"Lexano\" \/>\n<meta property=\"article:modified_time\" content=\"2022-04-20T14:28:22+00:00\" \/>\n<meta name=\"twitter:card\" content=\"summary_large_image\" \/>\n<meta name=\"twitter:label1\" content=\"\u041f\u0440\u0438\u0431\u043b. \u0447\u0430\u0441 \u0447\u0438\u0442\u0430\u043d\u043d\u044f\" \/>\n\t<meta name=\"twitter:data1\" content=\"3 \u0445\u0432\u0438\u043b\u0438\u043d\u0438\" \/>\n<script type=\"application\/ld+json\" class=\"yoast-schema-graph\">{\"@context\":\"https:\/\/schema.org\",\"@graph\":[{\"@type\":\"WebPage\",\"@id\":\"https:\/\/lexano.eu\/cn\/klinikiniams-tyrimams\/\",\"url\":\"https:\/\/lexano.eu\/cn\/klinikiniams-tyrimams\/\",\"name\":\"Klinikiniams tyrimams - Lexano\",\"isPartOf\":{\"@id\":\"https:\/\/lexano.eu\/#website\"},\"datePublished\":\"2021-06-08T13:06:26+00:00\",\"dateModified\":\"2022-04-20T14:28:22+00:00\",\"breadcrumb\":{\"@id\":\"https:\/\/lexano.eu\/cn\/klinikiniams-tyrimams\/#breadcrumb\"},\"inLanguage\":\"uk\",\"potentialAction\":[{\"@type\":\"ReadAction\",\"target\":[\"https:\/\/lexano.eu\/cn\/klinikiniams-tyrimams\/\"]}]},{\"@type\":\"BreadcrumbList\",\"@id\":\"https:\/\/lexano.eu\/cn\/klinikiniams-tyrimams\/#breadcrumb\",\"itemListElement\":[{\"@type\":\"ListItem\",\"position\":1,\"name\":\"Home\",\"item\":\"https:\/\/lexano.eu\/\"},{\"@type\":\"ListItem\",\"position\":2,\"name\":\"Klinikiniams tyrimams\"}]},{\"@type\":\"WebSite\",\"@id\":\"https:\/\/lexano.eu\/#website\",\"url\":\"https:\/\/lexano.eu\/\",\"name\":\"Lexano\",\"description\":\"Didmenin\u0117 prekyba farmacijos produktais\",\"potentialAction\":[{\"@type\":\"SearchAction\",\"target\":{\"@type\":\"EntryPoint\",\"urlTemplate\":\"https:\/\/lexano.eu\/?s={search_term_string}\"},\"query-input\":\"required name=search_term_string\"}],\"inLanguage\":\"uk\"}]}<\/script>\n<!-- \/ Yoast SEO plugin. -->","yoast_head_json":{"title":"Klinikiniams tyrimams - Lexano","robots":{"index":"index","follow":"follow","max-snippet":"max-snippet:-1","max-image-preview":"max-image-preview:large","max-video-preview":"max-video-preview:-1"},"canonical":"https:\/\/lexano.eu\/ua\/klinikiniams-tyrimams\/","og_locale":"uk_UA","og_type":"article","og_title":"Klinikiniams tyrimams - Lexano","og_url":"https:\/\/lexano.eu\/ua\/klinikiniams-tyrimams\/","og_site_name":"Lexano","article_modified_time":"2022-04-20T14:28:22+00:00","twitter_card":"summary_large_image","twitter_misc":{"\u041f\u0440\u0438\u0431\u043b. \u0447\u0430\u0441 \u0447\u0438\u0442\u0430\u043d\u043d\u044f":"3 \u0445\u0432\u0438\u043b\u0438\u043d\u0438"},"schema":{"@context":"https:\/\/schema.org","@graph":[{"@type":"WebPage","@id":"https:\/\/lexano.eu\/cn\/klinikiniams-tyrimams\/","url":"https:\/\/lexano.eu\/cn\/klinikiniams-tyrimams\/","name":"Klinikiniams tyrimams - Lexano","isPartOf":{"@id":"https:\/\/lexano.eu\/#website"},"datePublished":"2021-06-08T13:06:26+00:00","dateModified":"2022-04-20T14:28:22+00:00","breadcrumb":{"@id":"https:\/\/lexano.eu\/cn\/klinikiniams-tyrimams\/#breadcrumb"},"inLanguage":"uk","potentialAction":[{"@type":"ReadAction","target":["https:\/\/lexano.eu\/cn\/klinikiniams-tyrimams\/"]}]},{"@type":"BreadcrumbList","@id":"https:\/\/lexano.eu\/cn\/klinikiniams-tyrimams\/#breadcrumb","itemListElement":[{"@type":"ListItem","position":1,"name":"Home","item":"https:\/\/lexano.eu\/"},{"@type":"ListItem","position":2,"name":"Klinikiniams tyrimams"}]},{"@type":"WebSite","@id":"https:\/\/lexano.eu\/#website","url":"https:\/\/lexano.eu\/","name":"Lexano","description":"Didmenin\u0117 prekyba farmacijos produktais","potentialAction":[{"@type":"SearchAction","target":{"@type":"EntryPoint","urlTemplate":"https:\/\/lexano.eu\/?s={search_term_string}"},"query-input":"required name=search_term_string"}],"inLanguage":"uk"}]}},"_links":{"self":[{"href":"https:\/\/lexano.eu\/ua\/wp-json\/wp\/v2\/pages\/3995","targetHints":{"allow":["GET"]}}],"collection":[{"href":"https:\/\/lexano.eu\/ua\/wp-json\/wp\/v2\/pages"}],"about":[{"href":"https:\/\/lexano.eu\/ua\/wp-json\/wp\/v2\/types\/page"}],"author":[{"embeddable":true,"href":"https:\/\/lexano.eu\/ua\/wp-json\/wp\/v2\/users\/1"}],"replies":[{"embeddable":true,"href":"https:\/\/lexano.eu\/ua\/wp-json\/wp\/v2\/comments?post=3995"}],"version-history":[{"count":17,"href":"https:\/\/lexano.eu\/ua\/wp-json\/wp\/v2\/pages\/3995\/revisions"}],"predecessor-version":[{"id":4716,"href":"https:\/\/lexano.eu\/ua\/wp-json\/wp\/v2\/pages\/3995\/revisions\/4716"}],"wp:attachment":[{"href":"https:\/\/lexano.eu\/ua\/wp-json\/wp\/v2\/media?parent=3995"}],"curies":[{"name":"wp","href":"https:\/\/api.w.org\/{rel}","templated":true}]}}