{"id":4721,"date":"2022-07-27T21:13:07","date_gmt":"2022-07-27T18:13:07","guid":{"rendered":"https:\/\/lexano.eu\/?page_id=4721"},"modified":"2022-08-04T20:50:21","modified_gmt":"2022-08-04T17:50:21","slug":"slapuku-naudojimo-taisykles","status":"publish","type":"page","link":"https:\/\/lexano.eu\/fr\/slapuku-naudojimo-taisykles\/","title":{"rendered":"POLITIQUE DE CONFIDENTIALIT\u00c9"},"content":{"rendered":"<div class=\"vc_row wpb_row vc_row-fluid\" ><div class=\"wpb_column vc_column_container vc_col-sm-12\"><div class=\"vc_column-inner\"><div class=\"wpb_wrapper\"><div class=\"edgtf-elements-holder   edgtf-two-columns  edgtf-responsive-mode-1024\" ><div class=\"edgtf-eh-item\"  data-item-class=\"edgtf-eh-custom-9043\" data-1367-1600=\"0px 10% 30px 10%\" data-1025-1366=\"0px 6% 30px 8%\" data-769-1024=\"11% 20% 14% 21.5%\" data-681-768=\"11% 12% 11% 14%\" data-680=\"50px 10% 50px 17%\">\n\t<div class=\"edgtf-eh-item-inner\">\n\t\t<div class=\"edgtf-eh-item-content edgtf-eh-custom-9043\" style=\"padding: 0px 20% 30px 21.5%\">\n\t\t\t\n\t<div class=\"wpb_text_column wpb_content_element\" >\n\t\t<div class=\"wpb_wrapper\">\n\t\t\t\n\t\t<\/div>\n\t<\/div>\n<div class=\"vc_empty_space\"   style=\"height: 13px\"><span class=\"vc_empty_space_inner\"><\/span><\/div><div class=\"edgtf-separator-holder clearfix  edgtf-separator-left\">\n\t<div class=\"edgtf-separator\" style=\"border-color: #000000;border-style: solid;width: 66px;border-bottom-width: 4px\"><\/div>\n<\/div>\n\n\t<div class=\"wpb_text_column wpb_content_element\" >\n\t\t<div class=\"wpb_wrapper\">\n\t\t\t<p class=\"translation-block\">Cette Politique de Confidentialit\u00e9 et de Cookies (ci apr\u00e8s la Politique) s\u2019applique \u00e0 tous les utilisateurs du site internet Lexano. Cette politique ne s\u2019applique pas si vous naviguez sur des sites web tiers auxquels vous avez acc\u00e9d\u00e9 via le site internet de Lexano.<\/p>\n<p class=\"translation-block\">Nous collectons des informations concernant les utilisateurs de notre site internet conform\u00e9ment \u00e0 la loi sur la protection juridique des donn\u00e9es personnelles de la R\u00e9publique de Lituanie, la loi sur les communications \u00e9lectroniques appliqu\u00e9e au sein de la R\u00e9publique de Lituanie ainsi que les lois de l\u2019Union Europ\u00e9enne sur la protection des donn\u00e9es personnelles et d\u2019autres l\u00e9gislations et r\u00e9glementations relatives aux autorit\u00e9s de contr\u00f4le.<\/p>\n<p><strong>LES INFORMATIONS QUE NOUS COLLECTONS<br \/>\n<\/strong>Nous utilisons des cookies pour collecter des informations sur l\u2019activit\u00e9 des utilisateurs de notre site internet. Les types et finalit\u00e9s des cookies sont d\u00e9crits dans le tableau ci-dessous.<\/p>\n<p>Nous avons mis en place des mesures de s\u00e9curit\u00e9 appropri\u00e9es pour emp\u00eacher la perte, l\u2019utilisation abusive ou l\u2019alt\u00e9ration des informations que nous avons collect\u00e9es sur les utilisateurs du site internet de Lexano. Le personnel de Lexano s\u2019engage \u00e0 ne ni divulguer ni fournir \u00e0 des tiers des informations re\u00e7ues sur les clients de l\u2019entreprise, y compris les informations sur les utilisateurs du site internet de Lexano.<\/p>\n<p><strong>UTILISATION DES COOKIES<br \/>\n<\/strong>Lorsque vous naviguez sur le site de Lexano, nous cherchons \u00e0 afficher des informations et des fonctions personnalis\u00e9es en fonction de vos int\u00e9r\u00eats. Nous utilisons des cookies pour vous fournir une exp\u00e9rience personnalis\u00e9e. Les cookies sont de petits fichiers texte stock\u00e9s par votre navigateur web. Ils nous aident \u00e0 vous reconna\u00eetre lorsque vous revenez sur notre site internet, \u00e0 collecter des informations sur votre utilisation du site internet, et \u00e0 adapter le contenu du site \u00e0 vos int\u00e9r\u00eats.<\/p>\n<p>Les cookies nous aident \u00e9galement \u00e0 assurer le bon fonctionnement du site internet, \u00e0 surveiller la dur\u00e9e et la fr\u00e9quence des visites sur le site internet de Lexano et \u00e0 collecter des informations statistiques sur le nombre d\u2019utilisateurs du site internet. En analysant ces informations, nous pouvons am\u00e9liorer les performances de notre site internet et votre exp\u00e9rience utilisateur. Lorsque vous visitez le site web de Lexano, vous pouvez choisir d\u2019accepter ou non les cookies. Si vous ne souhaitez pas recevoir de cookies sur votre ordinateur ou sur vos appareils, vous pouvez retirer votre consentement \u00e0 tout moment en modifiant les param\u00e8tres de votre navigateur et en supprimant les cookies d\u00e9j\u00e0 enregistr\u00e9s.<\/p>\n<p><strong>INFORMATIONS RELATIVES AUX COOKIES UTILIS\u00c9S SUR NOTRE SITE INTERNET<\/strong><\/p>\n<table width=\"643\">\n<thead>\n<tr>\n<td width=\"127\">Nom<\/td>\n<td width=\"304\">Description<\/td>\n<td width=\"212\">Date de cr\u00e9ation \/ d\u2019expiration<\/td>\n<\/tr>\n<\/thead>\n<tbody>\n<tr>\n<td width=\"127\">CMSSESSIDX<\/td>\n<td width=\"304\">Cookie standard utilis\u00e9 pour g\u00e9rer la session en cours de l\u2019utilisateur.<\/td>\n<td width=\"212\" class=\"translation-block\">A l\u2019ouverture du site \/\njusqu\u2019\u00e0 la fermeture du site par l\u2019utilisateur<\/td>\n<\/tr>\n<tr>\n<td width=\"127\">cookiesAgree<\/td>\n<td width=\"304\">Cookie qui enregistre si vous avez consenti \u00e0 l\u2019utilisation des cookies sur notre site internet.<\/td>\n<td width=\"212\">Du moment o\u00f9 le consentement est donn\u00e9 \/ jusqu\u2019\u00e0 sa suppression.<\/td>\n<\/tr>\n<tr>\n<td width=\"127\">cookiesLevelX<\/td>\n<td width=\"304\">Cookie identifiant les types de cookies que vous avez accept\u00e9s sur notre site internet.<\/td>\n<td width=\"212\">Du moment o\u00f9 le consentement est donn\u00e9 \/ jusqu\u2019\u00e0 sa suppression.<\/td>\n<\/tr>\n<tr>\n<td width=\"127\">_ga<\/td>\n<td width=\"304\" class=\"translation-block\">Cookie utilis\u00e9 par Google Analytics pour \u00e9valuer le but de la visite de l\u2019utilisateur, g\u00e9n\u00e9rer des rapports sur l\u2019activit\u00e9 du site internet \u00e0 l\u2019attention des exploitants du site et am\u00e9liorer l\u2019exp\u00e9rience de l\u2019utilisateur lorsqu\u2019il navigue sur le site internet.<\/td>\n<td width=\"212\" class=\"translation-block\">Du moment o\u00f9 le consentement est donn\u00e9 \/\ndeux ann\u00e9es<\/td>\n<\/tr>\n<tr>\n<td width=\"127\">_gat<\/td>\n<td width=\"304\" class=\"translation-block\">Cookie utilis\u00e9 par Google Analytics pour collecter des informations statistiques sur le trafic du site internet.<\/td>\n<td width=\"212\" class=\"translation-block\">De la premi\u00e8re visite sur le site internet \/\njusqu\u2019\u00e0 la fin de la session<\/td>\n<\/tr>\n<tr>\n<td width=\"127\">_gid<\/td>\n<td width=\"304\" class=\"translation-block\">Cookie utilis\u00e9 par Google Analytics pour vous distinguer des autres utilisateurs.<\/td>\n<td width=\"212\" class=\"translation-block\">De la premi\u00e8re visite sur le site internet \/\ndeux jours<\/td>\n<\/tr>\n<\/tbody>\n<\/table>\n<p class=\"translation-block\">Si vous souhaitez en savoir plus sur les cookies et sur la mani\u00e8re de les g\u00e9rer ou de les supprimer, veuillez consulter le site : http:\/\/allaboutcookies.org<\/p>\n<p class=\"translation-block\">Si vous souhaitez savoir comment d\u00e9sactiver le suivi du site internet \u00e0 l\u2019aide des cookies de Google Analytics, veuillez consulter le site : http:\/\/tools.google.com\/dlpage\/gaoptout<\/p>\n<p><strong>TYPES DE COOKIES<\/strong><\/p>\n<p>Les cookies comprennent les cookies de session et les cookies de longue dur\u00e9e, ainsi que les cookies de premier niveau et les cookies tiers. Les d\u00e9finitions de ces termes sont fournies ci-apr\u00e8s afin que vous puissiez avoir une meilleure compr\u00e9hension de la nature et de l\u2019objectif de nos cookies.<\/p>\n<p class=\"translation-block\"><strong>Cookies de session. <\/strong>\nLes cookies de sessions permettent aux utilisateurs d\u2019\u00eatre reconnus pour la dur\u00e9e d\u2019une seule session, de sorte que tout changement de page ou que toute s\u00e9lection d\u2019\u00e9l\u00e9ment soit m\u00e9moris\u00e9e lorsqu\u2019ils passent d\u2019une page \u00e0 une autre. Ces cookies rendent la navigation sur de nombreuses pages du site plus facile et plus rapide car il n\u2019est pas n\u00e9cessaire de traiter les informations de mani\u00e8re r\u00e9p\u00e9t\u00e9e lorsqu\u2019une nouvelle page est ouverte. Les cookies de session sont temporaires et disparaissent d\u00e8s que vous fermez votre navigateur ou que vous vous d\u00e9connectez du site internet.<\/p>\n<p class=\"translation-block\"><strong>Cookies de longue dur\u00e9e. <\/strong>Les cookies de longue dur\u00e9e sont stock\u00e9s sur votre ordinateur pendant une p\u00e9riode d\u00e9termin\u00e9e apr\u00e8s la fin de votre session et ils peuvent enregistrer des param\u00e8tres ou des actions sp\u00e9cifiques de l\u2019utilisateur lorsque celui-ci revient sur le site internet.<\/p>\n<p class=\"translation-block\"><strong>Cookies de premier niveau.  <\/strong>Ces cookies sont essentiels au bon fonctionnement du site internet de Lexano.<\/p>\n<p class=\"translation-block\"><strong>Cookies Tiers. <\/strong>\nCe sont des cookies exploit\u00e9s par d\u2019autres organisations via notre site internet. Dans notre cas, les cookies Google Analytics utilis\u00e9s sur le site internet de Lexano sont utilis\u00e9s pour analyser le trafic du site internet. Google Analytics collecte des informations anonymes sur le nombre d\u2019utilisateurs, l\u2019endroit \u00e0 partir duquel notre site internet a \u00e9t\u00e9 consult\u00e9, et les parties du site internet parcourues par les utilisateurs. Ces cookies sont cr\u00e9\u00e9s par Google Analytics. Pour en savoir plus sur Google Analytics, veuillez-vous rendre sur : http:\/\/www.google.com\/analytics .<\/p>\n<p>Toute information recueillie \u00e0 l\u2019aide de cookies est stock\u00e9e jusqu\u2019\u00e0 l\u2019expiration de ces cookies et n\u2019est pas utilis\u00e9e \u00e0 d\u2019autres fins que celles \u00e9num\u00e9r\u00e9es dans la pr\u00e9sente politique.<\/p>\n<p>Notre site internet contient des liens vers d\u2019autres sites internet exploit\u00e9s par des particuliers, des entreprises ou des organisations. Veuillez noter que Lexano n\u2019est pas responsable du contenu ou des pratiques relatives \u00e0 la confidentialit\u00e9 des sites internet li\u00e9s. Lorsque vous cliquez sur ces liens et acc\u00e9dez \u00e0 ces autres sites internet, vous devez consulter les politiques de confidentialit\u00e9 qui peuvent s\u2019appliquer \u00e0 ces sites internet.<\/p>\n<p><strong>VOS DROITS<br \/>\n<\/strong>Vous pouvez demander l\u2019acc\u00e8s \u00e0 vos donn\u00e9es collect\u00e9es \u00e0 l\u2019aide des cookies. Si vos donn\u00e9es personnelles sont inexactes, incompl\u00e8tes ou p\u00e9rim\u00e9es, vous avez le droit d\u2019en demander la rectification.<\/p>\n<p class=\"translation-block\">En cas de questions, ou si vous souhaitez exercer vos droits, veuillez nous contacter par email \u00e0 info@lexano.lt ou contacter nous via d\u2019autres canaux indiqu\u00e9s sur ce site internet.<\/p>\n<p><strong>\u00a0<\/strong><\/p>\n\n\t\t<\/div>\n\t<\/div>\n\t\t<\/div>\n\t<\/div>\n<\/div><\/div><\/div><\/div><\/div><\/div>","protected":false},"excerpt":{"rendered":"Slapuk\u0173 naudojimo taisykl\u0117s (toliau \u2013 Taisykl\u0117s) yra skirtos asmenims, kurie lankosi \u012fmon\u0117s interneto svetain\u0117je (www.lexano.eu). Teisykl\u0117s netaikomos, kai nar\u0161ote kit\u0173 bendrovi\u0173 interneto svetain\u0117se, patekdami per \u012emon\u0117s interneto svetain\u0119. Mes renkame ir tvarkome informacija apie \u012fmon\u0117s svetain\u0117s naudotojus laikydamasi Lietuvos Respublikos [...]","protected":false},"author":1,"featured_media":0,"parent":0,"menu_order":0,"comment_status":"closed","ping_status":"closed","template":"full-width.php","meta":{"footnotes":""},"class_list":["post-4721","page","type-page","status-publish","hentry"],"yoast_head":"<!-- This site is optimized with the Yoast SEO plugin v22.5 - https:\/\/yoast.com\/wordpress\/plugins\/seo\/ -->\n<title>Slapuk\u0173 naudojimo taisykl\u0117s - Lexano<\/title>\n<meta name=\"robots\" content=\"index, follow, max-snippet:-1, max-image-preview:large, max-video-preview:-1\" \/>\n<link rel=\"canonical\" href=\"https:\/\/lexano.eu\/fr\/slapuku-naudojimo-taisykles\/\" \/>\n<meta property=\"og:locale\" content=\"fr_FR\" \/>\n<meta property=\"og:type\" content=\"article\" \/>\n<meta property=\"og:title\" content=\"Slapuk\u0173 naudojimo taisykl\u0117s - Lexano\" \/>\n<meta property=\"og:url\" content=\"https:\/\/lexano.eu\/fr\/slapuku-naudojimo-taisykles\/\" \/>\n<meta property=\"og:site_name\" content=\"Lexano\" \/>\n<meta property=\"article:modified_time\" content=\"2022-08-04T17:50:21+00:00\" \/>\n<meta name=\"twitter:card\" content=\"summary_large_image\" \/>\n<meta name=\"twitter:label1\" content=\"Dur\u00e9e de lecture estim\u00e9e\" \/>\n\t<meta name=\"twitter:data1\" content=\"5 minutes\" \/>\n<script type=\"application\/ld+json\" class=\"yoast-schema-graph\">{\"@context\":\"https:\/\/schema.org\",\"@graph\":[{\"@type\":\"WebPage\",\"@id\":\"https:\/\/lexano.eu\/slapuku-naudojimo-taisykles\/\",\"url\":\"https:\/\/lexano.eu\/slapuku-naudojimo-taisykles\/\",\"name\":\"Slapuk\u0173 naudojimo taisykl\u0117s - Lexano\",\"isPartOf\":{\"@id\":\"https:\/\/lexano.eu\/#website\"},\"datePublished\":\"2022-07-27T18:13:07+00:00\",\"dateModified\":\"2022-08-04T17:50:21+00:00\",\"breadcrumb\":{\"@id\":\"https:\/\/lexano.eu\/slapuku-naudojimo-taisykles\/#breadcrumb\"},\"inLanguage\":\"fr-FR\",\"potentialAction\":[{\"@type\":\"ReadAction\",\"target\":[\"https:\/\/lexano.eu\/slapuku-naudojimo-taisykles\/\"]}]},{\"@type\":\"BreadcrumbList\",\"@id\":\"https:\/\/lexano.eu\/slapuku-naudojimo-taisykles\/#breadcrumb\",\"itemListElement\":[{\"@type\":\"ListItem\",\"position\":1,\"name\":\"Home\",\"item\":\"https:\/\/lexano.eu\/\"},{\"@type\":\"ListItem\",\"position\":2,\"name\":\"Slapuk\u0173 naudojimo taisykl\u0117s\"}]},{\"@type\":\"WebSite\",\"@id\":\"https:\/\/lexano.eu\/#website\",\"url\":\"https:\/\/lexano.eu\/\",\"name\":\"Lexano\",\"description\":\"Didmenin\u0117 prekyba farmacijos produktais\",\"potentialAction\":[{\"@type\":\"SearchAction\",\"target\":{\"@type\":\"EntryPoint\",\"urlTemplate\":\"https:\/\/lexano.eu\/?s={search_term_string}\"},\"query-input\":\"required name=search_term_string\"}],\"inLanguage\":\"fr-FR\"}]}<\/script>\n<!-- \/ Yoast SEO plugin. -->","yoast_head_json":{"title":"Slapuk\u0173 naudojimo taisykl\u0117s - Lexano","robots":{"index":"index","follow":"follow","max-snippet":"max-snippet:-1","max-image-preview":"max-image-preview:large","max-video-preview":"max-video-preview:-1"},"canonical":"https:\/\/lexano.eu\/fr\/slapuku-naudojimo-taisykles\/","og_locale":"fr_FR","og_type":"article","og_title":"Slapuk\u0173 naudojimo taisykl\u0117s - Lexano","og_url":"https:\/\/lexano.eu\/fr\/slapuku-naudojimo-taisykles\/","og_site_name":"Lexano","article_modified_time":"2022-08-04T17:50:21+00:00","twitter_card":"summary_large_image","twitter_misc":{"Dur\u00e9e de lecture estim\u00e9e":"5 minutes"},"schema":{"@context":"https:\/\/schema.org","@graph":[{"@type":"WebPage","@id":"https:\/\/lexano.eu\/slapuku-naudojimo-taisykles\/","url":"https:\/\/lexano.eu\/slapuku-naudojimo-taisykles\/","name":"Slapuk\u0173 naudojimo taisykl\u0117s - Lexano","isPartOf":{"@id":"https:\/\/lexano.eu\/#website"},"datePublished":"2022-07-27T18:13:07+00:00","dateModified":"2022-08-04T17:50:21+00:00","breadcrumb":{"@id":"https:\/\/lexano.eu\/slapuku-naudojimo-taisykles\/#breadcrumb"},"inLanguage":"fr-FR","potentialAction":[{"@type":"ReadAction","target":["https:\/\/lexano.eu\/slapuku-naudojimo-taisykles\/"]}]},{"@type":"BreadcrumbList","@id":"https:\/\/lexano.eu\/slapuku-naudojimo-taisykles\/#breadcrumb","itemListElement":[{"@type":"ListItem","position":1,"name":"Home","item":"https:\/\/lexano.eu\/"},{"@type":"ListItem","position":2,"name":"Slapuk\u0173 naudojimo taisykl\u0117s"}]},{"@type":"WebSite","@id":"https:\/\/lexano.eu\/#website","url":"https:\/\/lexano.eu\/","name":"Lexano","description":"Didmenin\u0117 prekyba farmacijos produktais","potentialAction":[{"@type":"SearchAction","target":{"@type":"EntryPoint","urlTemplate":"https:\/\/lexano.eu\/?s={search_term_string}"},"query-input":"required name=search_term_string"}],"inLanguage":"fr-FR"}]}},"_links":{"self":[{"href":"https:\/\/lexano.eu\/fr\/wp-json\/wp\/v2\/pages\/4721","targetHints":{"allow":["GET"]}}],"collection":[{"href":"https:\/\/lexano.eu\/fr\/wp-json\/wp\/v2\/pages"}],"about":[{"href":"https:\/\/lexano.eu\/fr\/wp-json\/wp\/v2\/types\/page"}],"author":[{"embeddable":true,"href":"https:\/\/lexano.eu\/fr\/wp-json\/wp\/v2\/users\/1"}],"replies":[{"embeddable":true,"href":"https:\/\/lexano.eu\/fr\/wp-json\/wp\/v2\/comments?post=4721"}],"version-history":[{"count":7,"href":"https:\/\/lexano.eu\/fr\/wp-json\/wp\/v2\/pages\/4721\/revisions"}],"predecessor-version":[{"id":4740,"href":"https:\/\/lexano.eu\/fr\/wp-json\/wp\/v2\/pages\/4721\/revisions\/4740"}],"wp:attachment":[{"href":"https:\/\/lexano.eu\/fr\/wp-json\/wp\/v2\/media?parent=4721"}],"curies":[{"name":"wp","href":"https:\/\/api.w.org\/{rel}","templated":true}]}}