{"id":4354,"date":"2021-07-27T03:56:25","date_gmt":"2021-07-27T03:56:25","guid":{"rendered":"http:\/\/lexano.adrecords.lt\/?page_id=4354"},"modified":"2025-12-02T15:43:35","modified_gmt":"2025-12-02T13:43:35","slug":"licencijos","status":"publish","type":"page","link":"https:\/\/lexano.eu\/fr\/licencijos\/","title":{"rendered":"Licences et certificats"},"content":{"rendered":"<div class=\"vc_row wpb_row vc_row-fluid\" ><div class=\"wpb_column vc_column_container vc_col-sm-12\"><div class=\"vc_column-inner\"><div class=\"wpb_wrapper\"><div class=\"edgtf-elements-holder   edgtf-two-columns  edgtf-responsive-mode-1024\" ><div class=\"edgtf-eh-item\" style=\"background-image: url(https:\/\/lexano.eu\/wp-content\/uploads\/2021\/12\/Kokybe-ir-saugumas_800x800_edit_1228.jpg)\" data-item-class=\"edgtf-eh-custom-8182\" data-1025-1366=\"40% 0\" data-769-1024=\"28.5% 0 28.5% 0\">\n\t<div class=\"edgtf-eh-item-inner\">\n\t\t<div class=\"edgtf-eh-item-content edgtf-eh-custom-8182\" style=\"padding: 33.5% 0 33.5% 0\">\n\t\t\t\t\t<\/div>\n\t<\/div>\n<\/div><div class=\"edgtf-eh-item\"  data-item-class=\"edgtf-eh-custom-8337\" data-1367-1600=\"0px 10% 30px 10%\" data-1025-1366=\"0px 6% 30px 8%\" data-769-1024=\"11% 20% 14% 21.5%\" data-681-768=\"11% 12% 11% 14%\" data-680=\"50px 10% 50px 17%\">\n\t<div class=\"edgtf-eh-item-inner\">\n\t\t<div class=\"edgtf-eh-item-content edgtf-eh-custom-8337\" style=\"padding: 0px 20% 30px 21.5%\">\n\t\t\t\n\t<div class=\"wpb_text_column wpb_content_element\" >\n\t\t<div class=\"wpb_wrapper\">\n\t\t\t<h2>Licences d\u2019activit\u00e9<\/h2>\n\n\t\t<\/div>\n\t<\/div>\n<div class=\"vc_empty_space\"   style=\"height: 13px\"><span class=\"vc_empty_space_inner\"><\/span><\/div><div class=\"edgtf-separator-holder clearfix  edgtf-separator-left\">\n\t<div class=\"edgtf-separator\" style=\"border-color: #000000;border-style: solid;width: 66px;border-bottom-width: 4px\"><\/div>\n<\/div>\n\n\t<div class=\"wpb_text_column wpb_content_element\" >\n\t\t<div class=\"wpb_wrapper\">\n\t\t\t<ul>\n<li><a href=\"http:\/\/lexano.eu\/wp-content\/uploads\/2021\/09\/051021-Lexano-Imones-registravimo-pazymejimas.pdf\"><strong>Certificat d\u2019enregistrement de la soci\u00e9t\u00e9<\/strong><\/a><\/li>\n<li><strong><a href=\"http:\/\/lexano.eu\/wp-content\/uploads\/2021\/09\/060802-Lexano-PVM-moketojo-registracijos-pazymejimas.pdf\">Certificat d\u2018enregistrement \u00e0 la TVA<\/a><\/strong><\/li>\n<li><strong><a href=\"https:\/\/lexano.eu\/wp-content\/uploads\/2025\/08\/20250711_Lex-ano-WDA-licencija-1.pdf\">Licence de distribution en gros (grossiste)<\/a><\/strong><\/li>\n<li><strong><a href=\"https:\/\/lexano.eu\/wp-content\/uploads\/2025\/12\/20251126_Lex-ano_GDP.pdf\">Certificat GDP<\/a><\/strong><\/li>\n<li><strong><a href=\"http:\/\/lexano.eu\/wp-content\/uploads\/2021\/07\/Maisto-tvarkymo-subjekto-patvirtinimo-pazymejimas.pdf\">Certificat d\u2018approbation relatif \u00e0 la gestion de denr\u00e9es<\/a><\/strong><\/li>\n<li><strong><a href=\"https:\/\/lexano.eu\/wp-content\/uploads\/2025\/09\/20250912-Narcotic-and-psychotropic-medicines-wholesale-distribution-license-LT-EN.pdf\">Licence d\u2018activit\u00e9 relative \u00e0 la gestion de substances m\u00e9dicamenteuses, narcotiques et psychotropes des listes II et III.<\/a><\/strong><\/li>\n<li><a href=\"https:\/\/lexano.eu\/wp-content\/uploads\/2025\/08\/AEO.pdf\" target=\"_blank\" rel=\"noopener\"><b>Op\u00e9rateur \u00c9conomique Agr\u00e9\u00e9 (OEA)<\/b><\/a><\/li>\n<\/ul>\n<h2>POLITIQUE DE QUALIT\u00c9 ET DE PROTECTION DE L'ENVIRONNEMENT<\/h2>\n<ul>\n<li><strong><a href=\"https:\/\/lexano.eu\/wp-content\/uploads\/2023\/10\/Quality-and-Environmental-Policy.pdf\" target=\"_blank\" rel=\"noopener\">POLITIQUE DE QUALIT\u00c9 ET DE PROTECTION DE L'ENVIRONNEMENT<\/a><\/strong><\/li>\n<li><a href=\"https:\/\/lexano.eu\/wp-content\/uploads\/2023\/05\/E-Cert_Lex-Ano_Q_2023_EN.pdf\"><strong>ISO 9001:2015<\/strong><\/a><\/li>\n<li><a href=\"https:\/\/lexano.eu\/wp-content\/uploads\/2023\/12\/E-Cert_Lex-Ano_E_2023_ISO-14001-EN.pdf\"><strong>ISO 14001:2015<\/strong><\/a><\/li>\n<\/ul>\n\n\t\t<\/div>\n\t<\/div>\n\t\t<\/div>\n\t<\/div>\n<\/div><\/div><\/div><\/div><\/div><\/div>","protected":false},"excerpt":{"rendered":"Veiklos licencijos Juridinio asmens pa\u017eym\u0117jimas PVM mok\u0117tojo registracijos pa\u017eym\u0117jimas Didmenin\u0117s prekybos licencija Geros Platinimo Praktikos pa\u017eym\u0117jimas Maisto tvarkymo subjekto patvirtinimo pa\u017eym\u0117jimas Licencija verstis II ir III s\u0105ra\u0161\u0173 narkotini\u0173 ir psichotropini\u0173 med\u017eiag\u0173 didmenine prekyba, importu ir eksportu \u012egaliotojo ekonomin\u0117s veiklos vykdytojo [...]","protected":false},"author":1,"featured_media":0,"parent":0,"menu_order":0,"comment_status":"closed","ping_status":"closed","template":"full-width.php","meta":{"footnotes":""},"class_list":["post-4354","page","type-page","status-publish","hentry"],"yoast_head":"<!-- This site is optimized with the Yoast SEO plugin v22.5 - https:\/\/yoast.com\/wordpress\/plugins\/seo\/ -->\n<title>Licencijos ir sertifikatai - Lexano<\/title>\n<meta name=\"robots\" content=\"index, follow, max-snippet:-1, max-image-preview:large, max-video-preview:-1\" \/>\n<link rel=\"canonical\" href=\"https:\/\/lexano.eu\/fr\/licencijos\/\" \/>\n<meta property=\"og:locale\" content=\"fr_FR\" \/>\n<meta property=\"og:type\" content=\"article\" \/>\n<meta property=\"og:title\" content=\"Licencijos ir sertifikatai - Lexano\" \/>\n<meta property=\"og:url\" content=\"https:\/\/lexano.eu\/fr\/licencijos\/\" \/>\n<meta property=\"og:site_name\" content=\"Lexano\" \/>\n<meta property=\"article:modified_time\" content=\"2025-12-02T13:43:35+00:00\" \/>\n<meta name=\"twitter:card\" content=\"summary_large_image\" \/>\n<meta name=\"twitter:label1\" content=\"Dur\u00e9e de lecture estim\u00e9e\" \/>\n\t<meta name=\"twitter:data1\" content=\"1 minute\" \/>\n<script type=\"application\/ld+json\" class=\"yoast-schema-graph\">{\"@context\":\"https:\/\/schema.org\",\"@graph\":[{\"@type\":\"WebPage\",\"@id\":\"https:\/\/lexano.eu\/licencijos\/\",\"url\":\"https:\/\/lexano.eu\/licencijos\/\",\"name\":\"Licencijos ir sertifikatai - Lexano\",\"isPartOf\":{\"@id\":\"https:\/\/lexano.eu\/#website\"},\"datePublished\":\"2021-07-27T03:56:25+00:00\",\"dateModified\":\"2025-12-02T13:43:35+00:00\",\"breadcrumb\":{\"@id\":\"https:\/\/lexano.eu\/licencijos\/#breadcrumb\"},\"inLanguage\":\"fr-FR\",\"potentialAction\":[{\"@type\":\"ReadAction\",\"target\":[\"https:\/\/lexano.eu\/licencijos\/\"]}]},{\"@type\":\"BreadcrumbList\",\"@id\":\"https:\/\/lexano.eu\/licencijos\/#breadcrumb\",\"itemListElement\":[{\"@type\":\"ListItem\",\"position\":1,\"name\":\"Home\",\"item\":\"https:\/\/lexano.eu\/\"},{\"@type\":\"ListItem\",\"position\":2,\"name\":\"Licencijos ir sertifikatai\"}]},{\"@type\":\"WebSite\",\"@id\":\"https:\/\/lexano.eu\/#website\",\"url\":\"https:\/\/lexano.eu\/\",\"name\":\"Lexano\",\"description\":\"Didmenin\u0117 prekyba farmacijos produktais\",\"potentialAction\":[{\"@type\":\"SearchAction\",\"target\":{\"@type\":\"EntryPoint\",\"urlTemplate\":\"https:\/\/lexano.eu\/?s={search_term_string}\"},\"query-input\":\"required name=search_term_string\"}],\"inLanguage\":\"fr-FR\"}]}<\/script>\n<!-- \/ Yoast SEO plugin. -->","yoast_head_json":{"title":"Licencijos ir sertifikatai - Lexano","robots":{"index":"index","follow":"follow","max-snippet":"max-snippet:-1","max-image-preview":"max-image-preview:large","max-video-preview":"max-video-preview:-1"},"canonical":"https:\/\/lexano.eu\/fr\/licencijos\/","og_locale":"fr_FR","og_type":"article","og_title":"Licencijos ir sertifikatai - Lexano","og_url":"https:\/\/lexano.eu\/fr\/licencijos\/","og_site_name":"Lexano","article_modified_time":"2025-12-02T13:43:35+00:00","twitter_card":"summary_large_image","twitter_misc":{"Dur\u00e9e de lecture estim\u00e9e":"1 minute"},"schema":{"@context":"https:\/\/schema.org","@graph":[{"@type":"WebPage","@id":"https:\/\/lexano.eu\/licencijos\/","url":"https:\/\/lexano.eu\/licencijos\/","name":"Licencijos ir sertifikatai - Lexano","isPartOf":{"@id":"https:\/\/lexano.eu\/#website"},"datePublished":"2021-07-27T03:56:25+00:00","dateModified":"2025-12-02T13:43:35+00:00","breadcrumb":{"@id":"https:\/\/lexano.eu\/licencijos\/#breadcrumb"},"inLanguage":"fr-FR","potentialAction":[{"@type":"ReadAction","target":["https:\/\/lexano.eu\/licencijos\/"]}]},{"@type":"BreadcrumbList","@id":"https:\/\/lexano.eu\/licencijos\/#breadcrumb","itemListElement":[{"@type":"ListItem","position":1,"name":"Home","item":"https:\/\/lexano.eu\/"},{"@type":"ListItem","position":2,"name":"Licencijos ir sertifikatai"}]},{"@type":"WebSite","@id":"https:\/\/lexano.eu\/#website","url":"https:\/\/lexano.eu\/","name":"Lexano","description":"Didmenin\u0117 prekyba farmacijos produktais","potentialAction":[{"@type":"SearchAction","target":{"@type":"EntryPoint","urlTemplate":"https:\/\/lexano.eu\/?s={search_term_string}"},"query-input":"required name=search_term_string"}],"inLanguage":"fr-FR"}]}},"_links":{"self":[{"href":"https:\/\/lexano.eu\/fr\/wp-json\/wp\/v2\/pages\/4354","targetHints":{"allow":["GET"]}}],"collection":[{"href":"https:\/\/lexano.eu\/fr\/wp-json\/wp\/v2\/pages"}],"about":[{"href":"https:\/\/lexano.eu\/fr\/wp-json\/wp\/v2\/types\/page"}],"author":[{"embeddable":true,"href":"https:\/\/lexano.eu\/fr\/wp-json\/wp\/v2\/users\/1"}],"replies":[{"embeddable":true,"href":"https:\/\/lexano.eu\/fr\/wp-json\/wp\/v2\/comments?post=4354"}],"version-history":[{"count":30,"href":"https:\/\/lexano.eu\/fr\/wp-json\/wp\/v2\/pages\/4354\/revisions"}],"predecessor-version":[{"id":10692,"href":"https:\/\/lexano.eu\/fr\/wp-json\/wp\/v2\/pages\/4354\/revisions\/10692"}],"wp:attachment":[{"href":"https:\/\/lexano.eu\/fr\/wp-json\/wp\/v2\/media?parent=4354"}],"curies":[{"name":"wp","href":"https:\/\/api.w.org\/{rel}","templated":true}]}}