{"id":3997,"date":"2021-06-08T13:07:09","date_gmt":"2021-06-08T13:07:09","guid":{"rendered":"http:\/\/lexano.adrecords.lt\/?page_id=3997"},"modified":"2021-12-28T16:01:19","modified_gmt":"2021-12-28T16:01:19","slug":"ligoninems","status":"publish","type":"page","link":"https:\/\/lexano.eu\/fr\/ligoninems\/","title":{"rendered":"H\u00f4pitaux"},"content":{"rendered":"<div class=\"vc_row wpb_row vc_row-fluid\" ><div class=\"wpb_column vc_column_container vc_col-sm-12\"><div class=\"vc_column-inner\"><div class=\"wpb_wrapper\"><div class=\"edgtf-elements-holder   edgtf-two-columns  edgtf-responsive-mode-1024\" ><div class=\"edgtf-eh-item\" style=\"background-image: url(https:\/\/lexano.eu\/wp-content\/uploads\/2021\/12\/Ligoninems_900x900_zema-kaina_1228.jpg)\" data-item-class=\"edgtf-eh-custom-4008\" data-1025-1366=\"40% 0\" data-769-1024=\"28.5% 0 28.5% 0\">\n\t<div class=\"edgtf-eh-item-inner\">\n\t\t<div class=\"edgtf-eh-item-content edgtf-eh-custom-4008\" style=\"padding: 33.5% 0 33.5% 0\">\n\t\t\t\t\t<\/div>\n\t<\/div>\n<\/div><div class=\"edgtf-eh-item\"  data-item-class=\"edgtf-eh-custom-4381\" data-1367-1600=\"0px 10% 30px 10%\" data-1025-1366=\"0px 6% 30px 8%\" data-769-1024=\"11% 20% 14% 21.5%\" data-681-768=\"11% 12% 11% 14%\" data-680=\"50px 10% 50px 17%\">\n\t<div class=\"edgtf-eh-item-inner\">\n\t\t<div class=\"edgtf-eh-item-content edgtf-eh-custom-4381\" style=\"padding: 0px 20% 30px 21.5%\">\n\t\t\t\n\t<div class=\"wpb_text_column wpb_content_element\" >\n\t\t<div class=\"wpb_wrapper\">\n\t\t\t<h2>MEILLEURS PRIX<\/h2>\n\n\t\t<\/div>\n\t<\/div>\n<div class=\"vc_empty_space\"   style=\"height: 13px\"><span class=\"vc_empty_space_inner\"><\/span><\/div><div class=\"edgtf-separator-holder clearfix  edgtf-separator-left\">\n\t<div class=\"edgtf-separator\" style=\"border-color: #000000;border-style: solid;width: 66px;border-bottom-width: 4px\"><\/div>\n<\/div>\n\n\t<div class=\"wpb_text_column wpb_content_element\" >\n\t\t<div class=\"wpb_wrapper\">\n\t\t\t<p>Nous proposons une large s\u00e9lection de m\u00e9dicaments originaux et de m\u00e9dicaments avanc\u00e9s pour les h\u00f4pitaux \u00e0 des prix comp\u00e9titifs. Nos partenaires fiables install\u00e9s partout dans le monde nous permettent de garantir les meilleurs prix.<\/p>\n\n\t\t<\/div>\n\t<\/div>\n\t\t<\/div>\n\t<\/div>\n<\/div><\/div><\/div><\/div><\/div><\/div><div class=\"vc_row wpb_row vc_row-fluid\" ><div class=\"wpb_column vc_column_container vc_col-sm-12\"><div class=\"vc_column-inner\"><div class=\"wpb_wrapper\"><div class=\"edgtf-elements-holder   edgtf-two-columns  edgtf-responsive-mode-1024\" ><div class=\"edgtf-eh-item\"  data-item-class=\"edgtf-eh-custom-2825\" data-1367-1600=\"0px 10% 30px 10%\" data-1025-1366=\"0px 6% 30px 8%\" data-769-1024=\"11% 20% 14% 21.5%\" data-681-768=\"11% 12% 11% 14%\" data-680=\"50px 10% 50px 17%\">\n\t<div class=\"edgtf-eh-item-inner\">\n\t\t<div class=\"edgtf-eh-item-content edgtf-eh-custom-2825\" style=\"padding: 0px 20% 30px 21.5%\">\n\t\t\t\n\t<div class=\"wpb_text_column wpb_content_element\" >\n\t\t<div class=\"wpb_wrapper\">\n\t\t\t<h2>R\u00c9SEAU \u00c9TENDU DE PARTENAIRES<\/h2>\n\n\t\t<\/div>\n\t<\/div>\n<div class=\"vc_empty_space\"   style=\"height: 13px\"><span class=\"vc_empty_space_inner\"><\/span><\/div><div class=\"edgtf-separator-holder clearfix  edgtf-separator-left\">\n\t<div class=\"edgtf-separator\" style=\"border-color: #000000;border-style: solid;width: 66px;border-bottom-width: 4px\"><\/div>\n<\/div>\n\n\t<div class=\"wpb_text_column wpb_content_element\" >\n\t\t<div class=\"wpb_wrapper\">\n\t\t\t<p>Gr\u00e2ce \u00e0 notre r\u00e9seau de plus de 1000 fournisseurs, fabricants et grossistes install\u00e9s partout dans le monde, nous pouvons offrir un tr\u00e8s large choix de m\u00e9dicaments. Nous distribuons \u00e9galement les m\u00e9dicaments rares.<\/p>\n\n\t\t<\/div>\n\t<\/div>\n\t\t<\/div>\n\t<\/div>\n<\/div><div class=\"edgtf-eh-item\" style=\"background-image: url(https:\/\/lexano.eu\/wp-content\/uploads\/2021\/12\/Didmenininkams_900x900_partneriai_1228.jpg)\" data-item-class=\"edgtf-eh-custom-8008\" data-1025-1366=\"40% 0\" data-769-1024=\"28.5% 0 28.5% 0\">\n\t<div class=\"edgtf-eh-item-inner\">\n\t\t<div class=\"edgtf-eh-item-content edgtf-eh-custom-8008\" style=\"padding: 33.5% 0 33.5% 0\">\n\t\t\t\t\t<\/div>\n\t<\/div>\n<\/div><\/div><\/div><\/div><\/div><\/div><div class=\"vc_row wpb_row vc_row-fluid\" ><div class=\"wpb_column vc_column_container vc_col-sm-12\"><div class=\"vc_column-inner\"><div class=\"wpb_wrapper\"><div class=\"edgtf-elements-holder   edgtf-two-columns  edgtf-responsive-mode-1024\" ><div class=\"edgtf-eh-item\" style=\"background-image: url(https:\/\/lexano.eu\/wp-content\/uploads\/2021\/12\/Ligoninems_900x900_asortimentas_1228.jpg)\" data-item-class=\"edgtf-eh-custom-4265\" data-1025-1366=\"40% 0\" data-769-1024=\"28.5% 0 28.5% 0\">\n\t<div class=\"edgtf-eh-item-inner\">\n\t\t<div class=\"edgtf-eh-item-content edgtf-eh-custom-4265\" style=\"padding: 33.5% 0 33.5% 0\">\n\t\t\t\t\t<\/div>\n\t<\/div>\n<\/div><div class=\"edgtf-eh-item\"  data-item-class=\"edgtf-eh-custom-1937\" data-1367-1600=\"0px 10% 30px 10%\" data-1025-1366=\"0px 6% 30px 8%\" data-769-1024=\"0% 20% 14% 21.5%\" data-681-768=\"0% 12% 15% 14%\" data-680=\"0px 10% 80px 17%\">\n\t<div class=\"edgtf-eh-item-inner\">\n\t\t<div class=\"edgtf-eh-item-content edgtf-eh-custom-1937\" style=\"padding: 0px 20% 30px 21.5%\">\n\t\t\t\n\t<div class=\"wpb_text_column wpb_content_element\" >\n\t\t<div class=\"wpb_wrapper\">\n\t\t\t<h2>LARGE CHOIX<\/h2>\n\n\t\t<\/div>\n\t<\/div>\n<div class=\"vc_empty_space\"   style=\"height: 13px\"><span class=\"vc_empty_space_inner\"><\/span><\/div><div class=\"edgtf-separator-holder clearfix  edgtf-separator-left\">\n\t<div class=\"edgtf-separator\" style=\"border-color: #000000;border-style: solid;width: 66px;border-bottom-width: 4px\"><\/div>\n<\/div>\n\n\t<div class=\"wpb_text_column wpb_content_element\" >\n\t\t<div class=\"wpb_wrapper\">\n\t\t\t<p>Outre nos gammes classiques de m\u00e9dicaments, nous fournissons \u00e9galement les m\u00e9dicaments et les traitements modernes pour les maladies oncologiques et le Sida. Nous distribuons aussi les m\u00e9dicaments orphelins.<\/p>\n\n\t\t<\/div>\n\t<\/div>\n\t\t<\/div>\n\t<\/div>\n<\/div><\/div><\/div><\/div><\/div><\/div><div class=\"vc_row wpb_row vc_row-fluid\" ><div class=\"wpb_column vc_column_container vc_col-sm-12\"><div class=\"vc_column-inner\"><div class=\"wpb_wrapper\"><div class=\"edgtf-elements-holder   edgtf-two-columns  edgtf-responsive-mode-1024\" ><div class=\"edgtf-eh-item\"  data-item-class=\"edgtf-eh-custom-8792\" data-1367-1600=\"0px 10% 30px 10%\" data-1025-1366=\"0px 6% 30px 8%\" data-769-1024=\"11% 20% 14% 21.5%\" data-681-768=\"11% 12% 11% 14%\" data-680=\"50px 10% 50px 17%\">\n\t<div class=\"edgtf-eh-item-inner\">\n\t\t<div class=\"edgtf-eh-item-content edgtf-eh-custom-8792\" style=\"padding: 0px 20% 30px 21.5%\">\n\t\t\t\n\t<div class=\"wpb_text_column wpb_content_element\" >\n\t\t<div class=\"wpb_wrapper\">\n\t\t\t<h2>VOS M\u00c9DICAMENTS SOUS 48 HEURES<\/h2>\n\n\t\t<\/div>\n\t<\/div>\n<div class=\"vc_empty_space\"   style=\"height: 13px\"><span class=\"vc_empty_space_inner\"><\/span><\/div><div class=\"edgtf-separator-holder clearfix  edgtf-separator-left\">\n\t<div class=\"edgtf-separator\" style=\"border-color: #000000;border-style: solid;width: 66px;border-bottom-width: 4px\"><\/div>\n<\/div>\n\n\t<div class=\"wpb_text_column wpb_content_element\" >\n\t\t<div class=\"wpb_wrapper\">\n\t\t\t<p>Notre entrep\u00f4t, install\u00e9 \u00e0 30 minutes de l\u2019a\u00e9roport international, permet une livraison rapide des produits pharmaceutiques et autres m\u00e9dicaments aux h\u00f4pitaux. En effet, nous pouvons livrer les commandes les plus urgentes sous 48 heures.<\/p>\n\n\t\t<\/div>\n\t<\/div>\n\t\t<\/div>\n\t<\/div>\n<\/div><div class=\"edgtf-eh-item\" style=\"background-image: url(https:\/\/lexano.eu\/wp-content\/uploads\/2021\/12\/Didmenininkams_900x900_48pristatymas_1228.jpg)\" data-item-class=\"edgtf-eh-custom-8320\" data-1025-1366=\"40% 0\" data-769-1024=\"28.5% 0 28.5% 0\">\n\t<div class=\"edgtf-eh-item-inner\">\n\t\t<div class=\"edgtf-eh-item-content edgtf-eh-custom-8320\" style=\"padding: 33.5% 0 33.5% 0\">\n\t\t\t\t\t<\/div>\n\t<\/div>\n<\/div><\/div><\/div><\/div><\/div><\/div><div class=\"vc_row wpb_row vc_row-fluid\" ><div class=\"wpb_column vc_column_container vc_col-sm-12\"><div class=\"vc_column-inner\"><div class=\"wpb_wrapper\"><div class=\"edgtf-elements-holder   edgtf-two-columns  edgtf-responsive-mode-1024\" ><div class=\"edgtf-eh-item\" style=\"background-image: url(https:\/\/lexano.eu\/wp-content\/uploads\/2021\/12\/Ligoninems_900x900_saugumas_1228.jpg)\" data-item-class=\"edgtf-eh-custom-6931\" data-1025-1366=\"40% 0\" data-769-1024=\"28.5% 0 28.5% 0\">\n\t<div class=\"edgtf-eh-item-inner\">\n\t\t<div class=\"edgtf-eh-item-content edgtf-eh-custom-6931\" style=\"padding: 33.5% 0 33.5% 0\">\n\t\t\t\t\t<\/div>\n\t<\/div>\n<\/div><div class=\"edgtf-eh-item\"  data-item-class=\"edgtf-eh-custom-7632\" data-1367-1600=\"0px 10% 30px 10%\" data-1025-1366=\"0px 6% 30px 8%\" data-769-1024=\"0% 20% 14% 21.5%\" data-681-768=\"0% 12% 15% 14%\" data-680=\"0px 10% 80px 17%\">\n\t<div class=\"edgtf-eh-item-inner\">\n\t\t<div class=\"edgtf-eh-item-content edgtf-eh-custom-7632\" style=\"padding: 0px 20% 30px 21.5%\">\n\t\t\t\n\t<div class=\"wpb_text_column wpb_content_element\" >\n\t\t<div class=\"wpb_wrapper\">\n\t\t\t<h2>EXPERTISE<\/h2>\n\n\t\t<\/div>\n\t<\/div>\n<div class=\"vc_empty_space\"   style=\"height: 13px\"><span class=\"vc_empty_space_inner\"><\/span><\/div><div class=\"edgtf-separator-holder clearfix  edgtf-separator-left\">\n\t<div class=\"edgtf-separator\" style=\"border-color: #000000;border-style: solid;width: 66px;border-bottom-width: 4px\"><\/div>\n<\/div>\n\n\t<div class=\"wpb_text_column wpb_content_element\" >\n\t\t<div class=\"wpb_wrapper\">\n\t\t\t<p>Lexano est sp\u00e9cialis\u00e9 en approvisionnement d\u2019agents oncologiques progressifs, d\u2019antiviraux, d\u2019agents anthelminthiques et d\u2019anti-infectieux pour les h\u00f4pitaux, cliniques et autres \u00e9tablissements de sant\u00e9.<\/p>\n<p>Nous assurons aussi l\u2019approvisionnement de produits pharmaceutiques et de vaccins rares et non homologu\u00e9s d\u00e8s lors qu\u2019il est possible et l\u00e9gal de les obtenir.<\/p>\n\n\t\t<\/div>\n\t<\/div>\n\t\t<\/div>\n\t<\/div>\n<\/div><\/div><\/div><\/div><\/div><\/div>","protected":false},"excerpt":{"rendered":"Ma\u017eesn\u0117s kainos Si\u016blome plat\u0173 originali\u0173 ir pa\u017eangi\u0173 vaist\u0173 ligonin\u0117ms asortiment\u0105 ma\u017eesn\u0117mis kainomis. U\u017etikrinti palankias kainas mums leid\u017eia m\u016bs\u0173 vykdoma lygiagreti prekyba. \u0160iuo metu bendradarbiaujame su 17 pagrindini\u0173 Baltijos \u0161ali\u0173 ligonini\u0173. Platus partneri\u0173 tinklas Dirbame daugiau nei su 1000 tiek\u0117j\u0173, gamintoj\u0173 [...]","protected":false},"author":1,"featured_media":0,"parent":0,"menu_order":0,"comment_status":"closed","ping_status":"closed","template":"full-width.php","meta":{"footnotes":""},"class_list":["post-3997","page","type-page","status-publish","hentry"],"yoast_head":"<!-- This site is optimized with the Yoast SEO plugin v22.5 - https:\/\/yoast.com\/wordpress\/plugins\/seo\/ -->\n<title>Ligonin\u0117ms - Lexano<\/title>\n<meta name=\"robots\" content=\"index, follow, max-snippet:-1, max-image-preview:large, max-video-preview:-1\" \/>\n<link rel=\"canonical\" href=\"https:\/\/lexano.eu\/fr\/ligoninems\/\" \/>\n<meta property=\"og:locale\" content=\"fr_FR\" \/>\n<meta property=\"og:type\" content=\"article\" \/>\n<meta property=\"og:title\" content=\"Ligonin\u0117ms - Lexano\" \/>\n<meta property=\"og:url\" content=\"https:\/\/lexano.eu\/fr\/ligoninems\/\" \/>\n<meta property=\"og:site_name\" content=\"Lexano\" \/>\n<meta property=\"article:modified_time\" content=\"2021-12-28T16:01:19+00:00\" \/>\n<meta name=\"twitter:card\" content=\"summary_large_image\" \/>\n<meta name=\"twitter:label1\" content=\"Dur\u00e9e de lecture estim\u00e9e\" \/>\n\t<meta name=\"twitter:data1\" content=\"3 minutes\" \/>\n<script type=\"application\/ld+json\" class=\"yoast-schema-graph\">{\"@context\":\"https:\/\/schema.org\",\"@graph\":[{\"@type\":\"WebPage\",\"@id\":\"https:\/\/lexano.eu\/cn\/ligoninems\/\",\"url\":\"https:\/\/lexano.eu\/cn\/ligoninems\/\",\"name\":\"Ligonin\u0117ms - Lexano\",\"isPartOf\":{\"@id\":\"https:\/\/lexano.eu\/#website\"},\"datePublished\":\"2021-06-08T13:07:09+00:00\",\"dateModified\":\"2021-12-28T16:01:19+00:00\",\"breadcrumb\":{\"@id\":\"https:\/\/lexano.eu\/cn\/ligoninems\/#breadcrumb\"},\"inLanguage\":\"fr-FR\",\"potentialAction\":[{\"@type\":\"ReadAction\",\"target\":[\"https:\/\/lexano.eu\/cn\/ligoninems\/\"]}]},{\"@type\":\"BreadcrumbList\",\"@id\":\"https:\/\/lexano.eu\/cn\/ligoninems\/#breadcrumb\",\"itemListElement\":[{\"@type\":\"ListItem\",\"position\":1,\"name\":\"Home\",\"item\":\"https:\/\/lexano.eu\/\"},{\"@type\":\"ListItem\",\"position\":2,\"name\":\"Ligonin\u0117ms\"}]},{\"@type\":\"WebSite\",\"@id\":\"https:\/\/lexano.eu\/#website\",\"url\":\"https:\/\/lexano.eu\/\",\"name\":\"Lexano\",\"description\":\"Didmenin\u0117 prekyba farmacijos produktais\",\"potentialAction\":[{\"@type\":\"SearchAction\",\"target\":{\"@type\":\"EntryPoint\",\"urlTemplate\":\"https:\/\/lexano.eu\/?s={search_term_string}\"},\"query-input\":\"required name=search_term_string\"}],\"inLanguage\":\"fr-FR\"}]}<\/script>\n<!-- \/ Yoast SEO plugin. -->","yoast_head_json":{"title":"Ligonin\u0117ms - Lexano","robots":{"index":"index","follow":"follow","max-snippet":"max-snippet:-1","max-image-preview":"max-image-preview:large","max-video-preview":"max-video-preview:-1"},"canonical":"https:\/\/lexano.eu\/fr\/ligoninems\/","og_locale":"fr_FR","og_type":"article","og_title":"Ligonin\u0117ms - Lexano","og_url":"https:\/\/lexano.eu\/fr\/ligoninems\/","og_site_name":"Lexano","article_modified_time":"2021-12-28T16:01:19+00:00","twitter_card":"summary_large_image","twitter_misc":{"Dur\u00e9e de lecture estim\u00e9e":"3 minutes"},"schema":{"@context":"https:\/\/schema.org","@graph":[{"@type":"WebPage","@id":"https:\/\/lexano.eu\/cn\/ligoninems\/","url":"https:\/\/lexano.eu\/cn\/ligoninems\/","name":"Ligonin\u0117ms - Lexano","isPartOf":{"@id":"https:\/\/lexano.eu\/#website"},"datePublished":"2021-06-08T13:07:09+00:00","dateModified":"2021-12-28T16:01:19+00:00","breadcrumb":{"@id":"https:\/\/lexano.eu\/cn\/ligoninems\/#breadcrumb"},"inLanguage":"fr-FR","potentialAction":[{"@type":"ReadAction","target":["https:\/\/lexano.eu\/cn\/ligoninems\/"]}]},{"@type":"BreadcrumbList","@id":"https:\/\/lexano.eu\/cn\/ligoninems\/#breadcrumb","itemListElement":[{"@type":"ListItem","position":1,"name":"Home","item":"https:\/\/lexano.eu\/"},{"@type":"ListItem","position":2,"name":"Ligonin\u0117ms"}]},{"@type":"WebSite","@id":"https:\/\/lexano.eu\/#website","url":"https:\/\/lexano.eu\/","name":"Lexano","description":"Didmenin\u0117 prekyba farmacijos produktais","potentialAction":[{"@type":"SearchAction","target":{"@type":"EntryPoint","urlTemplate":"https:\/\/lexano.eu\/?s={search_term_string}"},"query-input":"required name=search_term_string"}],"inLanguage":"fr-FR"}]}},"_links":{"self":[{"href":"https:\/\/lexano.eu\/fr\/wp-json\/wp\/v2\/pages\/3997","targetHints":{"allow":["GET"]}}],"collection":[{"href":"https:\/\/lexano.eu\/fr\/wp-json\/wp\/v2\/pages"}],"about":[{"href":"https:\/\/lexano.eu\/fr\/wp-json\/wp\/v2\/types\/page"}],"author":[{"embeddable":true,"href":"https:\/\/lexano.eu\/fr\/wp-json\/wp\/v2\/users\/1"}],"replies":[{"embeddable":true,"href":"https:\/\/lexano.eu\/fr\/wp-json\/wp\/v2\/comments?post=3997"}],"version-history":[{"count":10,"href":"https:\/\/lexano.eu\/fr\/wp-json\/wp\/v2\/pages\/3997\/revisions"}],"predecessor-version":[{"id":4638,"href":"https:\/\/lexano.eu\/fr\/wp-json\/wp\/v2\/pages\/3997\/revisions\/4638"}],"wp:attachment":[{"href":"https:\/\/lexano.eu\/fr\/wp-json\/wp\/v2\/media?parent=3997"}],"curies":[{"name":"wp","href":"https:\/\/api.w.org\/{rel}","templated":true}]}}