{"id":167,"date":"2018-05-23T14:31:50","date_gmt":"2018-05-23T14:31:50","guid":{"rendered":"http:\/\/kenozoik.edge-themes.com\/?page_id=167"},"modified":"2024-02-21T10:35:30","modified_gmt":"2024-02-21T08:35:30","slug":"apie-mus","status":"publish","type":"page","link":"https:\/\/lexano.eu\/en\/apie-mus\/","title":{"rendered":"About us"},"content":{"rendered":"<div data-parallax-bg-image=\"https:\/\/lexano.eu\/wp-content\/uploads\/2021\/12\/Lexano_2500x900_apie-mus_title_1228.jpg\" data-parallax-bg-speed=\"1\" class=\"vc_row wpb_row vc_row-fluid edgtf-parallax-row-holder\" ><div class=\"wpb_column vc_column_container vc_col-sm-12\"><div class=\"vc_column-inner\"><div class=\"wpb_wrapper\"><div class=\"edgtf-elements-holder   edgtf-one-column  edgtf-responsive-mode-768\" ><div class=\"edgtf-eh-item   edgtf-horizontal-alignment-center\"  data-item-class=\"edgtf-eh-custom-5023\" data-1367-1600=\"15% 0 15% 0\" data-1025-1366=\"15% 0 15% 0\" data-769-1024=\"16% 0 16% 0\" data-680=\"19% 0 19% 0\">\n\t<div class=\"edgtf-eh-item-inner\">\n\t\t<div class=\"edgtf-eh-item-content edgtf-eh-custom-5023\" style=\"padding: 16% 0px 16.8% 0\">\n\t\t\t<h2 class=\"edgtf-custom-font-holder  edgtf-cf-2148\" style=\"font-family: Barlow Condensed;font-size: 120px;font-weight: 600;color: #ffffff\" data-item-class=\"edgtf-cf-2148\" data-font-size-768=\"110px\" data-font-size-680=\"85px\">\n\tAbout us<\/h2>\t\t<\/div>\n\t<\/div>\n<\/div><\/div><\/div><\/div><\/div><\/div><div class=\"edgtf-row-grid-section-wrapper\"  ><div class=\"edgtf-row-grid-section\"><div class=\"vc_row wpb_row vc_row-fluid vc_custom_1528453458672\" ><div class=\"wpb_column vc_column_container vc_col-sm-6 vc_col-lg-4 vc_col-md-4 vc_col-xs-12\"><div class=\"vc_column-inner\"><div class=\"wpb_wrapper\"><div class=\"edgtf-elements-holder   edgtf-one-column  edgtf-responsive-mode-768\" ><div class=\"edgtf-eh-item\"  data-item-class=\"edgtf-eh-custom-5270\" data-1367-1600=\"0 5% 0 0\" data-1025-1366=\"0 5% 0 0\" data-680=\"0 10% 0 10px\">\n\t<div class=\"edgtf-eh-item-inner\">\n\t\t<div class=\"edgtf-eh-item-content edgtf-eh-custom-5270\" style=\"padding: 0 10% 0 0\">\n\t\t\t<div class=\"edgtf-iwt clearfix  edgtf-iwt-icon-left edgtf-iwt-icon-tiny\">\n\t<div class=\"edgtf-iwt-icon\">\n\t\t\t\t\t<a itemprop=\"url\" href=\"#\" target=\"_self\">\n\t\t\t\t\t\t\t\t\t    <span class=\"edgtf-icon-shortcode edgtf-normal   edgtf-icon-tiny\"  >\n                    <i class=\"edgtf-icon-font-awesome fa fa-key edgtf-icon-element\" style=\"font-size:39px\" ><\/i>            <\/span>\n\t\t\t\t\t\t\t\t<\/a>\n\t\t\t<\/div>\n\t<div class=\"edgtf-iwt-content\" style=\"padding-left: 20px\">\n\t\t\t\t\t<h4 class=\"edgtf-iwt-title\" >\n\t\t\t\t\t\t\t\t\t<a itemprop=\"url\" href=\"#\" target=\"_self\">\n\t\t\t\t\t\t\t\t<span class=\"edgtf-iwt-title-text\">MARKET LEADERS, BUILDING A HEALTHIER SOCIETY<\/span>\n\t\t\t\t\t\t\t\t\t<\/a>\n\t\t\t\t\t\t\t<\/h4>\n\t\t\t\t\t\t\t<p class=\"edgtf-iwt-text\" >Lexano\u2019s mission has remained the same since its inception in 2005 \u2013 to create a healthier society. Since then, we have been striving to achieve this goal by helping people get the medicines they need at affordable prices.<\/p>\n\t\t\t<\/div>\n<\/div><div class=\"vc_empty_space\"   style=\"height: 40px\"><span class=\"vc_empty_space_inner\"><\/span><\/div>\t\t<\/div>\n\t<\/div>\n<\/div><\/div><\/div><\/div><\/div><div class=\"wpb_column vc_column_container vc_col-sm-6 vc_col-lg-4 vc_col-md-4 vc_col-xs-12\"><div class=\"vc_column-inner\"><div class=\"wpb_wrapper\"><div class=\"edgtf-elements-holder   edgtf-one-column  edgtf-responsive-mode-768\" ><div class=\"edgtf-eh-item\"  data-item-class=\"edgtf-eh-custom-8402\" data-1367-1600=\"0 0\" data-1025-1366=\"0 0\" data-680=\"40px 5% 0 0\">\n\t<div class=\"edgtf-eh-item-inner\">\n\t\t<div class=\"edgtf-eh-item-content edgtf-eh-custom-8402\" style=\"padding: 0 10% 0 0\">\n\t\t\t<div class=\"edgtf-iwt clearfix  edgtf-iwt-icon-left edgtf-iwt-icon-tiny\">\n\t<div class=\"edgtf-iwt-icon\">\n\t\t\t\t\t<a itemprop=\"url\" href=\"#\" target=\"_self\">\n\t\t\t\t\t\t\t\t\t    <span class=\"edgtf-icon-shortcode edgtf-normal   edgtf-icon-tiny\"  >\n                    <i class=\"edgtf-icon-font-awesome fa fa-rocket edgtf-icon-element\" style=\"font-size:39px\" ><\/i>            <\/span>\n\t\t\t\t\t\t\t\t<\/a>\n\t\t\t<\/div>\n\t<div class=\"edgtf-iwt-content\" style=\"padding-left: 20px\">\n\t\t\t\t\t<h4 class=\"edgtf-iwt-title\" >\n\t\t\t\t\t\t\t\t\t<a itemprop=\"url\" href=\"#\" target=\"_self\">\n\t\t\t\t\t\t\t\t<span class=\"edgtf-iwt-title-text\">HOW DO WE DO IT?<\/span>\n\t\t\t\t\t\t\t\t\t<\/a>\n\t\t\t\t\t\t\t<\/h4>\n\t\t\t\t\t\t\t<p class=\"edgtf-iwt-text\" >We work well as a team, and we know our field of pharmaceutical wholesale very well.\n\nWe were the first in the Baltic States to start supplying patients with the most popular medicines from other EU countries at lower prices.\n\nOur strategy is based on one of the fundamental principles of the European Union - the free movement of goods within the Union. Based on this principle, we can offer medicines from the same manufacturers to the Lithuanian population at a lower cost than marketing authorization holders.<\/p>\n\t\t\t<\/div>\n<\/div><div class=\"vc_empty_space\"   style=\"height: 40px\"><span class=\"vc_empty_space_inner\"><\/span><\/div>\t\t<\/div>\n\t<\/div>\n<\/div><\/div><\/div><\/div><\/div><div class=\"wpb_column vc_column_container vc_col-sm-6 vc_col-lg-4 vc_col-md-4 vc_col-xs-12\"><div class=\"vc_column-inner\"><div class=\"wpb_wrapper\"><div class=\"edgtf-elements-holder   edgtf-one-column  edgtf-responsive-mode-768\" ><div class=\"edgtf-eh-item\"  data-item-class=\"edgtf-eh-custom-5691\" data-1367-1600=\"0 0\" data-1025-1366=\"0 0\" data-680=\"40px 10% 0 10px\">\n\t<div class=\"edgtf-eh-item-inner\">\n\t\t<div class=\"edgtf-eh-item-content edgtf-eh-custom-5691\" style=\"padding: 0 10% 0 0\">\n\t\t\t<div class=\"edgtf-iwt clearfix  edgtf-iwt-icon-left edgtf-iwt-icon-tiny\">\n\t<div class=\"edgtf-iwt-icon\">\n\t\t\t\t\t<a itemprop=\"url\" href=\"#\" target=\"_self\">\n\t\t\t\t\t\t\t\t\t    <span class=\"edgtf-icon-shortcode edgtf-normal   edgtf-icon-tiny\"  >\n                    <i class=\"edgtf-icon-font-awesome fa fa-first-aid edgtf-icon-element\" style=\"font-size:39px\" ><\/i>            <\/span>\n\t\t\t\t\t\t\t\t<\/a>\n\t\t\t<\/div>\n\t<div class=\"edgtf-iwt-content\" style=\"padding-left: 34px\">\n\t\t\t\t\t<h4 class=\"edgtf-iwt-title\" >\n\t\t\t\t\t\t\t\t\t<a itemprop=\"url\" href=\"#\" target=\"_self\">\n\t\t\t\t\t\t\t\t<span class=\"edgtf-iwt-title-text\">WE SUPPLY<\/span>\n\t\t\t\t\t\t\t\t\t<\/a>\n\t\t\t\t\t\t\t<\/h4>\n\t\t\t\t\t\t\t<p class=\"edgtf-iwt-text\" >Parallel-imported drugs to pharmacies, comparator drugs for clinical trials, orphan drugs. We are partners with more than 1000 wholesalers worldwide. We supply the products immediately. Delivery within 48 hours is standard practice for us.<\/p>\n\t\t\t<\/div>\n<\/div><div class=\"vc_empty_space\"   style=\"height: 40px\"><span class=\"vc_empty_space_inner\"><\/span><\/div>\t\t<\/div>\n\t<\/div>\n<\/div><\/div><\/div><\/div><\/div><\/div><\/div><\/div><div class=\"edgtf-row-grid-section-wrapper\"  style=\"background-color:#f6f6f6\"><div class=\"edgtf-row-grid-section\"><div class=\"vc_row wpb_row vc_row-fluid vc_custom_1528468822906\" ><div class=\"wpb_column vc_column_container vc_col-sm-12 vc_col-lg-6 vc_col-md-12\"><div class=\"vc_column-inner\"><div class=\"wpb_wrapper\"><div class=\"edgtf-elements-holder   edgtf-one-column  edgtf-responsive-mode-768\" ><div class=\"edgtf-eh-item\"  data-item-class=\"edgtf-eh-custom-9292\" data-1367-1600=\"18.6% 0 0 0\" data-1025-1366=\"18.6% 0 0 0\" data-769-1024=\"12.6% 22% 0 0\" data-680=\"32% 1% 0 0\">\n\t<div class=\"edgtf-eh-item-inner\">\n\t\t<div class=\"edgtf-eh-item-content edgtf-eh-custom-9292\" style=\"padding: 15.6% 5% 0 0\">\n\t\t\t<div class=\"edgtf-section-title-holder  edgtf-st-standard edgtf-st-left edgtf-st-normal-space\" >\n\t<div class=\"edgtf-st-inner\">\n\t\t\t\t\t<h1 class=\"edgtf-st-title\" >\n\t\t\t\tQUALITY AND SAFETY\t\t\t<\/h1>\n\t\t\t\t\t\t\t<p class=\"edgtf-st-text\" style=\"margin-top: 45px\">\n\t\t\t\tWe offer only high quality, certified medication that complies with the safety standards and is used for the treatment and prevention of various diseases.\t\t\t<\/p>\n\t\t\t<\/div>\n<\/div><div class=\"vc_empty_space\"   style=\"height: 24px\"><span class=\"vc_empty_space_inner\"><\/span><\/div>\t\t<\/div>\n\t<\/div>\n<\/div><\/div><a itemprop=\"url\" href=\"http:\/\/lexano.eu\/en\/licencijos\/\" target=\"_self\"  class=\"edgtf-btn edgtf-btn-medium edgtf-btn-solid\"  >\n    <span class=\"edgtf-btn-text\">Licenses<\/span>\n    <\/a><\/div><\/div><\/div><div class=\"wpb_column vc_column_container vc_col-sm-12 vc_col-lg-6 vc_col-md-12\"><div class=\"vc_column-inner\"><div class=\"wpb_wrapper\"><div class=\"edgtf-elements-holder   edgtf-one-column  edgtf-responsive-mode-768\" ><div class=\"edgtf-eh-item\"  data-item-class=\"edgtf-eh-custom-8147\" data-1367-1600=\"40px 0 7.5% 12%\" data-1025-1366=\"40px 0 7.5% 12%\" data-769-1024=\"0 0 3% 15%\" data-681-768=\"0 0 20px 3%\" data-680=\"20px 0 28% 0\">\n\t<div class=\"edgtf-eh-item-inner\">\n\t\t<div class=\"edgtf-eh-item-content edgtf-eh-custom-8147\" style=\"padding: 0 0 0 12%\">\n\t\t\t<div class=\"edgtf-single-image-holder\">\n    <div class=\"edgtf-si-inner\" >\n                                    <img loading=\"lazy\" decoding=\"async\" width=\"560\" height=\"509\" src=\"https:\/\/lexano.eu\/wp-content\/uploads\/2021\/07\/Apiemus-home-kokybe-img.png\" class=\"attachment-full size-full\" alt=\"\" srcset=\"https:\/\/lexano.eu\/wp-content\/uploads\/2021\/07\/Apiemus-home-kokybe-img.png 560w, https:\/\/lexano.eu\/wp-content\/uploads\/2021\/07\/Apiemus-home-kokybe-img-300x273.png 300w\" sizes=\"auto, (max-width: 560px) 100vw, 560px\" \/>                        <\/div>\n<\/div>\t\t<\/div>\n\t<\/div>\n<\/div><\/div><\/div><\/div><\/div><\/div><\/div><\/div><div class=\"vc_row wpb_row vc_row-fluid\" ><div class=\"wpb_column vc_column_container vc_col-sm-12\"><div class=\"vc_column-inner\"><div class=\"wpb_wrapper\"><div class=\"edgtf-elements-holder   edgtf-one-column  edgtf-responsive-mode-768\" ><div class=\"edgtf-eh-item   edgtf-horizontal-alignment-center\" style=\"background-image: url(https:\/\/lexano.eu\/wp-content\/uploads\/2021\/07\/Lexano_landing_1914x1123_foto5_edit.jpg)\" data-item-class=\"edgtf-eh-custom-1786\">\n\t<div class=\"edgtf-eh-item-inner\">\n\t\t<div class=\"edgtf-eh-item-content edgtf-eh-custom-1786\" style=\"padding: 16.2% 0 17.6% 0\">\n\t\t\t<div class=\"edgtf-video-button-holder\">\n\t<div class=\"edgtf-video-button-image\">\n\t\t\t<\/div>\n\t\t\t<a class=\"edgtf-video-button-play\"  href=\"https:\/\/youtu.be\/HdIMNCBAFrM\" data-rel=\"prettyPhoto[video_button_pretty_photo_401]\">\n\t\t\t<span class=\"edgtf-video-button-play-inner\">\n\t\t\t\t<span class=\"arrow_triangle-right\"><\/span>\n\t\t\t<\/span>\n\t\t<\/a>\n\t<\/div>\t\t<\/div>\n\t<\/div>\n<\/div><\/div><\/div><\/div><\/div><\/div>","protected":false},"excerpt":{"rendered":"Apie mus RINKOS LYDERIAI, KURIANTYS SVEIKESN\u0118 VISUOMEN\u0118 \u201eLex Ano\u201c misija nuo \u012fmon\u0117s \u012fk\u016brimo i\u0161liko ta pati \u2013 kurti sveikesn\u0119 visuomen\u0119. Nuo pat 2005 met\u0173, \u0161io tikslo siekiame pad\u0117dami \u017emon\u0117ms gauti jiems reikiamus vaistus u\u017e prieinam\u0105 kain\u0105. \u0160iandien d\u017eiaugiam\u0117s savo atkaklaus [...]","protected":false},"author":1,"featured_media":0,"parent":0,"menu_order":0,"comment_status":"closed","ping_status":"closed","template":"full-width.php","meta":{"footnotes":""},"class_list":["post-167","page","type-page","status-publish","hentry"],"yoast_head":"<!-- This site is optimized with the Yoast SEO plugin v22.5 - https:\/\/yoast.com\/wordpress\/plugins\/seo\/ -->\n<title>Apie mus - Lexano<\/title>\n<meta name=\"description\" content=\"Profesionalai i\u0161manantys savo srit\u012f \u2013 didmenin\u0119 prekyb\u0105 vaistais. Pirmieji Baltijos \u0161alyse pacientams prad\u0117jome tiekti populiariausius vaistus i\u0161 kit\u0173 ES \u0161ali\u0173 \u017eemesn\u0117mis kainomis.\" \/>\n<meta name=\"robots\" content=\"index, follow, max-snippet:-1, max-image-preview:large, max-video-preview:-1\" \/>\n<link rel=\"canonical\" href=\"https:\/\/lexano.eu\/en\/apie-mus\/\" \/>\n<meta property=\"og:locale\" content=\"en_GB\" \/>\n<meta property=\"og:type\" content=\"article\" \/>\n<meta property=\"og:title\" content=\"Apie mus - Lexano\" \/>\n<meta property=\"og:description\" content=\"Profesionalai i\u0161manantys savo srit\u012f \u2013 didmenin\u0119 prekyb\u0105 vaistais. Pirmieji Baltijos \u0161alyse pacientams prad\u0117jome tiekti populiariausius vaistus i\u0161 kit\u0173 ES \u0161ali\u0173 \u017eemesn\u0117mis kainomis.\" \/>\n<meta property=\"og:url\" content=\"https:\/\/lexano.eu\/en\/apie-mus\/\" \/>\n<meta property=\"og:site_name\" content=\"Lexano\" \/>\n<meta property=\"article:modified_time\" content=\"2024-02-21T08:35:30+00:00\" \/>\n<meta name=\"twitter:card\" content=\"summary_large_image\" \/>\n<meta name=\"twitter:label1\" content=\"Estimated reading time\" \/>\n\t<meta name=\"twitter:data1\" content=\"3 minutes\" \/>\n<script type=\"application\/ld+json\" class=\"yoast-schema-graph\">{\"@context\":\"https:\/\/schema.org\",\"@graph\":[{\"@type\":\"WebPage\",\"@id\":\"https:\/\/lexano.eu\/apie-mus\/\",\"url\":\"https:\/\/lexano.eu\/apie-mus\/\",\"name\":\"Apie mus - Lexano\",\"isPartOf\":{\"@id\":\"https:\/\/lexano.eu\/#website\"},\"datePublished\":\"2018-05-23T14:31:50+00:00\",\"dateModified\":\"2024-02-21T08:35:30+00:00\",\"description\":\"Profesionalai i\u0161manantys savo srit\u012f \u2013 didmenin\u0119 prekyb\u0105 vaistais. Pirmieji Baltijos \u0161alyse pacientams prad\u0117jome tiekti populiariausius vaistus i\u0161 kit\u0173 ES \u0161ali\u0173 \u017eemesn\u0117mis kainomis.\",\"breadcrumb\":{\"@id\":\"https:\/\/lexano.eu\/apie-mus\/#breadcrumb\"},\"inLanguage\":\"en-GB\",\"potentialAction\":[{\"@type\":\"ReadAction\",\"target\":[\"https:\/\/lexano.eu\/apie-mus\/\"]}]},{\"@type\":\"BreadcrumbList\",\"@id\":\"https:\/\/lexano.eu\/apie-mus\/#breadcrumb\",\"itemListElement\":[{\"@type\":\"ListItem\",\"position\":1,\"name\":\"Home\",\"item\":\"https:\/\/lexano.eu\/\"},{\"@type\":\"ListItem\",\"position\":2,\"name\":\"Apie mus\"}]},{\"@type\":\"WebSite\",\"@id\":\"https:\/\/lexano.eu\/#website\",\"url\":\"https:\/\/lexano.eu\/\",\"name\":\"Lexano\",\"description\":\"Didmenin\u0117 prekyba farmacijos produktais\",\"potentialAction\":[{\"@type\":\"SearchAction\",\"target\":{\"@type\":\"EntryPoint\",\"urlTemplate\":\"https:\/\/lexano.eu\/?s={search_term_string}\"},\"query-input\":\"required name=search_term_string\"}],\"inLanguage\":\"en-GB\"}]}<\/script>\n<!-- \/ Yoast SEO plugin. -->","yoast_head_json":{"title":"Apie mus - Lexano","description":"Profesionalai i\u0161manantys savo srit\u012f \u2013 didmenin\u0119 prekyb\u0105 vaistais. Pirmieji Baltijos \u0161alyse pacientams prad\u0117jome tiekti populiariausius vaistus i\u0161 kit\u0173 ES \u0161ali\u0173 \u017eemesn\u0117mis kainomis.","robots":{"index":"index","follow":"follow","max-snippet":"max-snippet:-1","max-image-preview":"max-image-preview:large","max-video-preview":"max-video-preview:-1"},"canonical":"https:\/\/lexano.eu\/en\/apie-mus\/","og_locale":"en_GB","og_type":"article","og_title":"Apie mus - Lexano","og_description":"Profesionalai i\u0161manantys savo srit\u012f \u2013 didmenin\u0119 prekyb\u0105 vaistais. Pirmieji Baltijos \u0161alyse pacientams prad\u0117jome tiekti populiariausius vaistus i\u0161 kit\u0173 ES \u0161ali\u0173 \u017eemesn\u0117mis kainomis.","og_url":"https:\/\/lexano.eu\/en\/apie-mus\/","og_site_name":"Lexano","article_modified_time":"2024-02-21T08:35:30+00:00","twitter_card":"summary_large_image","twitter_misc":{"Estimated reading time":"3 minutes"},"schema":{"@context":"https:\/\/schema.org","@graph":[{"@type":"WebPage","@id":"https:\/\/lexano.eu\/apie-mus\/","url":"https:\/\/lexano.eu\/apie-mus\/","name":"Apie mus - Lexano","isPartOf":{"@id":"https:\/\/lexano.eu\/#website"},"datePublished":"2018-05-23T14:31:50+00:00","dateModified":"2024-02-21T08:35:30+00:00","description":"Profesionalai i\u0161manantys savo srit\u012f \u2013 didmenin\u0119 prekyb\u0105 vaistais. Pirmieji Baltijos \u0161alyse pacientams prad\u0117jome tiekti populiariausius vaistus i\u0161 kit\u0173 ES \u0161ali\u0173 \u017eemesn\u0117mis kainomis.","breadcrumb":{"@id":"https:\/\/lexano.eu\/apie-mus\/#breadcrumb"},"inLanguage":"en-GB","potentialAction":[{"@type":"ReadAction","target":["https:\/\/lexano.eu\/apie-mus\/"]}]},{"@type":"BreadcrumbList","@id":"https:\/\/lexano.eu\/apie-mus\/#breadcrumb","itemListElement":[{"@type":"ListItem","position":1,"name":"Home","item":"https:\/\/lexano.eu\/"},{"@type":"ListItem","position":2,"name":"Apie mus"}]},{"@type":"WebSite","@id":"https:\/\/lexano.eu\/#website","url":"https:\/\/lexano.eu\/","name":"Lexano","description":"Didmenin\u0117 prekyba farmacijos produktais","potentialAction":[{"@type":"SearchAction","target":{"@type":"EntryPoint","urlTemplate":"https:\/\/lexano.eu\/?s={search_term_string}"},"query-input":"required name=search_term_string"}],"inLanguage":"en-GB"}]}},"_links":{"self":[{"href":"https:\/\/lexano.eu\/en\/wp-json\/wp\/v2\/pages\/167","targetHints":{"allow":["GET"]}}],"collection":[{"href":"https:\/\/lexano.eu\/en\/wp-json\/wp\/v2\/pages"}],"about":[{"href":"https:\/\/lexano.eu\/en\/wp-json\/wp\/v2\/types\/page"}],"author":[{"embeddable":true,"href":"https:\/\/lexano.eu\/en\/wp-json\/wp\/v2\/users\/1"}],"replies":[{"embeddable":true,"href":"https:\/\/lexano.eu\/en\/wp-json\/wp\/v2\/comments?post=167"}],"version-history":[{"count":24,"href":"https:\/\/lexano.eu\/en\/wp-json\/wp\/v2\/pages\/167\/revisions"}],"predecessor-version":[{"id":4737,"href":"https:\/\/lexano.eu\/en\/wp-json\/wp\/v2\/pages\/167\/revisions\/4737"}],"wp:attachment":[{"href":"https:\/\/lexano.eu\/en\/wp-json\/wp\/v2\/media?parent=167"}],"curies":[{"name":"wp","href":"https:\/\/api.w.org\/{rel}","templated":true}]}}