{"id":5543,"date":"2024-10-14T06:35:30","date_gmt":"2024-10-14T03:35:30","guid":{"rendered":"https:\/\/lexano.eu\/?page_id=5543"},"modified":"2024-10-14T06:35:30","modified_gmt":"2024-10-14T03:35:30","slug":"zaizdu-prieziurai","status":"publish","type":"page","link":"https:\/\/lexano.eu\/ee\/zaizdu-prieziurai\/","title":{"rendered":"\u017daizd\u0173 prie\u017ei\u016brai"},"content":{"rendered":"","protected":false},"excerpt":{"rendered":"","protected":false},"author":1,"featured_media":0,"parent":0,"menu_order":0,"comment_status":"closed","ping_status":"closed","template":"","meta":{"footnotes":""},"class_list":["post-5543","page","type-page","status-publish","hentry"],"yoast_head":"<!-- This site is optimized with the Yoast SEO plugin v22.5 - https:\/\/yoast.com\/wordpress\/plugins\/seo\/ -->\n<title>\u017daizd\u0173 prie\u017ei\u016brai - Lexano<\/title>\n<meta name=\"robots\" content=\"index, follow, max-snippet:-1, max-image-preview:large, max-video-preview:-1\" \/>\n<link rel=\"canonical\" href=\"https:\/\/lexano.eu\/ee\/zaizdu-prieziurai\/\" \/>\n<meta property=\"og:locale\" content=\"et_EE\" \/>\n<meta property=\"og:type\" content=\"article\" \/>\n<meta property=\"og:title\" content=\"\u017daizd\u0173 prie\u017ei\u016brai - Lexano\" \/>\n<meta property=\"og:url\" content=\"https:\/\/lexano.eu\/ee\/zaizdu-prieziurai\/\" \/>\n<meta property=\"og:site_name\" content=\"Lexano\" \/>\n<meta name=\"twitter:card\" content=\"summary_large_image\" \/>\n<script type=\"application\/ld+json\" class=\"yoast-schema-graph\">{\"@context\":\"https:\/\/schema.org\",\"@graph\":[{\"@type\":\"WebPage\",\"@id\":\"https:\/\/lexano.eu\/zaizdu-prieziurai\/\",\"url\":\"https:\/\/lexano.eu\/zaizdu-prieziurai\/\",\"name\":\"\u017daizd\u0173 prie\u017ei\u016brai - Lexano\",\"isPartOf\":{\"@id\":\"https:\/\/lexano.eu\/#website\"},\"datePublished\":\"2024-10-14T03:35:30+00:00\",\"dateModified\":\"2024-10-14T03:35:30+00:00\",\"breadcrumb\":{\"@id\":\"https:\/\/lexano.eu\/zaizdu-prieziurai\/#breadcrumb\"},\"inLanguage\":\"et\",\"potentialAction\":[{\"@type\":\"ReadAction\",\"target\":[\"https:\/\/lexano.eu\/zaizdu-prieziurai\/\"]}]},{\"@type\":\"BreadcrumbList\",\"@id\":\"https:\/\/lexano.eu\/zaizdu-prieziurai\/#breadcrumb\",\"itemListElement\":[{\"@type\":\"ListItem\",\"position\":1,\"name\":\"Home\",\"item\":\"https:\/\/lexano.eu\/\"},{\"@type\":\"ListItem\",\"position\":2,\"name\":\"\u017daizd\u0173 prie\u017ei\u016brai\"}]},{\"@type\":\"WebSite\",\"@id\":\"https:\/\/lexano.eu\/#website\",\"url\":\"https:\/\/lexano.eu\/\",\"name\":\"Lexano\",\"description\":\"Didmenin\u0117 prekyba farmacijos produktais\",\"potentialAction\":[{\"@type\":\"SearchAction\",\"target\":{\"@type\":\"EntryPoint\",\"urlTemplate\":\"https:\/\/lexano.eu\/?s={search_term_string}\"},\"query-input\":\"required name=search_term_string\"}],\"inLanguage\":\"et\"}]}<\/script>\n<!-- \/ Yoast SEO plugin. -->","yoast_head_json":{"title":"\u017daizd\u0173 prie\u017ei\u016brai - Lexano","robots":{"index":"index","follow":"follow","max-snippet":"max-snippet:-1","max-image-preview":"max-image-preview:large","max-video-preview":"max-video-preview:-1"},"canonical":"https:\/\/lexano.eu\/ee\/zaizdu-prieziurai\/","og_locale":"et_EE","og_type":"article","og_title":"\u017daizd\u0173 prie\u017ei\u016brai - Lexano","og_url":"https:\/\/lexano.eu\/ee\/zaizdu-prieziurai\/","og_site_name":"Lexano","twitter_card":"summary_large_image","schema":{"@context":"https:\/\/schema.org","@graph":[{"@type":"WebPage","@id":"https:\/\/lexano.eu\/zaizdu-prieziurai\/","url":"https:\/\/lexano.eu\/zaizdu-prieziurai\/","name":"\u017daizd\u0173 prie\u017ei\u016brai - Lexano","isPartOf":{"@id":"https:\/\/lexano.eu\/#website"},"datePublished":"2024-10-14T03:35:30+00:00","dateModified":"2024-10-14T03:35:30+00:00","breadcrumb":{"@id":"https:\/\/lexano.eu\/zaizdu-prieziurai\/#breadcrumb"},"inLanguage":"et","potentialAction":[{"@type":"ReadAction","target":["https:\/\/lexano.eu\/zaizdu-prieziurai\/"]}]},{"@type":"BreadcrumbList","@id":"https:\/\/lexano.eu\/zaizdu-prieziurai\/#breadcrumb","itemListElement":[{"@type":"ListItem","position":1,"name":"Home","item":"https:\/\/lexano.eu\/"},{"@type":"ListItem","position":2,"name":"\u017daizd\u0173 prie\u017ei\u016brai"}]},{"@type":"WebSite","@id":"https:\/\/lexano.eu\/#website","url":"https:\/\/lexano.eu\/","name":"Lexano","description":"Didmenin\u0117 prekyba farmacijos produktais","potentialAction":[{"@type":"SearchAction","target":{"@type":"EntryPoint","urlTemplate":"https:\/\/lexano.eu\/?s={search_term_string}"},"query-input":"required name=search_term_string"}],"inLanguage":"et"}]}},"_links":{"self":[{"href":"https:\/\/lexano.eu\/ee\/wp-json\/wp\/v2\/pages\/5543","targetHints":{"allow":["GET"]}}],"collection":[{"href":"https:\/\/lexano.eu\/ee\/wp-json\/wp\/v2\/pages"}],"about":[{"href":"https:\/\/lexano.eu\/ee\/wp-json\/wp\/v2\/types\/page"}],"author":[{"embeddable":true,"href":"https:\/\/lexano.eu\/ee\/wp-json\/wp\/v2\/users\/1"}],"replies":[{"embeddable":true,"href":"https:\/\/lexano.eu\/ee\/wp-json\/wp\/v2\/comments?post=5543"}],"version-history":[{"count":1,"href":"https:\/\/lexano.eu\/ee\/wp-json\/wp\/v2\/pages\/5543\/revisions"}],"predecessor-version":[{"id":5544,"href":"https:\/\/lexano.eu\/ee\/wp-json\/wp\/v2\/pages\/5543\/revisions\/5544"}],"wp:attachment":[{"href":"https:\/\/lexano.eu\/ee\/wp-json\/wp\/v2\/media?parent=5543"}],"curies":[{"name":"wp","href":"https:\/\/api.w.org\/{rel}","templated":true}]}}