{"id":54,"date":"2018-05-23T11:20:11","date_gmt":"2018-05-23T11:20:11","guid":{"rendered":"http:\/\/kenozoik.edge-themes.com\/?page_id=54"},"modified":"2022-04-20T17:23:59","modified_gmt":"2022-04-20T14:23:59","slug":"pacientams","status":"publish","type":"page","link":"https:\/\/lexano.eu\/ee\/pacientams\/","title":{"rendered":"Patsientidele"},"content":{"rendered":"<div class=\"vc_row wpb_row vc_row-fluid\" ><div class=\"wpb_column vc_column_container vc_col-sm-12\"><div class=\"vc_column-inner\"><div class=\"wpb_wrapper\"><div class=\"edgtf-elements-holder   edgtf-two-columns  edgtf-responsive-mode-1024\" ><div class=\"edgtf-eh-item\" style=\"background-image: url(https:\/\/lexano.eu\/wp-content\/uploads\/2021\/12\/Kokybe-ir-saugumas_800x800_edit2_1228.jpg)\" data-item-class=\"edgtf-eh-custom-9994\" data-1025-1366=\"40% 0\" data-769-1024=\"28.5% 0 28.5% 0\">\n\t<div class=\"edgtf-eh-item-inner\">\n\t\t<div class=\"edgtf-eh-item-content edgtf-eh-custom-9994\" style=\"padding: 33.5% 0 33.5% 0\">\n\t\t\t\t\t<\/div>\n\t<\/div>\n<\/div><div class=\"edgtf-eh-item\"  data-item-class=\"edgtf-eh-custom-1649\" data-1367-1600=\"0px 10% 30px 10%\" data-1025-1366=\"0px 6% 30px 8%\" data-769-1024=\"11% 20% 14% 21.5%\" data-681-768=\"11% 12% 11% 14%\" data-680=\"50px 10% 50px 17%\">\n\t<div class=\"edgtf-eh-item-inner\">\n\t\t<div class=\"edgtf-eh-item-content edgtf-eh-custom-1649\" style=\"padding: 0px 20% 30px 21.5%\">\n\t\t\t\n\t<div class=\"wpb_text_column wpb_content_element\" >\n\t\t<div class=\"wpb_wrapper\">\n\t\t\t<h2>KVALITEET JA OHUTUS<\/h2>\n\n\t\t<\/div>\n\t<\/div>\n<div class=\"vc_empty_space\"   style=\"height: 13px\"><span class=\"vc_empty_space_inner\"><\/span><\/div><div class=\"edgtf-separator-holder clearfix  edgtf-separator-left\">\n\t<div class=\"edgtf-separator\" style=\"border-color: #000000;border-style: solid;width: 66px;border-bottom-width: 4px\"><\/div>\n<\/div>\n\n\t<div class=\"wpb_text_column wpb_content_element\" >\n\t\t<div class=\"wpb_wrapper\">\n\t\t\t<p>Pakume ainult kvaliteetseid, sertifitseeritud ravimeid, mis vastavad ohutusstandarditele ja mida kasutatakse erinevate haiguste raviks ja ennetamiseks.<\/p>\n\n\t\t<\/div>\n\t<\/div>\n\t\t<\/div>\n\t<\/div>\n<\/div><\/div><\/div><\/div><\/div><\/div><div class=\"vc_row wpb_row vc_row-fluid\" ><div class=\"wpb_column vc_column_container vc_col-sm-12\"><div class=\"vc_column-inner\"><div class=\"wpb_wrapper\"><div class=\"edgtf-elements-holder   edgtf-two-columns  edgtf-responsive-mode-1024\" ><div class=\"edgtf-eh-item\"  data-item-class=\"edgtf-eh-custom-8061\" data-1367-1600=\"0px 10% 30px 10%\" data-1025-1366=\"0px 6% 30px 8%\" data-769-1024=\"0% 20% 14% 21.5%\" data-681-768=\"0% 12% 15% 14%\" data-680=\"0px 10% 80px 17%\">\n\t<div class=\"edgtf-eh-item-inner\">\n\t\t<div class=\"edgtf-eh-item-content edgtf-eh-custom-8061\" style=\"padding: 0px 20% 30px 21.5%\">\n\t\t\t\n\t<div class=\"wpb_text_column wpb_content_element\" >\n\t\t<div class=\"wpb_wrapper\">\n\t\t\t<h2>HEAD HINNAD<\/h2>\n\n\t\t<\/div>\n\t<\/div>\n<div class=\"vc_empty_space\"   style=\"height: 13px\"><span class=\"vc_empty_space_inner\"><\/span><\/div><div class=\"edgtf-separator-holder clearfix  edgtf-separator-left\">\n\t<div class=\"edgtf-separator\" style=\"border-color: #000000;border-style: solid;width: 66px;border-bottom-width: 4px\"><\/div>\n<\/div>\n\n\t<div class=\"wpb_text_column wpb_content_element\" >\n\t\t<div class=\"wpb_wrapper\">\n\t\t\t<p>Me saame pakkuda ravimeid tavap\u00e4rasest madalama hinnaga. T\u00e4nu sellele saavad patsiendid v\u00e4hendada oma ravikulusid. Ka need inimesed, kes varem ei saanud k\u00f5ige kaasaegsemaid ravimeid osta, on n\u00fc\u00fcd selleks v\u00f5imelised.<\/p>\n\n\t\t<\/div>\n\t<\/div>\n\t\t<\/div>\n\t<\/div>\n<\/div><div class=\"edgtf-eh-item\" style=\"background-image: url(https:\/\/lexano.eu\/wp-content\/uploads\/2021\/12\/zema_kaina_800x800_1228.jpg)\" data-item-class=\"edgtf-eh-custom-9045\" data-1025-1366=\"40% 0\" data-769-1024=\"28.5% 0 28.5% 0\">\n\t<div class=\"edgtf-eh-item-inner\">\n\t\t<div class=\"edgtf-eh-item-content edgtf-eh-custom-9045\" style=\"padding: 33.5% 0 33.5% 0\">\n\t\t\t\t\t<\/div>\n\t<\/div>\n<\/div><\/div><\/div><\/div><\/div><\/div><div class=\"vc_row wpb_row vc_row-fluid\" ><div class=\"wpb_column vc_column_container vc_col-sm-12\"><div class=\"vc_column-inner\"><div class=\"wpb_wrapper\"><div class=\"edgtf-elements-holder   edgtf-two-columns  edgtf-responsive-mode-1024\" ><div class=\"edgtf-eh-item\" style=\"background-image: url(https:\/\/lexano.eu\/wp-content\/uploads\/2021\/12\/reti_vaistai_800x800_1228.jpg)\" data-item-class=\"edgtf-eh-custom-3284\" data-1025-1366=\"40% 0\" data-769-1024=\"28.5% 0 28.5% 0\">\n\t<div class=\"edgtf-eh-item-inner\">\n\t\t<div class=\"edgtf-eh-item-content edgtf-eh-custom-3284\" style=\"padding: 33.5% 0 33.5% 0\">\n\t\t\t\t\t<\/div>\n\t<\/div>\n<\/div><div class=\"edgtf-eh-item\"  data-item-class=\"edgtf-eh-custom-5659\" data-1367-1600=\"0px 10% 30px 10%\" data-1025-1366=\"0px 6% 30px 8%\" data-769-1024=\"11% 20% 14% 21.5%\" data-681-768=\"11% 12% 11% 14%\" data-680=\"50px 10% 50px 17%\">\n\t<div class=\"edgtf-eh-item-inner\">\n\t\t<div class=\"edgtf-eh-item-content edgtf-eh-custom-5659\" style=\"padding: 0px 20% 30px 21.5%\">\n\t\t\t\n\t<div class=\"wpb_text_column wpb_content_element\" >\n\t\t<div class=\"wpb_wrapper\">\n\t\t\t<h2>HARVA KASUTATAVATE RAVIMITE TARNIMINE<\/h2>\n\n\t\t<\/div>\n\t<\/div>\n<div class=\"vc_empty_space\"   style=\"height: 13px\"><span class=\"vc_empty_space_inner\"><\/span><\/div><div class=\"edgtf-separator-holder clearfix  edgtf-separator-left\">\n\t<div class=\"edgtf-separator\" style=\"border-color: #000000;border-style: solid;width: 66px;border-bottom-width: 4px\"><\/div>\n<\/div>\n\n\t<div class=\"wpb_text_column wpb_content_element\" >\n\t\t<div class=\"wpb_wrapper\">\n\t\t\t<p>Patsientidele tellitud tooted hangitakse volitatud tarnijatelt, neid k\u00e4ideldakse, ladustatakse ja transporditakse vastavalt rangeimatele n\u00f5uetele ja parimatele tavadele.\u00a0<b>Pakume anal\u00fc\u00fcsi- ja p\u00e4ritolusertifikaate\u00a0<\/b>ning andmete j\u00e4lgitavust.<\/p>\n<p>Tavaliselt v\u00f5tab harva kasutatavate ravimite tarnimine 10-14 t\u00f6\u00f6p\u00e4eva. Kui aga aeg on piiratud, v\u00f5ib Lexano tarnida ravimid ka 2-3 p\u00e4eva jooksul.<\/p>\n\n\t\t<\/div>\n\t<\/div>\n\t\t<\/div>\n\t<\/div>\n<\/div><\/div><\/div><\/div><\/div><\/div><div class=\"vc_row wpb_row vc_row-fluid\" ><div class=\"wpb_column vc_column_container vc_col-sm-12\"><div class=\"vc_column-inner\"><div class=\"wpb_wrapper\"><div class=\"edgtf-elements-holder   edgtf-two-columns  edgtf-responsive-mode-1024\" ><div class=\"edgtf-eh-item\"  data-item-class=\"edgtf-eh-custom-7277\" data-1367-1600=\"0px 10% 30px 10%\" data-1025-1366=\"0px 6% 30px 8%\" data-769-1024=\"0% 20% 14% 21.5%\" data-681-768=\"0% 12% 15% 14%\" data-680=\"0px 10% 80px 17%\">\n\t<div class=\"edgtf-eh-item-inner\">\n\t\t<div class=\"edgtf-eh-item-content edgtf-eh-custom-7277\" style=\"padding: 0px 20% 30px 21.5%\">\n\t\t\t\n\t<div class=\"wpb_text_column wpb_content_element\" >\n\t\t<div class=\"wpb_wrapper\">\n\t\t\t<h2>KIIRED TARNED<\/h2>\n\n\t\t<\/div>\n\t<\/div>\n<div class=\"vc_empty_space\"   style=\"height: 13px\"><span class=\"vc_empty_space_inner\"><\/span><\/div><div class=\"edgtf-separator-holder clearfix  edgtf-separator-left\">\n\t<div class=\"edgtf-separator\" style=\"border-color: #000000;border-style: solid;width: 66px;border-bottom-width: 4px\"><\/div>\n<\/div>\n\n\t<div class=\"wpb_text_column wpb_content_element\" >\n\t\t<div class=\"wpb_wrapper\">\n\t\t\t<p>Me tarnime vajalikud ravimid kohe. Kohaletoimetamine\u00a0<b>48 tunni<\/b> jooksul on meie tavap\u00e4rane praktika.<\/p>\n\n\t\t<\/div>\n\t<\/div>\n\t\t<\/div>\n\t<\/div>\n<\/div><div class=\"edgtf-eh-item\" style=\"background-image: url(https:\/\/lexano.eu\/wp-content\/uploads\/2021\/12\/greitas_pristatymas_800x800_1228.jpg)\" data-item-class=\"edgtf-eh-custom-6236\" data-1025-1366=\"40% 0\" data-769-1024=\"28.5% 0 28.5% 0\">\n\t<div class=\"edgtf-eh-item-inner\">\n\t\t<div class=\"edgtf-eh-item-content edgtf-eh-custom-6236\" style=\"padding: 33.5% 0 33.5% 0\">\n\t\t\t\t\t<\/div>\n\t<\/div>\n<\/div><\/div><\/div><\/div><\/div><\/div>","protected":false},"excerpt":{"rendered":"Kokyb\u0117 ir saugumas M\u016bs\u0173 asortimente \u2013 tik kokybi\u0161ki, saugumo reikalavimus atitinkantys ir sertifikuoti medikamentai, skirti \u012fvairi\u0173 lig\u0173 gydymui ir prevencijai. Prieinama kaina Lygiagretus vaist\u0173 importas leid\u017eia mums \u017emon\u0117ms pasi\u016blyti tuos pa\u010dius vaistus \u017eemesne kaina. Pigesni vaistai leid\u017eia pacientams suma\u017einti gydymo [...]","protected":false},"author":1,"featured_media":0,"parent":0,"menu_order":0,"comment_status":"closed","ping_status":"closed","template":"full-width.php","meta":{"footnotes":""},"class_list":["post-54","page","type-page","status-publish","hentry"],"yoast_head":"<!-- This site is optimized with the Yoast SEO plugin v22.5 - https:\/\/yoast.com\/wordpress\/plugins\/seo\/ -->\n<title>Pacientams - Lexano<\/title>\n<meta name=\"robots\" content=\"index, follow, max-snippet:-1, max-image-preview:large, max-video-preview:-1\" \/>\n<link rel=\"canonical\" href=\"http:\/\/lexano.eu\/ee\/notre-offre-destinee-aux-patients\/\" \/>\n<meta property=\"og:locale\" content=\"et_EE\" \/>\n<meta property=\"og:type\" content=\"article\" \/>\n<meta property=\"og:title\" content=\"Pacientams - Lexano\" \/>\n<meta property=\"og:url\" content=\"http:\/\/lexano.eu\/ee\/notre-offre-destinee-aux-patients\/\" \/>\n<meta property=\"og:site_name\" content=\"Lexano\" \/>\n<meta property=\"article:modified_time\" content=\"2022-04-20T14:23:59+00:00\" \/>\n<meta name=\"twitter:card\" content=\"summary_large_image\" \/>\n<meta name=\"twitter:label1\" content=\"Est. reading time\" \/>\n\t<meta name=\"twitter:data1\" content=\"3 minutit\" \/>\n<script type=\"application\/ld+json\" class=\"yoast-schema-graph\">{\"@context\":\"https:\/\/schema.org\",\"@graph\":[{\"@type\":\"WebPage\",\"@id\":\"http:\/\/lexano.eu\/fr\/notre-offre-destinee-aux-patients\/\",\"url\":\"http:\/\/lexano.eu\/fr\/notre-offre-destinee-aux-patients\/\",\"name\":\"Pacientams - Lexano\",\"isPartOf\":{\"@id\":\"https:\/\/lexano.eu\/#website\"},\"datePublished\":\"2018-05-23T11:20:11+00:00\",\"dateModified\":\"2022-04-20T14:23:59+00:00\",\"breadcrumb\":{\"@id\":\"http:\/\/lexano.eu\/fr\/notre-offre-destinee-aux-patients\/#breadcrumb\"},\"inLanguage\":\"et\",\"potentialAction\":[{\"@type\":\"ReadAction\",\"target\":[\"http:\/\/lexano.eu\/fr\/notre-offre-destinee-aux-patients\/\"]}]},{\"@type\":\"BreadcrumbList\",\"@id\":\"http:\/\/lexano.eu\/fr\/notre-offre-destinee-aux-patients\/#breadcrumb\",\"itemListElement\":[{\"@type\":\"ListItem\",\"position\":1,\"name\":\"Home\",\"item\":\"https:\/\/lexano.eu\/\"},{\"@type\":\"ListItem\",\"position\":2,\"name\":\"Pacientams\"}]},{\"@type\":\"WebSite\",\"@id\":\"https:\/\/lexano.eu\/#website\",\"url\":\"https:\/\/lexano.eu\/\",\"name\":\"Lexano\",\"description\":\"Didmenin\u0117 prekyba farmacijos produktais\",\"potentialAction\":[{\"@type\":\"SearchAction\",\"target\":{\"@type\":\"EntryPoint\",\"urlTemplate\":\"https:\/\/lexano.eu\/?s={search_term_string}\"},\"query-input\":\"required name=search_term_string\"}],\"inLanguage\":\"et\"}]}<\/script>\n<!-- \/ Yoast SEO plugin. -->","yoast_head_json":{"title":"Pacientams - Lexano","robots":{"index":"index","follow":"follow","max-snippet":"max-snippet:-1","max-image-preview":"max-image-preview:large","max-video-preview":"max-video-preview:-1"},"canonical":"http:\/\/lexano.eu\/ee\/notre-offre-destinee-aux-patients\/","og_locale":"et_EE","og_type":"article","og_title":"Pacientams - Lexano","og_url":"http:\/\/lexano.eu\/ee\/notre-offre-destinee-aux-patients\/","og_site_name":"Lexano","article_modified_time":"2022-04-20T14:23:59+00:00","twitter_card":"summary_large_image","twitter_misc":{"Est. reading time":"3 minutit"},"schema":{"@context":"https:\/\/schema.org","@graph":[{"@type":"WebPage","@id":"http:\/\/lexano.eu\/fr\/notre-offre-destinee-aux-patients\/","url":"http:\/\/lexano.eu\/fr\/notre-offre-destinee-aux-patients\/","name":"Pacientams - Lexano","isPartOf":{"@id":"https:\/\/lexano.eu\/#website"},"datePublished":"2018-05-23T11:20:11+00:00","dateModified":"2022-04-20T14:23:59+00:00","breadcrumb":{"@id":"http:\/\/lexano.eu\/fr\/notre-offre-destinee-aux-patients\/#breadcrumb"},"inLanguage":"et","potentialAction":[{"@type":"ReadAction","target":["http:\/\/lexano.eu\/fr\/notre-offre-destinee-aux-patients\/"]}]},{"@type":"BreadcrumbList","@id":"http:\/\/lexano.eu\/fr\/notre-offre-destinee-aux-patients\/#breadcrumb","itemListElement":[{"@type":"ListItem","position":1,"name":"Home","item":"https:\/\/lexano.eu\/"},{"@type":"ListItem","position":2,"name":"Pacientams"}]},{"@type":"WebSite","@id":"https:\/\/lexano.eu\/#website","url":"https:\/\/lexano.eu\/","name":"Lexano","description":"Didmenin\u0117 prekyba farmacijos produktais","potentialAction":[{"@type":"SearchAction","target":{"@type":"EntryPoint","urlTemplate":"https:\/\/lexano.eu\/?s={search_term_string}"},"query-input":"required name=search_term_string"}],"inLanguage":"et"}]}},"_links":{"self":[{"href":"https:\/\/lexano.eu\/ee\/wp-json\/wp\/v2\/pages\/54","targetHints":{"allow":["GET"]}}],"collection":[{"href":"https:\/\/lexano.eu\/ee\/wp-json\/wp\/v2\/pages"}],"about":[{"href":"https:\/\/lexano.eu\/ee\/wp-json\/wp\/v2\/types\/page"}],"author":[{"embeddable":true,"href":"https:\/\/lexano.eu\/ee\/wp-json\/wp\/v2\/users\/1"}],"replies":[{"embeddable":true,"href":"https:\/\/lexano.eu\/ee\/wp-json\/wp\/v2\/comments?post=54"}],"version-history":[{"count":18,"href":"https:\/\/lexano.eu\/ee\/wp-json\/wp\/v2\/pages\/54\/revisions"}],"predecessor-version":[{"id":4715,"href":"https:\/\/lexano.eu\/ee\/wp-json\/wp\/v2\/pages\/54\/revisions\/4715"}],"wp:attachment":[{"href":"https:\/\/lexano.eu\/ee\/wp-json\/wp\/v2\/media?parent=54"}],"curies":[{"name":"wp","href":"https:\/\/api.w.org\/{rel}","templated":true}]}}