{"id":4721,"date":"2022-07-27T21:13:07","date_gmt":"2022-07-27T18:13:07","guid":{"rendered":"https:\/\/lexano.eu\/?page_id=4721"},"modified":"2022-08-04T20:50:21","modified_gmt":"2022-08-04T17:50:21","slug":"slapuku-naudojimo-taisykles","status":"publish","type":"page","link":"https:\/\/lexano.eu\/ee\/slapuku-naudojimo-taisykles\/","title":{"rendered":"Slapuk\u0173 naudojimo taisykl\u0117s"},"content":{"rendered":"<div class=\"vc_row wpb_row vc_row-fluid\" ><div class=\"wpb_column vc_column_container vc_col-sm-12\"><div class=\"vc_column-inner\"><div class=\"wpb_wrapper\"><div class=\"edgtf-elements-holder   edgtf-two-columns  edgtf-responsive-mode-1024\" ><div class=\"edgtf-eh-item\"  data-item-class=\"edgtf-eh-custom-2168\" data-1367-1600=\"0px 10% 30px 10%\" data-1025-1366=\"0px 6% 30px 8%\" data-769-1024=\"11% 20% 14% 21.5%\" data-681-768=\"11% 12% 11% 14%\" data-680=\"50px 10% 50px 17%\">\n\t<div class=\"edgtf-eh-item-inner\">\n\t\t<div class=\"edgtf-eh-item-content edgtf-eh-custom-2168\" style=\"padding: 0px 20% 30px 21.5%\">\n\t\t\t\n\t<div class=\"wpb_text_column wpb_content_element\" >\n\t\t<div class=\"wpb_wrapper\">\n\t\t\t\n\t\t<\/div>\n\t<\/div>\n<div class=\"vc_empty_space\"   style=\"height: 13px\"><span class=\"vc_empty_space_inner\"><\/span><\/div><div class=\"edgtf-separator-holder clearfix  edgtf-separator-left\">\n\t<div class=\"edgtf-separator\" style=\"border-color: #000000;border-style: solid;width: 66px;border-bottom-width: 4px\"><\/div>\n<\/div>\n\n\t<div class=\"wpb_text_column wpb_content_element\" >\n\t\t<div class=\"wpb_wrapper\">\n\t\t\t<p class=\"translation-block\">Slapuk\u0173 naudojimo taisykl\u0117s (toliau \u2013 Taisykl\u0117s) yra skirtos asmenims, kurie lankosi \u012fmon\u0117s interneto svetain\u0117je (<a href=\"https:\/\/lexano.eu\/ee\/\" target=\"_self\"><em>www.lexano.eu<\/em><\/a>). Teisykl\u0117s netaikomos, kai nar\u0161ote kit\u0173 bendrovi\u0173 interneto svetain\u0117se, patekdami per \u012emon\u0117s interneto svetain\u0119.<\/p>\n<p class=\"translation-block\">Mes renkame ir tvarkome informacija apie \u012fmon\u0117s svetain\u0117s naudotojus laikydamasi Lietuvos Respublikos asmens duomen\u0173 teisin\u0117s apsaugos \u012fstatymo, Lietuvos Respublikos elektronini\u0173 ry\u0161i\u0173 \u012fstatymo, Europos S\u0105jungos Bendrojo duomen\u0173 apsaugos reglamento (ES) 2016\/679 (<em>BDAR \/<\/em> <em>GDPR<\/em>) ir kito teisinio reguliavimo.<\/p>\n<p><strong>KOKI\u0104 INFORMACIJ\u0104 MES TVARKOME<br \/>\n<\/strong>Naudojame slapukus, kad rinktume ir tvarkytume informacij\u0105 apie vartotoj\u0173 veiksmus m\u016bs\u0173 svetain\u0117je. Slapuk\u0173 tipai ir naudojimo tikslai apra\u0161yti toliau esan\u010dioje lentel\u0117je.<\/p>\n<p>Bendrov\u0117 naudoja tinkamas organizacines ir technines asmens duomen\u0173 saugumo priemones, skirtas apsaugoti J\u016bs\u0173 asmens duomenims nuo atsitiktinio ar neteis\u0117to atskleidimo, sunaikinimo, pakeitimo ar nuo kit\u0173 neteis\u0117t\u0173 veiksm\u0173. \u012emon\u0117s darbuotojai yra \u012fsipareigoj\u0119 saugoti ir u\u017etikrinti duomen\u0173 apsaug\u0105 \u012fskaitant ir asmen\u0173, kurie lankosi \u012emon\u0117s svetain\u0117je.<\/p>\n<p><strong>KAS YRA SLAPUKAI IR KAIP JIE VEIKIA<br \/>\n<\/strong>Kai nar\u0161ote Lexano svetain\u0117je, mes siekiame pateikti informacija ir svetain\u0117s funkcionalumus pagal J\u016bs\u0173 poreikius. Slapukus naudojame, kad gal\u0117tume suteikti Jums priimtiniausi\u0105 nar\u0161ymo svetain\u0117je patirt\u012f. Slapukai yra ma\u017ei tekstiniai failai, saugomi J\u016bs\u0173 interneto nar\u0161ykl\u0117je arba mobiliajame \u012frenginyje. Jie padeda mums atpa\u017einti Jus, kai gr\u012f\u017etate \u012f m\u016bs\u0173 svetain\u0119, padeda rinkti informacij\u0105 apie J\u016bs\u0173 naudojim\u0105si svetaine ir pritaikyti svetain\u0117s turin\u012f pagal J\u016bs\u0173 poreikius. Slapukai taip pat padeda u\u017etikrinti tinkam\u0105 svetain\u0117s veikim\u0105, steb\u0117ti lankymosi Lexano svetain\u0117je trukm\u0119 ir da\u017enum\u0105 bei rinkti statistin\u0119 informacij\u0105 apie svetain\u0117s vartotoj\u0173 skai\u010di\u0173.<\/p>\n<p>Aanalizuodami J\u016bs\u0173 lankymosi svetain\u0117je veiksmus galime pagerinti m\u016bs\u0173 svetain\u0117s na\u0161um\u0105 ir pasi\u016blyti Jums priimtiniausi\u0105 nar\u0161ymo joje patirt\u012f. Kai lankot\u0117s m\u016bs\u0173 svetain\u0117je, J\u016bs galite pasirinkti, ar norite priimti slapukus. Apsilank\u0119 m\u016bs\u0173 svetain\u0117je, J\u016bs galite nurodyti, ar sutinkate, kad b\u016bt\u0173 naudojami slapukai, pasirinkti, kurie slapukai gali b\u016bti naudojami, kurie ne. Jei nesutinkate, kad b\u016bt\u0173 naudojami slapukai, bet kada galite at\u0161aukti sutikim\u0105 juos naudoti, svetain\u0117je pakeit\u0119 parinktis ir i\u0161tryn\u0119 jau \u012fra\u0161ytus slapukus.<\/p>\n<p><strong>DUOMENYS APIE INTERNETINIAME PUSLAPYJE NAUDOJAMUS SLAPUKUS:<\/strong><\/p>\n<table width=\"643\">\n<thead>\n<tr>\n<td width=\"127\">Pavadinimas<\/td>\n<td width=\"304\">Apra\u0161ymas<\/td>\n<td width=\"212\">Suk\u016brimo momentas \/ Galiojimo laikas<\/td>\n<\/tr>\n<\/thead>\n<tbody>\n<tr>\n<td width=\"127\">CMSSESSIDX<\/td>\n<td width=\"304\">Standartinis slapukas, naudojamas vartotojo sesijai palaikyti<\/td>\n<td width=\"212\" class=\"translation-block\">\u012e\u0117jimo \u012f puslap\u012f metu \/<br>\r\nIki interneto svetain\u0117s lango u\u017edarymo<\/td>\n<\/tr>\n<tr>\n<td width=\"127\">cookiesAgree<\/td>\n<td width=\"304\">Slapukas, skirtas atpa\u017einti, ar sutikote, kad b\u016bt\u0173 naudojami slapukai m\u016bs\u0173 svetain\u0117je<\/td>\n<td width=\"212\">Pateikus sutikim\u0105 \/ Iki i\u0161trynimo<\/td>\n<\/tr>\n<tr>\n<td width=\"127\">cookiesLevelX<\/td>\n<td width=\"304\">Slapukas, atskiriantis, kokius slapukus leid\u017eiate naudoti m\u016bs\u0173 svetain\u0117je<\/td>\n<td width=\"212\">Pateikus sutikim\u0105 \/ Iki i\u0161trynimo<\/td>\n<\/tr>\n<tr>\n<td width=\"127\">_ga<\/td>\n<td width=\"304\" class=\"translation-block\">\u0160\u012f slapuk\u0105 naudoja \u012frankis \u201e<em>Google Analytics<\/em>\u201c, kad \u012fvertint\u0173 vartotojo apsilankymo tikslus, parengt\u0173 ataskaitas apie tinklalapio aktyvum\u0105 svetaini\u0173 operatoriams, kad \u0161ie gal\u0117t\u0173 pagerinti kliento patirt\u012f lankantis svetain\u0117je<\/td>\n<td width=\"212\" class=\"translation-block\">Pateikus sutikim\u0105 \/<br>\r\n2 metai<\/td>\n<\/tr>\n<tr>\n<td width=\"127\">_gat<\/td>\n<td width=\"304\" class=\"translation-block\">\u0160is slapukas naudojamas \u201e<em>Google Analytics<\/em>\u201c statistinei informacijai apie interneto svetain\u0117s lankomum\u0105 rinkti<\/td>\n<td width=\"212\" class=\"translation-block\">Pirm\u0105 kart\u0105 apsilankius puslapyje \/<br>\r\nIki sesijos pabaigos<\/td>\n<\/tr>\n<tr>\n<td width=\"127\">_gid<\/td>\n<td width=\"304\" class=\"translation-block\">\u0160is slapukas naudojamas \u201e<em>Google Analytics<\/em>\u201c, siekiant atpa\u017einti asmen\u012f<\/td>\n<td width=\"212\" class=\"translation-block\">Pirmo \u012f\u0117jimo \u012f puslap\u012f metu \/<br>\r\n2 dienos<\/td>\n<\/tr>\n<\/tbody>\n<\/table>\n<p class=\"translation-block\">Nor\u0117dami daugiau su\u017einoti apie slapukus, pavyzd\u017eiui, kaip juos valdyti ar i\u0161trinti, galite apsilankyti adresu \u2013&nbsp; <a href=\"http:\/\/www.allaboutcookies.org\" target=\"_self\"><em>http:\/\/www.allaboutcookies.org<\/em><\/a><em>.<\/em><\/p>\n<p class=\"translation-block\"><strong>&nbsp;<\/strong>Jeigu pageidaujate, kad <em>Google Analytics<\/em> \u012frankiai nefiksuot\u0173 informacijos apie j\u016bs\u0173 nar\u0161ym\u0105 internete, galite panaudoti \u201e<em>Google Analytics<\/em>\u201c atsisakymo nar\u0161ykl\u0117s papildin\u012f ir sustabdyti interneto puslapi\u0173 steb\u0117jim\u0105 adresu \u2013 <a href=\"http:\/\/tools.google.com\/dlpage\/gaoptout\" target=\"_self\"><em>http:\/\/tools.google.com\/dlpage\/gaoptout<\/em><\/a> .<\/p>\n<p><strong>SLAPUK\u0172 R\u016a\u0160YS<\/strong><\/p>\n<p>Slapukai apima seanso slapukus ir ilgalaikius slapukus, taip pat pirmosios \u0161alies arba tre\u010di\u0173j\u0173 \u0161ali\u0173 slapukus. \u0160i\u0173 termin\u0173 apibr\u0117\u017eimai pateikiami toliau, kad gal\u0117tum\u0117te geriau suprasti slapuk\u0173 pob\u016bd\u012f ir paskirt\u012f.<\/p>\n<p class=\"translation-block\"><strong>Seanso<\/strong> <strong>slapukai \u2013 <\/strong>leid\u017eia Lankytoj\u0105 atpa\u017einti per vien\u0105 apsilankym\u0105 m\u016bs\u0173 svetain\u0117je, kad visi puslapio pakeitimai ar parinktys b\u016bt\u0173 \u012fsimenami keliaujant i\u0161 vieno puslapio \u012f kit\u0105. \u0160ie slapukai leid\u017eia greitai ir lengvai eiti per daugyb\u0119 svetain\u0117s puslapi\u0173, kad kaskart apsilankius naujoje vietoje nereik\u0117t\u0173 i\u0161 naujo apdoroti informacijos. Seanso slapukai yra laikini ir i\u0161trinami vos tik u\u017everiate nar\u0161ykl\u0119 ar atsijungiate nuo svetain\u0117s.<\/p>\n<p class=\"translation-block\"><strong>Ilgalaikiai slapukai \u2013 <\/strong>tai tokie slapukai, kurie nustatyt\u0105 laikotarp\u012f i\u0161lieka J\u016bs\u0173 kompiuteryje pasibaigus nar\u0161ymo seansui, tod\u0117l gali u\u017efiksuoti tam tikras naudotoj\u0173 parinktis arba veiksmus, kai svetain\u0117 aplankoma dar kart\u0105.<\/p>\n<p class=\"translation-block\"><strong>Pirmosios \u0161alies slapukai \u2013 <\/strong>tai slapukai, kurie reikalingi, kad \u012fmon\u0117s interneto svetain\u0117 gal\u0117t\u0173 tinkamai funkcionuoti.<\/p>\n<p class=\"translation-block\"><strong>Tre\u010di\u0173j\u0173 \u0161ali\u0173 slapukai \u2013&nbsp; <\/strong>tai slapukai, kuriuos naudoja kitos organizacijos per m\u016bs\u0173 svetain\u0119. M\u016bs\u0173 atveju svetain\u0117je naudojami <em>Google Analytics<\/em> slapukai naudojami Lexano svetain\u0117s srautui analizuoti. <em>Google Analytics<\/em> renka anonimin\u0119 informacij\u0105 apie vartotoj\u0173 skai\u010di\u0173, viet\u0105, i\u0161 kurios buvo pasiekta m\u016bs\u0173 svetain\u0117 ir vartotoj\u0173 nar\u0161omas svetain\u0117s dalis. \u0160ie slapukai yra sukurti <em>Google Analytics, <\/em>dagiau apie tai galite su\u017einoti apsilank\u0119 \u2013 <a href=\"http:\/\/www.google.com\/analytics\" target=\"_self\"><em>http:\/\/www.google.com\/analytics<\/em><\/a><em> .<\/em><\/p>\n<p>Bet kokia informacija, surinkta naudojant slapukus Lexano svetain\u0117je, yra saugoma tol, kol baigiasi \u0161i\u0173 slapuk\u0173 galiojimo laikas ir n\u0117ra naudojama jokiems kitiems tikslams, i\u0161skyrus nurodytus \u0161iose Taisykl\u0117se.<\/p>\n<p>M\u016bs\u0173 svetain\u0117je yra nuorod\u0173 \u012f kitas interneto svetaines, kurias valdo kiti subjektai, \u012fmon\u0117s ar organizacijos. Atkreipkite d\u0117mes\u012f, kad mes nesame atsakingi u\u017e kit\u0173 svetaini\u0173, turin\u012f ar slapuk\u0173 naudojimo praktik\u0105. Kai spustel\u0117site \u0161ias nuorodas ir \u012feisite \u012f \u0161ias kitas svetaines, tur\u0117tum\u0117te per\u017ei\u016br\u0117ti j\u0173 slapuk\u0173 naudojimo taisykles.<\/p>\n<p><strong>J\u016aS TURITE TEIS\u0118<br \/>\n<\/strong>J\u016bs turite teis\u0119 pra\u0161yti prieigos prie savo duomen\u0173, kuriuos surinkome naudodami slapukus. Jei J\u016bs\u0173 asmens duomenys yra netiksl\u016bs, nei\u0161sam\u016bs arba neaktual\u016bs, turite teis\u0119 reikalauti, kad jie b\u016bt\u0173 i\u0161taisyti.<\/p>\n<p class=\"translation-block\"><strong>&nbsp;<\/strong>Jei turite klausim\u0173 ar norite pasinaudoti savo teis\u0117mis, susisiekite su mumis el. pa\u0161tu <em>info@texano.lt<\/em> arba kitais \u0161ioje svetain\u0117je nurodytais kanalais.<\/p>\n<p><strong>\u00a0<\/strong><\/p>\n\n\t\t<\/div>\n\t<\/div>\n\t\t<\/div>\n\t<\/div>\n<\/div><\/div><\/div><\/div><\/div><\/div>","protected":false},"excerpt":{"rendered":"Slapuk\u0173 naudojimo taisykl\u0117s (toliau \u2013 Taisykl\u0117s) yra skirtos asmenims, kurie lankosi \u012fmon\u0117s interneto svetain\u0117je (www.lexano.eu). Teisykl\u0117s netaikomos, kai nar\u0161ote kit\u0173 bendrovi\u0173 interneto svetain\u0117se, patekdami per \u012emon\u0117s interneto svetain\u0119. Mes renkame ir tvarkome informacija apie \u012fmon\u0117s svetain\u0117s naudotojus laikydamasi Lietuvos Respublikos [...]","protected":false},"author":1,"featured_media":0,"parent":0,"menu_order":0,"comment_status":"closed","ping_status":"closed","template":"full-width.php","meta":{"footnotes":""},"class_list":["post-4721","page","type-page","status-publish","hentry"],"yoast_head":"<!-- This site is optimized with the Yoast SEO plugin v22.5 - https:\/\/yoast.com\/wordpress\/plugins\/seo\/ -->\n<title>Slapuk\u0173 naudojimo taisykl\u0117s - Lexano<\/title>\n<meta name=\"robots\" content=\"index, follow, max-snippet:-1, max-image-preview:large, max-video-preview:-1\" \/>\n<link rel=\"canonical\" href=\"https:\/\/lexano.eu\/ee\/slapuku-naudojimo-taisykles\/\" \/>\n<meta property=\"og:locale\" content=\"et_EE\" \/>\n<meta property=\"og:type\" content=\"article\" \/>\n<meta property=\"og:title\" content=\"Slapuk\u0173 naudojimo taisykl\u0117s - Lexano\" \/>\n<meta property=\"og:url\" content=\"https:\/\/lexano.eu\/ee\/slapuku-naudojimo-taisykles\/\" \/>\n<meta property=\"og:site_name\" content=\"Lexano\" \/>\n<meta property=\"article:modified_time\" content=\"2022-08-04T17:50:21+00:00\" \/>\n<meta name=\"twitter:card\" content=\"summary_large_image\" \/>\n<meta name=\"twitter:label1\" content=\"Est. reading time\" \/>\n\t<meta name=\"twitter:data1\" content=\"5 minutit\" \/>\n<script type=\"application\/ld+json\" class=\"yoast-schema-graph\">{\"@context\":\"https:\/\/schema.org\",\"@graph\":[{\"@type\":\"WebPage\",\"@id\":\"https:\/\/lexano.eu\/slapuku-naudojimo-taisykles\/\",\"url\":\"https:\/\/lexano.eu\/slapuku-naudojimo-taisykles\/\",\"name\":\"Slapuk\u0173 naudojimo taisykl\u0117s - Lexano\",\"isPartOf\":{\"@id\":\"https:\/\/lexano.eu\/#website\"},\"datePublished\":\"2022-07-27T18:13:07+00:00\",\"dateModified\":\"2022-08-04T17:50:21+00:00\",\"breadcrumb\":{\"@id\":\"https:\/\/lexano.eu\/slapuku-naudojimo-taisykles\/#breadcrumb\"},\"inLanguage\":\"et\",\"potentialAction\":[{\"@type\":\"ReadAction\",\"target\":[\"https:\/\/lexano.eu\/slapuku-naudojimo-taisykles\/\"]}]},{\"@type\":\"BreadcrumbList\",\"@id\":\"https:\/\/lexano.eu\/slapuku-naudojimo-taisykles\/#breadcrumb\",\"itemListElement\":[{\"@type\":\"ListItem\",\"position\":1,\"name\":\"Home\",\"item\":\"https:\/\/lexano.eu\/\"},{\"@type\":\"ListItem\",\"position\":2,\"name\":\"Slapuk\u0173 naudojimo taisykl\u0117s\"}]},{\"@type\":\"WebSite\",\"@id\":\"https:\/\/lexano.eu\/#website\",\"url\":\"https:\/\/lexano.eu\/\",\"name\":\"Lexano\",\"description\":\"Didmenin\u0117 prekyba farmacijos produktais\",\"potentialAction\":[{\"@type\":\"SearchAction\",\"target\":{\"@type\":\"EntryPoint\",\"urlTemplate\":\"https:\/\/lexano.eu\/?s={search_term_string}\"},\"query-input\":\"required name=search_term_string\"}],\"inLanguage\":\"et\"}]}<\/script>\n<!-- \/ Yoast SEO plugin. -->","yoast_head_json":{"title":"Slapuk\u0173 naudojimo taisykl\u0117s - Lexano","robots":{"index":"index","follow":"follow","max-snippet":"max-snippet:-1","max-image-preview":"max-image-preview:large","max-video-preview":"max-video-preview:-1"},"canonical":"https:\/\/lexano.eu\/ee\/slapuku-naudojimo-taisykles\/","og_locale":"et_EE","og_type":"article","og_title":"Slapuk\u0173 naudojimo taisykl\u0117s - Lexano","og_url":"https:\/\/lexano.eu\/ee\/slapuku-naudojimo-taisykles\/","og_site_name":"Lexano","article_modified_time":"2022-08-04T17:50:21+00:00","twitter_card":"summary_large_image","twitter_misc":{"Est. reading time":"5 minutit"},"schema":{"@context":"https:\/\/schema.org","@graph":[{"@type":"WebPage","@id":"https:\/\/lexano.eu\/slapuku-naudojimo-taisykles\/","url":"https:\/\/lexano.eu\/slapuku-naudojimo-taisykles\/","name":"Slapuk\u0173 naudojimo taisykl\u0117s - Lexano","isPartOf":{"@id":"https:\/\/lexano.eu\/#website"},"datePublished":"2022-07-27T18:13:07+00:00","dateModified":"2022-08-04T17:50:21+00:00","breadcrumb":{"@id":"https:\/\/lexano.eu\/slapuku-naudojimo-taisykles\/#breadcrumb"},"inLanguage":"et","potentialAction":[{"@type":"ReadAction","target":["https:\/\/lexano.eu\/slapuku-naudojimo-taisykles\/"]}]},{"@type":"BreadcrumbList","@id":"https:\/\/lexano.eu\/slapuku-naudojimo-taisykles\/#breadcrumb","itemListElement":[{"@type":"ListItem","position":1,"name":"Home","item":"https:\/\/lexano.eu\/"},{"@type":"ListItem","position":2,"name":"Slapuk\u0173 naudojimo taisykl\u0117s"}]},{"@type":"WebSite","@id":"https:\/\/lexano.eu\/#website","url":"https:\/\/lexano.eu\/","name":"Lexano","description":"Didmenin\u0117 prekyba farmacijos produktais","potentialAction":[{"@type":"SearchAction","target":{"@type":"EntryPoint","urlTemplate":"https:\/\/lexano.eu\/?s={search_term_string}"},"query-input":"required name=search_term_string"}],"inLanguage":"et"}]}},"_links":{"self":[{"href":"https:\/\/lexano.eu\/ee\/wp-json\/wp\/v2\/pages\/4721","targetHints":{"allow":["GET"]}}],"collection":[{"href":"https:\/\/lexano.eu\/ee\/wp-json\/wp\/v2\/pages"}],"about":[{"href":"https:\/\/lexano.eu\/ee\/wp-json\/wp\/v2\/types\/page"}],"author":[{"embeddable":true,"href":"https:\/\/lexano.eu\/ee\/wp-json\/wp\/v2\/users\/1"}],"replies":[{"embeddable":true,"href":"https:\/\/lexano.eu\/ee\/wp-json\/wp\/v2\/comments?post=4721"}],"version-history":[{"count":7,"href":"https:\/\/lexano.eu\/ee\/wp-json\/wp\/v2\/pages\/4721\/revisions"}],"predecessor-version":[{"id":4740,"href":"https:\/\/lexano.eu\/ee\/wp-json\/wp\/v2\/pages\/4721\/revisions\/4740"}],"wp:attachment":[{"href":"https:\/\/lexano.eu\/ee\/wp-json\/wp\/v2\/media?parent=4721"}],"curies":[{"name":"wp","href":"https:\/\/api.w.org\/{rel}","templated":true}]}}