{"id":4721,"date":"2022-07-27T21:13:07","date_gmt":"2022-07-27T18:13:07","guid":{"rendered":"https:\/\/lexano.eu\/?page_id=4721"},"modified":"2022-08-04T20:50:21","modified_gmt":"2022-08-04T17:50:21","slug":"slapuku-naudojimo-taisykles","status":"publish","type":"page","link":"https:\/\/lexano.eu\/cn\/slapuku-naudojimo-taisykles\/","title":{"rendered":"\u96b1\u79c1\u653f\u7b56"},"content":{"rendered":"<div class=\"vc_row wpb_row vc_row-fluid\" ><div class=\"wpb_column vc_column_container vc_col-sm-12\"><div class=\"vc_column-inner\"><div class=\"wpb_wrapper\"><div class=\"edgtf-elements-holder   edgtf-two-columns  edgtf-responsive-mode-1024\" ><div class=\"edgtf-eh-item\"  data-item-class=\"edgtf-eh-custom-8583\" data-1367-1600=\"0px 10% 30px 10%\" data-1025-1366=\"0px 6% 30px 8%\" data-769-1024=\"11% 20% 14% 21.5%\" data-681-768=\"11% 12% 11% 14%\" data-680=\"50px 10% 50px 17%\">\n\t<div class=\"edgtf-eh-item-inner\">\n\t\t<div class=\"edgtf-eh-item-content edgtf-eh-custom-8583\" style=\"padding: 0px 20% 30px 21.5%\">\n\t\t\t\n\t<div class=\"wpb_text_column wpb_content_element\" >\n\t\t<div class=\"wpb_wrapper\">\n\t\t\t\n\t\t<\/div>\n\t<\/div>\n<div class=\"vc_empty_space\"   style=\"height: 13px\"><span class=\"vc_empty_space_inner\"><\/span><\/div><div class=\"edgtf-separator-holder clearfix  edgtf-separator-left\">\n\t<div class=\"edgtf-separator\" style=\"border-color: #000000;border-style: solid;width: 66px;border-bottom-width: 4px\"><\/div>\n<\/div>\n\n\t<div class=\"wpb_text_column wpb_content_element\" >\n\t\t<div class=\"wpb_wrapper\">\n\t\t\t<p class=\"translation-block\">This Privacy &amp; Cookie Policy (hereinafter \u2013 the Policy) applies to all users of the Lexano website. This Policy is not applicable if you are browsing any third party websites you have accessed through the Lexano website.<\/p>\n<p class=\"translation-block\">We collect information about our website users in accordance with the Law on Legal Protection of Personal Data of the Republic of Lithuania, Law on Electronic Communications of the Republic of Lithuania, EU laws on the protection of personal data and other related legislation and regulations of controlling authorities.<\/p>\n<p><strong>WHAT INFORMATION WE COLLECT<br \/>\n<\/strong>We use cookies to collect information about users\u2019 activity on our website. The types and purposes of cookies are described in the table below.<\/p>\n<p>We have appropriate security measures in place to prevent the loss, misuse or alteration of information that we have collected about the users of Lexano website. Lexano staff are committed in writing not to disclose or provide any information received about the company\u2019s customers to third parties, including information about the users of Lexano website.<\/p>\n<p><strong>THE USE OF COOKIES<br \/>\n<\/strong>When you browse on Lexano website, we seek to display information and functions personalized to your interests. We use cookies to help us provide you with a personalized experience. Cookies are small text files stored by your web browser. They help us to recognize you when you return to our website, to collect information about your use of the website and to tailor the content of the website to your interests.<\/p>\n<p>Cookies also help us to ensure the proper functioning of the website, to monitor the duration and frequency of visits to Lexano website, and to collect statistical information about the number of the website users. By analysing this information, we can improve the performance of our website and your user experience. When you visit Lexano website, you can select whether you want to accept cookies. If you do not wish to receive cookies on your computer or other device, you can withdraw your consent at any time by changing your browser settings and delete cookies that have already been saved.<\/p>\n<p><strong>INFORMATION ABOUT COOKIES USED ON OUR WEBSITE<\/strong><\/p>\n<table width=\"643\">\n<thead>\n<tr>\n<td width=\"127\">Name<\/td>\n<td width=\"304\">Description<\/td>\n<td width=\"212\">Creation \/ Expiry times<\/td>\n<\/tr>\n<\/thead>\n<tbody>\n<tr>\n<td width=\"127\">CMSSESSIDX<\/td>\n<td width=\"304\">A standard cookie used to manage the user\u2019s session.<\/td>\n<td width=\"212\" class=\"translation-block\">From the time of consent\/until it is deleted<\/td>\n<\/tr>\n<tr>\n<td width=\"127\">cookiesAgree<\/td>\n<td width=\"304\">A cookie which records whether you have consented to the use of cookies on our website.<\/td>\n<td width=\"212\">From the time of consent\/until it is deleted<\/td>\n<\/tr>\n<tr>\n<td width=\"127\">cookiesLevelX<\/td>\n<td width=\"304\">A cookie identifying the types of cookies you have accepted on our website.<\/td>\n<td width=\"212\">From the time of consent\/until it is deleted<\/td>\n<\/tr>\n<tr>\n<td width=\"127\">_ga<\/td>\n<td width=\"304\" class=\"translation-block\">This cookie is used by Google Analytics to assess the purpose of the user\u2019s visit, generate reports on the website activity to website operators, and improve user\u2019s experience when browsing on the website.<\/td>\n<td width=\"212\" class=\"translation-block\">From the time of consent\/\n2 years.<\/td>\n<\/tr>\n<tr>\n<td width=\"127\">_gat<\/td>\n<td width=\"304\" class=\"translation-block\">This cookie is used by Google Analytics to collect statistical information about the website traffic.<\/td>\n<td width=\"212\" class=\"translation-block\">Upon the first visit to the website\/\nuntil the end of the session<\/td>\n<\/tr>\n<tr>\n<td width=\"127\">_gid<\/td>\n<td width=\"304\" class=\"translation-block\">This cookie is used by Google Analytics to distinguish you from other users.<\/td>\n<td width=\"212\" class=\"translation-block\">Upon the first visit to the website\/\n2 days<\/td>\n<\/tr>\n<\/tbody>\n<\/table>\n<p class=\"translation-block\">If you want learn more about cookies and how to manage or delete them, please visit http:\/\/www.allaboutcookies.org<\/p>\n<p class=\"translation-block\">If you want to learn how to disable website tracking using Google Analytics cookies, please visit http:\/\/tools.google.com\/dlpage\/gaoptout<\/p>\n<p><strong>TYPES OF COOKIES<\/strong><\/p>\n<p>Cookies include session cookies and long-term cookies as well as first-party or third-party cookies. The definitions of these terms are provided below so that you can have a better understanding of the nature and purpose of our cookies.<\/p>\n<p class=\"translation-block\"><strong>Session cookies<\/strong> allow users to be recognized for the duration of a single session so that any page changes or item selection are remembered when they move from page to page. These cookies make navigating across numerous website pages faster and easier, because there is no need to repeatedly process the information when a new page is opened. Session cookies are temporary and disappear once you close your browser or log off the website.<\/p>\n<p class=\"translation-block\"><strong>Long-term<\/strong> cookies are stored on your computer for a specified period of time following the end of your session and they may be record specific user settings or actions when the user returns to the website.<\/p>\n<p class=\"translation-block\"><strong>First-party cookies <\/strong>these cookies are essential to the proper functioning of Lexano website.<\/p>\n<p class=\"translation-block\"><strong>Third-party cookies<\/strong> these are cookies operated by other organizations via our website. In our case, the Google Analytics cookies used on Lexano website are utilized to analyze the website traffic. Google Analytics collects anonymous information about the number of users, the location from which our website has been accessed, and the parts of the website browsed by the users. These cookies are created by Google Analytics. To learn more about Google Analytics, please visit http:\/\/www.google.com\/analytics.<\/p>\n<p>Any information collected using cookies is stored until these cookies expire and is not used for any purpose other than those listed in this policy.<\/p>\n<p>Our website contains links to other websites operated by individuals, companies or organizations. Please note that Lexano is not responsible for the content or privacy practices of linked websites. When you click on these links and enter these other websites, you should review the privacy policies which may apply to these websites.<\/p>\n<p><strong>YOUR RIGHTS<br \/>\n<\/strong>You have the right to request access to your data that we have collected using cookies. If your personal data is inaccurate, incomplete or non-current, you are entitled to have it rectified.<\/p>\n<p class=\"translation-block\">If you have any questions or want to exercise your rights, please contact us by email at info@texano.lt or reach out to us via other channels indicated on this website.<\/p>\n<p><strong>\u00a0<\/strong><\/p>\n\n\t\t<\/div>\n\t<\/div>\n\t\t<\/div>\n\t<\/div>\n<\/div><\/div><\/div><\/div><\/div><\/div>","protected":false},"excerpt":{"rendered":"Slapuk\u0173 naudojimo taisykl\u0117s (toliau \u2013 Taisykl\u0117s) yra skirtos asmenims, kurie lankosi \u012fmon\u0117s interneto svetain\u0117je (www.lexano.eu). Teisykl\u0117s netaikomos, kai nar\u0161ote kit\u0173 bendrovi\u0173 interneto svetain\u0117se, patekdami per \u012emon\u0117s interneto svetain\u0119. Mes renkame ir tvarkome informacija apie \u012fmon\u0117s svetain\u0117s naudotojus laikydamasi Lietuvos Respublikos [...]","protected":false},"author":1,"featured_media":0,"parent":0,"menu_order":0,"comment_status":"closed","ping_status":"closed","template":"full-width.php","meta":{"footnotes":""},"class_list":["post-4721","page","type-page","status-publish","hentry"],"yoast_head":"<!-- This site is optimized with the Yoast SEO plugin v22.5 - https:\/\/yoast.com\/wordpress\/plugins\/seo\/ -->\n<title>Slapuk\u0173 naudojimo taisykl\u0117s - Lexano<\/title>\n<meta name=\"robots\" content=\"index, follow, max-snippet:-1, max-image-preview:large, max-video-preview:-1\" \/>\n<link rel=\"canonical\" href=\"https:\/\/lexano.eu\/cn\/slapuku-naudojimo-taisykles\/\" \/>\n<meta property=\"og:locale\" content=\"zh_CN\" \/>\n<meta property=\"og:type\" content=\"article\" \/>\n<meta property=\"og:title\" content=\"Slapuk\u0173 naudojimo taisykl\u0117s - Lexano\" \/>\n<meta property=\"og:url\" content=\"https:\/\/lexano.eu\/cn\/slapuku-naudojimo-taisykles\/\" \/>\n<meta property=\"og:site_name\" content=\"Lexano\" \/>\n<meta property=\"article:modified_time\" content=\"2022-08-04T17:50:21+00:00\" \/>\n<meta name=\"twitter:card\" content=\"summary_large_image\" \/>\n<meta name=\"twitter:label1\" content=\"\u9884\u8ba1\u9605\u8bfb\u65f6\u95f4\" \/>\n\t<meta name=\"twitter:data1\" content=\"5 \u5206\" \/>\n<script type=\"application\/ld+json\" class=\"yoast-schema-graph\">{\"@context\":\"https:\/\/schema.org\",\"@graph\":[{\"@type\":\"WebPage\",\"@id\":\"https:\/\/lexano.eu\/slapuku-naudojimo-taisykles\/\",\"url\":\"https:\/\/lexano.eu\/slapuku-naudojimo-taisykles\/\",\"name\":\"Slapuk\u0173 naudojimo taisykl\u0117s - Lexano\",\"isPartOf\":{\"@id\":\"https:\/\/lexano.eu\/#website\"},\"datePublished\":\"2022-07-27T18:13:07+00:00\",\"dateModified\":\"2022-08-04T17:50:21+00:00\",\"breadcrumb\":{\"@id\":\"https:\/\/lexano.eu\/slapuku-naudojimo-taisykles\/#breadcrumb\"},\"inLanguage\":\"zh-Hans\",\"potentialAction\":[{\"@type\":\"ReadAction\",\"target\":[\"https:\/\/lexano.eu\/slapuku-naudojimo-taisykles\/\"]}]},{\"@type\":\"BreadcrumbList\",\"@id\":\"https:\/\/lexano.eu\/slapuku-naudojimo-taisykles\/#breadcrumb\",\"itemListElement\":[{\"@type\":\"ListItem\",\"position\":1,\"name\":\"Home\",\"item\":\"https:\/\/lexano.eu\/\"},{\"@type\":\"ListItem\",\"position\":2,\"name\":\"Slapuk\u0173 naudojimo taisykl\u0117s\"}]},{\"@type\":\"WebSite\",\"@id\":\"https:\/\/lexano.eu\/#website\",\"url\":\"https:\/\/lexano.eu\/\",\"name\":\"Lexano\",\"description\":\"Didmenin\u0117 prekyba farmacijos produktais\",\"potentialAction\":[{\"@type\":\"SearchAction\",\"target\":{\"@type\":\"EntryPoint\",\"urlTemplate\":\"https:\/\/lexano.eu\/?s={search_term_string}\"},\"query-input\":\"required name=search_term_string\"}],\"inLanguage\":\"zh-Hans\"}]}<\/script>\n<!-- \/ Yoast SEO plugin. -->","yoast_head_json":{"title":"Slapuk\u0173 naudojimo taisykl\u0117s - Lexano","robots":{"index":"index","follow":"follow","max-snippet":"max-snippet:-1","max-image-preview":"max-image-preview:large","max-video-preview":"max-video-preview:-1"},"canonical":"https:\/\/lexano.eu\/cn\/slapuku-naudojimo-taisykles\/","og_locale":"zh_CN","og_type":"article","og_title":"Slapuk\u0173 naudojimo taisykl\u0117s - Lexano","og_url":"https:\/\/lexano.eu\/cn\/slapuku-naudojimo-taisykles\/","og_site_name":"Lexano","article_modified_time":"2022-08-04T17:50:21+00:00","twitter_card":"summary_large_image","twitter_misc":{"\u9884\u8ba1\u9605\u8bfb\u65f6\u95f4":"5 \u5206"},"schema":{"@context":"https:\/\/schema.org","@graph":[{"@type":"WebPage","@id":"https:\/\/lexano.eu\/slapuku-naudojimo-taisykles\/","url":"https:\/\/lexano.eu\/slapuku-naudojimo-taisykles\/","name":"Slapuk\u0173 naudojimo taisykl\u0117s - Lexano","isPartOf":{"@id":"https:\/\/lexano.eu\/#website"},"datePublished":"2022-07-27T18:13:07+00:00","dateModified":"2022-08-04T17:50:21+00:00","breadcrumb":{"@id":"https:\/\/lexano.eu\/slapuku-naudojimo-taisykles\/#breadcrumb"},"inLanguage":"zh-Hans","potentialAction":[{"@type":"ReadAction","target":["https:\/\/lexano.eu\/slapuku-naudojimo-taisykles\/"]}]},{"@type":"BreadcrumbList","@id":"https:\/\/lexano.eu\/slapuku-naudojimo-taisykles\/#breadcrumb","itemListElement":[{"@type":"ListItem","position":1,"name":"Home","item":"https:\/\/lexano.eu\/"},{"@type":"ListItem","position":2,"name":"Slapuk\u0173 naudojimo taisykl\u0117s"}]},{"@type":"WebSite","@id":"https:\/\/lexano.eu\/#website","url":"https:\/\/lexano.eu\/","name":"Lexano","description":"Didmenin\u0117 prekyba farmacijos produktais","potentialAction":[{"@type":"SearchAction","target":{"@type":"EntryPoint","urlTemplate":"https:\/\/lexano.eu\/?s={search_term_string}"},"query-input":"required name=search_term_string"}],"inLanguage":"zh-Hans"}]}},"_links":{"self":[{"href":"https:\/\/lexano.eu\/cn\/wp-json\/wp\/v2\/pages\/4721","targetHints":{"allow":["GET"]}}],"collection":[{"href":"https:\/\/lexano.eu\/cn\/wp-json\/wp\/v2\/pages"}],"about":[{"href":"https:\/\/lexano.eu\/cn\/wp-json\/wp\/v2\/types\/page"}],"author":[{"embeddable":true,"href":"https:\/\/lexano.eu\/cn\/wp-json\/wp\/v2\/users\/1"}],"replies":[{"embeddable":true,"href":"https:\/\/lexano.eu\/cn\/wp-json\/wp\/v2\/comments?post=4721"}],"version-history":[{"count":7,"href":"https:\/\/lexano.eu\/cn\/wp-json\/wp\/v2\/pages\/4721\/revisions"}],"predecessor-version":[{"id":4740,"href":"https:\/\/lexano.eu\/cn\/wp-json\/wp\/v2\/pages\/4721\/revisions\/4740"}],"wp:attachment":[{"href":"https:\/\/lexano.eu\/cn\/wp-json\/wp\/v2\/media?parent=4721"}],"curies":[{"name":"wp","href":"https:\/\/api.w.org\/{rel}","templated":true}]}}